{"id":6736,"date":"2023-12-12T15:03:19","date_gmt":"2023-12-12T14:03:19","guid":{"rendered":"https:\/\/antcube.shop\/product\/antcube-arena-30x30x60-mit-schiebetur\/"},"modified":"2026-04-15T13:37:58","modified_gmt":"2026-04-15T11:37:58","slug":"antcube-arena-30x30x60-s-posuvnymi-dvermi","status":"publish","type":"product","link":"https:\/\/antcube.shop\/cs\/produkt\/antcube-arena-30x30x60-s-posuvnymi-dvermi\/","title":{"rendered":"ANTCUBE Arena 30x30x60 s posuvn\u00fdmi dve\u0159mi"},"content":{"rendered":"<p><span data-text-color=\"alert\"><strong>Doprava je mo\u017en\u00e1 pouze prost\u0159ednictv\u00edm p\u0159eposl\u00e1n\u00ed na palet\u011b.<\/strong><\/span><\/p>\n<p>ANTCUBE Arena 30x30x60 cm s posuvn\u00fdmi dve\u0159mi a 2x 50mm otvorem.<\/p>\n<p><strong>Rozm\u011bry:<\/strong> 300 x 300 x 600 mm; tlou\u0161\u0165ka skla 4 mm.<br \/>\n<strong>Materi\u00e1l:<\/strong> floatov\u00e9 sklo<br \/>\n<strong>P\u0159ipojen\u00ed:<\/strong> 2x otvor 50 mm<\/p>\n<p><strong>P\u0159edn\u00ed otev\u00edr\u00e1n\u00ed (posuvn\u00e9 dve\u0159e):<\/strong> 150 \u00d7 200 mm<\/p>\n<p><strong>Popis:<\/strong> N\u00e1\u0161 ANTCUBE Arena 30x30x60 s posuvn\u00fdmi dve\u0159mi je navr\u017een tak, aby se s n\u00edm pohodln\u011b pracovalo i v pln\u00fdch formik\u00e1ri\u00edch. Jsou obzvl\u00e1\u0161t\u011b u\u017eite\u010dn\u00e9 jako formik\u00e1rium pro mravence tkalce (Polyrhachis a Oeacophylla), proto\u017ee se r\u00e1di stav\u00ed do v\u00fd\u0161ky nebo pot\u0159ebuj\u00ed hostitelskou rostlinu. V na\u0161ich b\u011b\u017en\u00fdch ar\u00e9n\u00e1ch o rozm\u011brech 30x30x60 m\u016f\u017ee b\u00fdt obt\u00ed\u017en\u00e9 odstranit nap\u0159\u00edklad odpad zv\u00ed\u0159at na dn\u011b formik\u00e1ria. V t\u00e9to speci\u00e1ln\u011b upraven\u00e9 n\u00e1dr\u017ei to ji\u017e nen\u00ed probl\u00e9m. Tak\u00e9 pro krmn\u00e9 misky mravenc\u016f listonoh\u016f Acromyrmex nebo Atta jsou posuvn\u00e1 dv\u00ed\u0159ka velmi praktick\u00e1, proto\u017ee zbytky rostlin a dal\u0161\u00ed odpad lze pohodln\u011b odstranit. Krom\u011b toho lze pou\u017e\u00edt samostatn\u011b dod\u00e1van\u00fd r\u00e1m posuvn\u00fdch dv\u00ed\u0159ek (\u010d. v\u00fdr. 1005648), kter\u00fd zabra\u0148uje \u00faniku zv\u00ed\u0159at p\u0159i pr\u00e1ci. Pro b\u011b\u017en\u00e9 horn\u00ed otev\u00edr\u00e1n\u00ed jsou samostatn\u011b k dispozici tak\u00e9 ochrann\u00fd r\u00e1m proti vylomen\u00ed 30\u00d730 a kryt ar\u00e9ny 30\u00d730.<\/p>\n<p><strong>Pozn\u00e1mka:<\/strong> Sklo je brou\u0161eno podle normy DIN 1249 s toleranc\u00ed +\/- 1 mm. U extr\u00e9mn\u011b mal\u00fdch druh\u016f mravenc\u016f je nezbytn\u00e1 dodate\u010dn\u00e1 ochrana proti vylomen\u00ed.<\/p>","protected":false},"excerpt":{"rendered":"<p><strong>P\u0159ipojen\u00ed:<\/strong> 2x otvor 50 mm<\/p>","protected":false},"featured_media":6727,"comment_status":"open","ping_status":"closed","template":"","meta":{"_acf_changed":false,"content-type":"","_monsterinsights_skip_tracking":false,"_monsterinsights_sitenote_active":false,"_monsterinsights_sitenote_note":"","_monsterinsights_sitenote_category":0},"product_brand":[],"product_cat":[85,86],"product_tag":[],"class_list":{"0":"post-6736","1":"product","2":"type-product","3":"status-publish","4":"has-post-thumbnail","6":"product_cat-ant-arenas","7":"product_cat-formicariums","8":"product_shipping_class-forwarding-on-pallet","10":"first","11":"instock","12":"taxable","13":"shipping-taxable","14":"purchasable","15":"product-type-simple"},"acf":[],"aioseo_notices":[],"jetpack_sharing_enabled":true,"_links":{"self":[{"href":"https:\/\/antcube.shop\/cs\/wp-json\/wp\/v2\/product\/6736","targetHints":{"allow":["GET"]}}],"collection":[{"href":"https:\/\/antcube.shop\/cs\/wp-json\/wp\/v2\/product"}],"about":[{"href":"https:\/\/antcube.shop\/cs\/wp-json\/wp\/v2\/types\/product"}],"replies":[{"embeddable":true,"href":"https:\/\/antcube.shop\/cs\/wp-json\/wp\/v2\/comments?post=6736"}],"wp:featuredmedia":[{"embeddable":true,"href":"https:\/\/antcube.shop\/cs\/wp-json\/wp\/v2\/media\/6727"}],"wp:attachment":[{"href":"https:\/\/antcube.shop\/cs\/wp-json\/wp\/v2\/media?parent=6736"}],"wp:term":[{"taxonomy":"product_brand","embeddable":true,"href":"https:\/\/antcube.shop\/cs\/wp-json\/wp\/v2\/product_brand?post=6736"},{"taxonomy":"product_cat","embeddable":true,"href":"https:\/\/antcube.shop\/cs\/wp-json\/wp\/v2\/product_cat?post=6736"},{"taxonomy":"product_tag","embeddable":true,"href":"https:\/\/antcube.shop\/cs\/wp-json\/wp\/v2\/product_tag?post=6736"}],"curies":[{"name":"wp","href":"https:\/\/api.w.org\/{rel}","templated":true}]}}