{"id":6668,"date":"2023-12-05T14:03:20","date_gmt":"2023-12-05T13:03:20","guid":{"rendered":"https:\/\/antcube.shop\/product\/arena-hochstand-20x20cm\/"},"modified":"2026-04-20T09:57:46","modified_gmt":"2026-04-20T07:57:46","slug":"arena-vysoky-stojan-20x20cm","status":"publish","type":"product","link":"https:\/\/antcube.shop\/cs\/produkt\/arena-vysoky-stojan-20x20cm\/","title":{"rendered":"Ar\u00e9na vysok\u00fd stojan 20x20cm"},"content":{"rendered":"<div class=\"tab-body active\">\n<p><strong>Rozm\u011bry:<\/strong> 20x20x10<\/p>\n<p><strong>Materi\u00e1l: <\/strong>PMMA<\/p>\n<p><strong>Barva: <\/strong>k\u0159i\u0161\u0165\u00e1lov\u011b \u010dist\u00fd, pr\u016fsvitn\u00fd, pr\u016fhledn\u00fd<\/p>\n<p><strong>Obsah:<\/strong><br \/>\n4x vysok\u00e1 z\u00e1kladna stojanu<br \/>\n2x p\u0159edn\u00ed a zadn\u00ed strana s logem<br \/>\n2x bo\u010dn\u00ed d\u00edl bez loga<\/p>\n<p><strong>Pozn\u00e1mka:<\/strong> D\u00edly se dod\u00e1vaj\u00ed jako stavebnice nebo z\u00e1suvn\u00fd syst\u00e9m. Lepen\u00ed nen\u00ed nutn\u00e9.<\/p>\n<p><span data-text-color=\"alert\"><strong>POZOR:<\/strong><\/span> D\u00edly sestavujte opatrn\u011b, proto\u017ee n\u011bkter\u00e9 spoje jsou citliv\u00e9.<\/p>\n<p><strong>Popis:<\/strong> Vysok\u00fd stojan pro mraveni\u0161t\u011b byl vyvinut tak, aby bylo mo\u017en\u00e9 um\u00edstit mraveni\u0161t\u011b ANTCUBE do v\u00fd\u0161ky, kter\u00e1 odpov\u00edd\u00e1 v\u00fd\u0161ce p\u0159ipojen\u00ed mraveni\u0161\u0165. D\u00edky tomu je mo\u017en\u00e9 pou\u017e\u00edvat formik\u00e1rium mnohem prostorov\u011b \u00fasporn\u011bj\u0161\u00edm zp\u016fsobem s krat\u0161\u00edm kusem trubky jako spojkou mezi mraveni\u0161t\u011bm a mraveni\u0161t\u011bm. Umo\u017e\u0148uje to tak\u00e9 pou\u017e\u00edt na\u0161e k\u0159i\u0161\u0165\u00e1lov\u011b \u010dist\u00e9 akryl\u00e1tov\u00e9 mraven\u010d\u00ed trubky jako spojen\u00ed bez nutnosti pracovat s koleny.<\/p>\n<p><strong>Pou\u017eit\u00ed:<\/strong> pro mraveni\u0161t\u011b s <strong>podlahov\u00e1 plocha 20x20cm<\/strong><\/p>\n<\/div>","protected":false},"excerpt":{"rendered":"<p>Pro mraveni\u0161t\u011b s podlahovou plochou 20x20 cm<\/p>","protected":false},"featured_media":6586,"comment_status":"open","ping_status":"closed","template":"","meta":{"_acf_changed":false,"content-type":"","_monsterinsights_skip_tracking":false,"_monsterinsights_sitenote_active":false,"_monsterinsights_sitenote_note":"","_monsterinsights_sitenote_category":0},"product_brand":[],"product_cat":[119,239],"product_tag":[],"class_list":{"0":"post-6668","1":"product","2":"type-product","3":"status-publish","4":"has-post-thumbnail","6":"product_cat-formicarium-components","7":"product_cat-useful-additions","9":"first","10":"instock","11":"taxable","12":"shipping-taxable","13":"purchasable","14":"product-type-simple"},"acf":[],"aioseo_notices":[],"jetpack_sharing_enabled":true,"_links":{"self":[{"href":"https:\/\/antcube.shop\/cs\/wp-json\/wp\/v2\/product\/6668","targetHints":{"allow":["GET"]}}],"collection":[{"href":"https:\/\/antcube.shop\/cs\/wp-json\/wp\/v2\/product"}],"about":[{"href":"https:\/\/antcube.shop\/cs\/wp-json\/wp\/v2\/types\/product"}],"replies":[{"embeddable":true,"href":"https:\/\/antcube.shop\/cs\/wp-json\/wp\/v2\/comments?post=6668"}],"wp:featuredmedia":[{"embeddable":true,"href":"https:\/\/antcube.shop\/cs\/wp-json\/wp\/v2\/media\/6586"}],"wp:attachment":[{"href":"https:\/\/antcube.shop\/cs\/wp-json\/wp\/v2\/media?parent=6668"}],"wp:term":[{"taxonomy":"product_brand","embeddable":true,"href":"https:\/\/antcube.shop\/cs\/wp-json\/wp\/v2\/product_brand?post=6668"},{"taxonomy":"product_cat","embeddable":true,"href":"https:\/\/antcube.shop\/cs\/wp-json\/wp\/v2\/product_cat?post=6668"},{"taxonomy":"product_tag","embeddable":true,"href":"https:\/\/antcube.shop\/cs\/wp-json\/wp\/v2\/product_tag?post=6668"}],"curies":[{"name":"wp","href":"https:\/\/api.w.org\/{rel}","templated":true}]}}