{"id":6631,"date":"2023-12-04T15:12:05","date_gmt":"2023-12-04T14:12:05","guid":{"rendered":"https:\/\/antcube.shop\/product\/klebeklammern-transparent-2-stk\/"},"modified":"2026-04-08T04:11:17","modified_gmt":"2026-04-08T02:11:17","slug":"samolepici-klipy-transparentni-2-ks-2","status":"publish","type":"product","link":"https:\/\/antcube.shop\/cs\/produkt\/samolepici-klipy-transparentni-2-ks-2\/","title":{"rendered":"Samolepic\u00ed klipy - pr\u016fhledn\u00e9 2 ks."},"content":{"rendered":"<p><strong>Rozm\u011bry:<\/strong> 24 x 13 mm<br \/>\n<strong>Materi\u00e1l:<\/strong> Akryl<br \/>\n<strong>Mno\u017estv\u00ed:<\/strong> 2 kusy<\/p>\n<p><strong>Popis:<\/strong> Pr\u016fhledn\u00e9 plastov\u00e9 klipy s lepiv\u00fdm povrchem. Ide\u00e1ln\u00ed pro p\u0159ipevn\u011bn\u00ed na\u0161ich \u010derven\u00fdch f\u00f3li\u00ed a topn\u00fdch roho\u017e\u00ed na p\u0159edn\u00ed nebo zadn\u00ed stranu na\u0161ich mraveni\u0161\u0165. Vyh\u0159\u00edvac\u00ed roho\u017ee tak nemus\u00ed b\u00fdt pevn\u011b p\u0159ilepeny k zadn\u00ed \u010d\u00e1sti mraveni\u0161t\u011b a lze je p\u0159ipevnit podle pot\u0159eby. D\u00edky pr\u016fhledn\u00e9mu materi\u00e1lu nedoch\u00e1z\u00ed k naru\u0161en\u00ed optiky.<\/p>\n<p><strong>Barva:<\/strong> transparentn\u00ed<\/p>","protected":false},"excerpt":{"rendered":"<p>Rozm\u011bry: Materi\u00e1l: 24 x 13 mm: Materi\u00e1l: akryl Mno\u017estv\u00ed: 2 kusy Popis: Pr\u016fhledn\u00e9 plastov\u00e9 klipy s lep\u00edc\u00edm povrchem. Ide\u00e1ln\u00ed pro p\u0159ipevn\u011bn\u00ed na\u0161ich \u010derven\u00fdch f\u00f3li\u00ed a topn\u00fdch roho\u017e\u00ed na p\u0159edn\u00ed nebo zadn\u00ed stranu na\u0161ich mraveni\u0161\u0165. Vyh\u0159\u00edvac\u00ed roho\u017ee tak nemus\u00ed b\u00fdt pevn\u011b p\u0159ilepeny k zadn\u00ed \u010d\u00e1sti mraveni\u0161t\u011b a mohou b\u00fdt","protected":false},"featured_media":6628,"comment_status":"open","ping_status":"closed","template":"","meta":{"_acf_changed":false,"content-type":"","_monsterinsights_skip_tracking":false,"_monsterinsights_sitenote_active":false,"_monsterinsights_sitenote_note":"","_monsterinsights_sitenote_category":0},"product_brand":[],"product_cat":[359,119,239],"product_tag":[],"class_list":{"0":"post-6631","1":"product","2":"type-product","3":"status-publish","4":"has-post-thumbnail","6":"product_cat-light-heat-humidity","7":"product_cat-formicarium-components","8":"product_cat-useful-additions","10":"first","11":"instock","12":"taxable","13":"shipping-taxable","14":"purchasable","15":"product-type-simple"},"acf":[],"aioseo_notices":[],"jetpack_sharing_enabled":true,"_links":{"self":[{"href":"https:\/\/antcube.shop\/cs\/wp-json\/wp\/v2\/product\/6631","targetHints":{"allow":["GET"]}}],"collection":[{"href":"https:\/\/antcube.shop\/cs\/wp-json\/wp\/v2\/product"}],"about":[{"href":"https:\/\/antcube.shop\/cs\/wp-json\/wp\/v2\/types\/product"}],"replies":[{"embeddable":true,"href":"https:\/\/antcube.shop\/cs\/wp-json\/wp\/v2\/comments?post=6631"}],"wp:featuredmedia":[{"embeddable":true,"href":"https:\/\/antcube.shop\/cs\/wp-json\/wp\/v2\/media\/6628"}],"wp:attachment":[{"href":"https:\/\/antcube.shop\/cs\/wp-json\/wp\/v2\/media?parent=6631"}],"wp:term":[{"taxonomy":"product_brand","embeddable":true,"href":"https:\/\/antcube.shop\/cs\/wp-json\/wp\/v2\/product_brand?post=6631"},{"taxonomy":"product_cat","embeddable":true,"href":"https:\/\/antcube.shop\/cs\/wp-json\/wp\/v2\/product_cat?post=6631"},{"taxonomy":"product_tag","embeddable":true,"href":"https:\/\/antcube.shop\/cs\/wp-json\/wp\/v2\/product_tag?post=6631"}],"curies":[{"name":"wp","href":"https:\/\/api.w.org\/{rel}","templated":true}]}}