{"id":6581,"date":"2023-12-04T13:54:37","date_gmt":"2023-12-04T12:54:37","guid":{"rendered":"https:\/\/antcube.shop\/product\/humidity-control-ii-timer\/"},"modified":"2026-04-02T12:12:11","modified_gmt":"2026-04-02T10:12:11","slug":"casovac-regulace-vlhkosti-ii","status":"publish","type":"product","link":"https:\/\/antcube.shop\/cs\/produkt\/casovac-regulace-vlhkosti-ii\/","title":{"rendered":"Regulace vlhkosti II + \u010dasova\u010d"},"content":{"rendered":"<p><strong>Popis:<\/strong> Humidity Control 2 je digit\u00e1ln\u00ed hygrostat, kter\u00fd za bezkonkuren\u010dn\u00ed cenu neponech\u00e1v\u00e1 nic n\u00e1hod\u011b.<br \/>\nM\u00e1 dva okruhy, kter\u00e9 umo\u017e\u0148uj\u00ed r\u016fzn\u00e9 nastaven\u00ed pro den a noc. V za\u0159\u00edzen\u00ed jsou integrov\u00e1ny hodiny re\u00e1ln\u00e9ho \u010dasu, tak\u017ee p\u0159ep\u00edn\u00e1n\u00ed mezi dnem a noc\u00ed se prov\u00e1d\u00ed flexibiln\u011b pomoc\u00ed \u010dasu. Integrov\u00e1n je tak\u00e9 \u010dasova\u010d, kter\u00fd umo\u017e\u0148uje nastavit dva \u010dasy zapnut\u00ed a vypnut\u00ed prost\u0159ednictv\u00edm hodin. Nejmen\u0161\u00ed \u010dasov\u00fd \u00fasek je jedna minuta.<br \/>\nMezi dal\u0161\u00ed funkce pat\u0159\u00ed funkce alarmu (vizu\u00e1ln\u00ed a akustick\u00fd), mo\u017enost p\u0159epnut\u00ed z re\u017eimu zvlh\u010dova\u010de do re\u017eimu odvlh\u010dova\u010de, nap\u0159. pro pou\u017eit\u00ed s ventil\u00e1tory, a mo\u017enost ovlivnit re\u017eim p\u0159ep\u00edn\u00e1n\u00ed hygrostatu. M\u016f\u017eete definovat odchylku, p\u0159i kter\u00e9 hygrostat sp\u00edn\u00e1. Zde m\u016f\u017eete nap\u0159\u00edklad zvolit hodnotu 15, tj. zvlh\u010dova\u010d se zapne pouze tehdy, kdy\u017e je nam\u011b\u0159en\u00e1 vlhkost 15% ni\u017e\u0161\u00ed ne\u017e nastaven\u00e1 hodnota. To m\u016f\u017ee b\u00fdt u\u017eite\u010dn\u00e9, aby se zabr\u00e1nilo neust\u00e1l\u00e9mu zap\u00edn\u00e1n\u00ed a vyp\u00edn\u00e1n\u00ed zvlh\u010dova\u010de, proto\u017ee vlhkost v p\u0159\u00edrod\u011b tak\u00e9 kol\u00eds\u00e1.<br \/>\nZa\u0159\u00edzen\u00ed se p\u0159ipojuj\u00ed pomoc\u00ed spojek Schuko. Maxim\u00e1ln\u00ed sp\u00ednac\u00ed v\u00fdkon je 1000 W. Na displeji se neust\u00e1le zobrazuje nam\u011b\u0159en\u00e1 vlhkost. Rozsah je 1 a\u017e 99%.<\/p>\n<p>- Dva okruhy pro r\u016fzn\u00e9 nastaven\u00ed vlhkosti ve dne a v noci<br \/>\n- Hodiny re\u00e1ln\u00e9ho \u010dasu, denn\u00ed \u010dasy jsou definov\u00e1ny \u010dasem<br \/>\n- Integrovan\u00fd \u010dasova\u010d<br \/>\n- Trval\u00fd ukazatel vlhkosti<br \/>\n- Za\u0159\u00edzen\u00ed lze p\u0159ep\u00ednat mezi zvlh\u010dov\u00e1n\u00edm a odvlh\u010dov\u00e1n\u00edm.<br \/>\n- Funkce alarmu v p\u0159\u00edpad\u011b odchylky (nastaviteln\u00e1 mezi 1% a 50% relativn\u00ed vlhkosti)<br \/>\n- P\u0159esn\u00fd d\u00e1lkov\u00fd senzor<br \/>\n- Uzemn\u011bn\u00e9 z\u00e1suvky<br \/>\n- Sp\u00ednac\u00ed kapacita max. 1000<\/p>","protected":false},"excerpt":{"rendered":"<p>Popis: Vlhkostn\u00ed regul\u00e1tor 2 je digit\u00e1ln\u00ed hygrostat, kter\u00fd za bezprecedentn\u00ed cenu neponech\u00e1v\u00e1 nic n\u00e1hod\u011b. M\u00e1 dva okruhy, kter\u00e9 umo\u017e\u0148uj\u00ed r\u016fzn\u00e9 nastaven\u00ed pro den a noc. V p\u0159\u00edstroji jsou integrov\u00e1ny hodiny re\u00e1ln\u00e9ho \u010dasu, tak\u017ee p\u0159ep\u00edn\u00e1n\u00ed mezi dnem a noc\u00ed se prov\u00e1d\u00ed flexibiln\u011b prost\u0159ednictv\u00edm \u010dasu. \u010casova\u010d je","protected":false},"featured_media":6602,"comment_status":"open","ping_status":"closed","template":"","meta":{"_acf_changed":false,"content-type":"","_monsterinsights_skip_tracking":false,"_monsterinsights_sitenote_active":false,"_monsterinsights_sitenote_note":"","_monsterinsights_sitenote_category":0},"product_brand":[],"product_cat":[359,119],"product_tag":[],"class_list":{"0":"post-6581","1":"product","2":"type-product","3":"status-publish","4":"has-post-thumbnail","6":"product_cat-light-heat-humidity","7":"product_cat-formicarium-components","9":"first","10":"instock","11":"taxable","12":"shipping-taxable","13":"purchasable","14":"product-type-simple"},"acf":[],"aioseo_notices":[],"jetpack_sharing_enabled":true,"_links":{"self":[{"href":"https:\/\/antcube.shop\/cs\/wp-json\/wp\/v2\/product\/6581","targetHints":{"allow":["GET"]}}],"collection":[{"href":"https:\/\/antcube.shop\/cs\/wp-json\/wp\/v2\/product"}],"about":[{"href":"https:\/\/antcube.shop\/cs\/wp-json\/wp\/v2\/types\/product"}],"replies":[{"embeddable":true,"href":"https:\/\/antcube.shop\/cs\/wp-json\/wp\/v2\/comments?post=6581"}],"wp:featuredmedia":[{"embeddable":true,"href":"https:\/\/antcube.shop\/cs\/wp-json\/wp\/v2\/media\/6602"}],"wp:attachment":[{"href":"https:\/\/antcube.shop\/cs\/wp-json\/wp\/v2\/media?parent=6581"}],"wp:term":[{"taxonomy":"product_brand","embeddable":true,"href":"https:\/\/antcube.shop\/cs\/wp-json\/wp\/v2\/product_brand?post=6581"},{"taxonomy":"product_cat","embeddable":true,"href":"https:\/\/antcube.shop\/cs\/wp-json\/wp\/v2\/product_cat?post=6581"},{"taxonomy":"product_tag","embeddable":true,"href":"https:\/\/antcube.shop\/cs\/wp-json\/wp\/v2\/product_tag?post=6581"}],"curies":[{"name":"wp","href":"https:\/\/api.w.org\/{rel}","templated":true}]}}