{"id":6580,"date":"2023-12-04T13:54:31","date_gmt":"2023-12-04T12:54:31","guid":{"rendered":"https:\/\/antcube.shop\/product\/thermo-control-pro-ii\/"},"modified":"2026-04-14T09:35:30","modified_gmt":"2026-04-14T07:35:30","slug":"thermo-control-pro-ii","status":"publish","type":"product","link":"https:\/\/antcube.shop\/cs\/produkt\/thermo-control-pro-ii\/","title":{"rendered":"Thermo Control Pro II"},"content":{"rendered":"<p><strong>Popis:<\/strong> Thermo Control PRO II je dal\u0161\u00edm v\u00fdvojem Thermo Control II. Hlavn\u00edmi rozd\u00edly jsou hodiny re\u00e1ln\u00e9ho \u010dasu a dva teplotn\u00ed okruhy, tak\u017ee lze nastavit r\u016fzn\u00e9 teploty pro den a noc. P\u0159ep\u00edn\u00e1n\u00ed mezi denn\u00edm a no\u010dn\u00edm provozem je \u0159\u00edzeno \u010dasem.<br \/>\nNa rozd\u00edl od modelu Thermo Control II lze u tohoto modelu nastavit \u010das v jednotk\u00e1ch minut. K dispozici jsou dva mo\u017en\u00e9 \u010dasy zapnut\u00ed\/vypnut\u00ed.<br \/>\nKrom\u011b toho lze za\u0159\u00edzen\u00ed p\u0159ep\u00ednat mezi re\u017eimem vyt\u00e1p\u011bn\u00ed a chlazen\u00ed, nap\u0159. pro provoz ventil\u00e1tor\u016f. Po dosa\u017een\u00ed nastaven\u00e9 teploty se termostat m\u00edsto vypnut\u00ed zapne.<br \/>\nMaxim\u00e1ln\u00ed sp\u00ednac\u00ed v\u00fdkon je 1000 W. Teplotn\u00ed rozsah 0-50 \u00b0C.<\/p>\n<p>- Dva sp\u00ednac\u00ed okruhy pro r\u016fzn\u00e1 denn\u00ed a no\u010dn\u00ed nastaven\u00ed<br \/>\n- Hodiny re\u00e1ln\u00e9ho \u010dasu, denn\u00ed \u010dasy jsou definov\u00e1ny \u010dasem<br \/>\n- Integrovan\u00fd \u010dasova\u010d<br \/>\n- Trval\u00e9 zobrazen\u00ed teploty<br \/>\n- Mo\u017enost p\u0159ep\u00edn\u00e1n\u00ed mezi re\u017eimem vyt\u00e1p\u011bn\u00ed a chlazen\u00ed<br \/>\n- Funkce alarmu v p\u0159\u00edpad\u011b odchylky (nastaviteln\u00e1 v rozmez\u00ed 1 \u00b0C a\u017e 15 \u00b0C)<br \/>\n- 2m dlouh\u00fd d\u00e1lkov\u00fd senzor, vhodn\u00fd i pro akv\u00e1ria<br \/>\n- Uzemn\u011bn\u00e9 z\u00e1suvky<br \/>\n- Sp\u00ednac\u00ed kapacita max. 1000 watt\u016f<\/p>\n<p>- Doporu\u010duje se pou\u017e\u00edvat s topn\u00fdmi roho\u017eemi, topn\u00fdmi kabely, topn\u00fdmi kameny a keramick\u00fdmi s\u00e1lav\u00fdmi topidly, aby se zabr\u00e1nilo p\u0159eh\u0159\u00e1t\u00ed ter\u00e1ria.<\/p>\n<p><strong>Webov\u00fd odkaz:<\/strong> http:\/\/www.antstore.net\/viewtopic.php?f=18&amp;p=108893<\/p>","protected":false},"excerpt":{"rendered":"<p>Popis: Thermo Control PRO II je dal\u0161\u00edm v\u00fdvojem Thermo Control II. Hlavn\u00edmi rozd\u00edly jsou hodiny re\u00e1ln\u00e9ho \u010dasu a dva teplotn\u00ed okruhy, tak\u017ee lze nastavit r\u016fzn\u00e9 teploty pro den a noc. P\u0159ep\u00edn\u00e1n\u00ed mezi denn\u00edm a no\u010dn\u00edm provozem je \u0159\u00edzeno \u010dasem. Na rozd\u00edl od syst\u00e9mu Thermo Control II lze \u010das nastavit.","protected":false},"featured_media":6600,"comment_status":"open","ping_status":"closed","template":"","meta":{"_acf_changed":false,"content-type":"","_monsterinsights_skip_tracking":false,"_monsterinsights_sitenote_active":false,"_monsterinsights_sitenote_note":"","_monsterinsights_sitenote_category":0},"product_brand":[],"product_cat":[359,119],"product_tag":[],"class_list":{"0":"post-6580","1":"product","2":"type-product","3":"status-publish","4":"has-post-thumbnail","6":"product_cat-light-heat-humidity","7":"product_cat-formicarium-components","9":"first","10":"instock","11":"taxable","12":"shipping-taxable","13":"purchasable","14":"product-type-simple"},"acf":[],"aioseo_notices":[],"jetpack_sharing_enabled":true,"_links":{"self":[{"href":"https:\/\/antcube.shop\/cs\/wp-json\/wp\/v2\/product\/6580","targetHints":{"allow":["GET"]}}],"collection":[{"href":"https:\/\/antcube.shop\/cs\/wp-json\/wp\/v2\/product"}],"about":[{"href":"https:\/\/antcube.shop\/cs\/wp-json\/wp\/v2\/types\/product"}],"replies":[{"embeddable":true,"href":"https:\/\/antcube.shop\/cs\/wp-json\/wp\/v2\/comments?post=6580"}],"wp:featuredmedia":[{"embeddable":true,"href":"https:\/\/antcube.shop\/cs\/wp-json\/wp\/v2\/media\/6600"}],"wp:attachment":[{"href":"https:\/\/antcube.shop\/cs\/wp-json\/wp\/v2\/media?parent=6580"}],"wp:term":[{"taxonomy":"product_brand","embeddable":true,"href":"https:\/\/antcube.shop\/cs\/wp-json\/wp\/v2\/product_brand?post=6580"},{"taxonomy":"product_cat","embeddable":true,"href":"https:\/\/antcube.shop\/cs\/wp-json\/wp\/v2\/product_cat?post=6580"},{"taxonomy":"product_tag","embeddable":true,"href":"https:\/\/antcube.shop\/cs\/wp-json\/wp\/v2\/product_tag?post=6580"}],"curies":[{"name":"wp","href":"https:\/\/api.w.org\/{rel}","templated":true}]}}