{"id":6579,"date":"2023-12-04T13:54:25","date_gmt":"2023-12-04T12:54:25","guid":{"rendered":"https:\/\/antcube.shop\/product\/thermo-control-ii-timer\/"},"modified":"2026-04-09T15:04:50","modified_gmt":"2026-04-09T13:04:50","slug":"casovac-thermo-control-ii","status":"publish","type":"product","link":"https:\/\/antcube.shop\/cs\/produkt\/casovac-thermo-control-ii\/","title":{"rendered":"Thermo Control II + \u010dasova\u010d"},"content":{"rendered":"<p><strong>Popis:<\/strong> N\u00e1stupce obl\u00edben\u00fdch termostat\u016f Thermo Control p\u0159ipom\u00edn\u00e1 z\u00e1kladn\u00ed model pouze cenou.<br \/>\nThermo Control 2 je digit\u00e1ln\u00ed termostat s teplotn\u00edm rozsahem 0-50 \u00b0C. D\u00edky zobrazen\u00ed konstantn\u00ed teploty funguje tak\u00e9 jako teplom\u011br.<br \/>\nOh\u0159\u00edva\u010de s maxim\u00e1ln\u00edm celkov\u00fdm v\u00fdkonem 1200 W lze p\u0159ipojit pomoc\u00ed spojky Schuko. Dal\u0161\u00ed spojka Schuko se ovl\u00e1d\u00e1 pomoc\u00ed integrovan\u00e9 funkce \u010dasova\u010de, kterou lze pou\u017e\u00edt nap\u0159\u00edklad k nastaven\u00ed provozn\u00ed doby osv\u011btlen\u00ed nebo ventil\u00e1tor\u016f. \u010cidlo je vhodn\u00e9 pro m\u011b\u0159en\u00ed ve vzduchu a ve vod\u011b a k termostatu se p\u0159ipojuje kabelem, stejn\u011b jako spojka a nap\u00e1jec\u00ed jednotka.<br \/>\nKrom\u011b toho je Thermo Control 2 vybaven funkc\u00ed alarmu, kter\u00e1 vyd\u00e1v\u00e1 vizu\u00e1ln\u00ed a akustick\u00e9 varov\u00e1n\u00ed, pokud teplota p\u0159ekro\u010d\u00ed nebo klesne pod po\u017eadovanou teplotu (hodnoty lze nastavit v rozmez\u00ed 1 \u00b0C a\u017e 5 \u00b0C).<br \/>\nZa\u0159\u00edzen\u00ed, kter\u00e9 by nem\u011blo chyb\u011bt v \u017e\u00e1dn\u00e9m ter\u00e1riu!<\/p>\n<p>- se samostatn\u011b pou\u017eiteln\u00fdm \u010dasova\u010dem, nap\u0159. pro osv\u011btlen\u00ed nebo v\u011btr\u00e1n\u00ed<br \/>\n- Funkce alarmu v p\u0159\u00edpad\u011b odchylky teploty (nastaviteln\u00e1 v rozmez\u00ed 1\u00b0C a\u017e 5\u00b0C)<br \/>\n- Zobrazen\u00ed nam\u011b\u0159en\u00e9 teploty<br \/>\n- 2m dlouh\u00fd d\u00e1lkov\u00fd senzor, vhodn\u00fd i pro akv\u00e1ria<br \/>\n- Uzemn\u011bn\u00e9 z\u00e1suvky<br \/>\n- Sp\u00ednac\u00ed v\u00fdkon 1200 W<\/p>\n<p>- Doporu\u010duje se pou\u017e\u00edvat s topn\u00fdmi roho\u017eemi, topn\u00fdmi kabely, topn\u00fdmi kameny a keramick\u00fdmi s\u00e1lav\u00fdmi topidly, aby se zabr\u00e1nilo p\u0159eh\u0159\u00e1t\u00ed ter\u00e1ria.<\/p>\n<p><strong>Webov\u00fd odkaz:<\/strong> http:\/\/www.antstore.net\/viewtopic.php?f=18&amp;p=108893<\/p>","protected":false},"excerpt":{"rendered":"<p>Popis: U n\u00e1stupce obl\u00edben\u00fdch termostat\u016f Thermo Control p\u0159ipom\u00edn\u00e1 z\u00e1kladn\u00ed model pouze cena. Thermo Control 2 je digit\u00e1ln\u00ed termostat s teplotn\u00edm rozsahem 0-50 \u00b0C. D\u00edky zobrazen\u00ed konstantn\u00ed teploty funguje tak\u00e9 jako teplom\u011br. Oh\u0159\u00edva\u010de s maxim\u00e1ln\u00edm celkov\u00fdm v\u00fdkonem 1200 W mohou","protected":false},"featured_media":6598,"comment_status":"open","ping_status":"closed","template":"","meta":{"_acf_changed":false,"content-type":"","_monsterinsights_skip_tracking":false,"_monsterinsights_sitenote_active":false,"_monsterinsights_sitenote_note":"","_monsterinsights_sitenote_category":0},"product_brand":[],"product_cat":[359,119],"product_tag":[],"class_list":{"0":"post-6579","1":"product","2":"type-product","3":"status-publish","4":"has-post-thumbnail","6":"product_cat-light-heat-humidity","7":"product_cat-formicarium-components","9":"first","10":"instock","11":"taxable","12":"shipping-taxable","13":"purchasable","14":"product-type-simple"},"acf":[],"aioseo_notices":[],"jetpack_sharing_enabled":true,"_links":{"self":[{"href":"https:\/\/antcube.shop\/cs\/wp-json\/wp\/v2\/product\/6579","targetHints":{"allow":["GET"]}}],"collection":[{"href":"https:\/\/antcube.shop\/cs\/wp-json\/wp\/v2\/product"}],"about":[{"href":"https:\/\/antcube.shop\/cs\/wp-json\/wp\/v2\/types\/product"}],"replies":[{"embeddable":true,"href":"https:\/\/antcube.shop\/cs\/wp-json\/wp\/v2\/comments?post=6579"}],"wp:featuredmedia":[{"embeddable":true,"href":"https:\/\/antcube.shop\/cs\/wp-json\/wp\/v2\/media\/6598"}],"wp:attachment":[{"href":"https:\/\/antcube.shop\/cs\/wp-json\/wp\/v2\/media?parent=6579"}],"wp:term":[{"taxonomy":"product_brand","embeddable":true,"href":"https:\/\/antcube.shop\/cs\/wp-json\/wp\/v2\/product_brand?post=6579"},{"taxonomy":"product_cat","embeddable":true,"href":"https:\/\/antcube.shop\/cs\/wp-json\/wp\/v2\/product_cat?post=6579"},{"taxonomy":"product_tag","embeddable":true,"href":"https:\/\/antcube.shop\/cs\/wp-json\/wp\/v2\/product_tag?post=6579"}],"curies":[{"name":"wp","href":"https:\/\/api.w.org\/{rel}","templated":true}]}}