{"id":6578,"date":"2023-12-04T13:54:19","date_gmt":"2023-12-04T12:54:19","guid":{"rendered":"https:\/\/antcube.shop\/product\/mini-thermo-hygrometer-digital-weis-selbstklebend\/"},"modified":"2026-04-04T11:44:15","modified_gmt":"2026-04-04T09:44:15","slug":"mini-teplomer-digitalni-bily-samolepici","status":"publish","type":"product","link":"https:\/\/antcube.shop\/cs\/produkt\/mini-teplomer-digitalni-bily-samolepici\/","title":{"rendered":"Mini termohygrometr digit\u00e1ln\u00ed - b\u00edl\u00fd - samolepic\u00ed"},"content":{"rendered":"<p><strong>Rozsah m\u011b\u0159en\u00ed:<\/strong> -10 a\u017e +60 \u00b0C \/ 10% a\u017e 99%<\/p>\n<p><strong>Rozm\u011bry:<\/strong> 52 x39x15 mm<\/p>\n<p><strong>Popis:<\/strong><br \/>\nS funkc\u00ed max\/mini, se stoj\u00e1nkem, v\u010detn\u011b knofl\u00edkov\u00e9 baterie LR 44.<\/p>\n<p><strong>Pozn\u00e1mka:<\/strong><br \/>\nPro dosa\u017een\u00ed co nejp\u0159esn\u011bj\u0161\u00edch v\u00fdsledk\u016f m\u011b\u0159en\u00ed je d\u016fle\u017eit\u00e9, aby zadn\u00ed v\u011btrac\u00ed otvory nebyly blokov\u00e1ny mont\u00e1\u017e\u00ed!<br \/>\nP\u0159i p\u0159ipev\u0148ov\u00e1n\u00ed za\u0159\u00edzen\u00ed se ujist\u011bte, \u017ee se zv\u00ed\u0159ata nemohou dostat k za\u0159\u00edzen\u00ed nebo k lepic\u00edmu upevn\u011bn\u00ed pomoc\u00ed vhodn\u00e9 ochrany proti \u00faniku.<br \/>\nPokud v\u0161ak existuje riziko, \u017ee se tak stane, m\u011bly by se k upevn\u011bn\u00ed pou\u017e\u00edt na\u0161e pr\u016fhledn\u00e9 lepic\u00ed podlo\u017eky (\u010d. zbo\u017e\u00ed 1002314).<\/p>\n<p><strong>Na\u0159\u00edzen\u00ed WEEE:<\/strong> DE 78184127<\/p>\n<p><strong>Informace o likvidaci naleznete v p\u0159edpisech o bateri\u00edch:<\/strong><\/p>\n<p><a href=\"https:\/\/www.antstore.net\/shop\/de\/info\/Batterieverordnung.html\" target=\"_blank\" rel=\"noopener\">https:\/\/www.antstore.net\/shop\/de\/info\/Batterieverordnung.html<\/a><\/p>","protected":false},"excerpt":{"rendered":"<p>Rozsah m\u011b\u0159en\u00ed: -10 a\u017e +60 \u00b0C \/ 10 a\u017e 99% , Rozm\u011bry: 52 x 39 x 15 mm<\/p>","protected":false},"featured_media":6620,"comment_status":"open","ping_status":"closed","template":"","meta":{"_acf_changed":false,"content-type":"","_monsterinsights_skip_tracking":false,"_monsterinsights_sitenote_active":false,"_monsterinsights_sitenote_note":"","_monsterinsights_sitenote_category":0},"product_brand":[],"product_cat":[359,119,239],"product_tag":[],"class_list":{"0":"post-6578","1":"product","2":"type-product","3":"status-publish","4":"has-post-thumbnail","6":"product_cat-light-heat-humidity","7":"product_cat-formicarium-components","8":"product_cat-useful-additions","10":"first","11":"instock","12":"taxable","13":"shipping-taxable","14":"purchasable","15":"product-type-simple"},"acf":[],"aioseo_notices":[],"jetpack_sharing_enabled":true,"_links":{"self":[{"href":"https:\/\/antcube.shop\/cs\/wp-json\/wp\/v2\/product\/6578","targetHints":{"allow":["GET"]}}],"collection":[{"href":"https:\/\/antcube.shop\/cs\/wp-json\/wp\/v2\/product"}],"about":[{"href":"https:\/\/antcube.shop\/cs\/wp-json\/wp\/v2\/types\/product"}],"replies":[{"embeddable":true,"href":"https:\/\/antcube.shop\/cs\/wp-json\/wp\/v2\/comments?post=6578"}],"wp:featuredmedia":[{"embeddable":true,"href":"https:\/\/antcube.shop\/cs\/wp-json\/wp\/v2\/media\/6620"}],"wp:attachment":[{"href":"https:\/\/antcube.shop\/cs\/wp-json\/wp\/v2\/media?parent=6578"}],"wp:term":[{"taxonomy":"product_brand","embeddable":true,"href":"https:\/\/antcube.shop\/cs\/wp-json\/wp\/v2\/product_brand?post=6578"},{"taxonomy":"product_cat","embeddable":true,"href":"https:\/\/antcube.shop\/cs\/wp-json\/wp\/v2\/product_cat?post=6578"},{"taxonomy":"product_tag","embeddable":true,"href":"https:\/\/antcube.shop\/cs\/wp-json\/wp\/v2\/product_tag?post=6578"}],"curies":[{"name":"wp","href":"https:\/\/api.w.org\/{rel}","templated":true}]}}