{"id":6577,"date":"2023-12-04T13:54:13","date_gmt":"2023-12-04T12:54:13","guid":{"rendered":"https:\/\/antcube.shop\/product\/ameisenarena-nebler-gros\/"},"modified":"2026-04-02T12:12:13","modified_gmt":"2026-04-02T10:12:13","slug":"mraveniste-arena-mlhovac-velky","status":"publish","type":"product","link":"https:\/\/antcube.shop\/cs\/produkt\/mraveniste-arena-mlhovac-velky\/","title":{"rendered":"Mraveni\u0161t\u011b - mlhova\u010d - velk\u00fd"},"content":{"rendered":"<p><strong>Obsah:<\/strong><br \/>\n- Fogger<br \/>\n- Odpov\u00eddaj\u00edc\u00ed z\u00e1tka s 22mm otvorem pro p\u0159ipojen\u00ed hadice ke krytu mraveni\u0161t\u011b<br \/>\n- Prodlou\u017eiteln\u00e1 hadice<\/p>\n<p><strong>Materi\u00e1l:<\/strong> plast<\/p>\n<p><strong>Barva:<\/strong> \u010dern\u00e1<\/p>\n<p>Technick\u00e9 detaily:<br \/>\nNap\u011bt\u00ed: AC 120-240 V - 50\/60 Hz<br \/>\nD\u00e9lka kabelu: 1,20 m<br \/>\nObjem n\u00e1dr\u017eky na vodu: 4 l<br \/>\nD\u00e9lka hadice: individu\u00e1ln\u011b prodlou\u017eiteln\u00e1 v rozmez\u00ed 40 a\u017e 160 cm<br \/>\nGenerov\u00e1n\u00ed mlhy: 150-300 ml\/h<br \/>\nMaxim\u00e1ln\u00ed v\u00fd\u0161ka ml\u017een\u00ed: 2 m s hadic\u00ed<br \/>\nbezhlu\u010dn\u00e9<\/p>\n<p>Popis:<br \/>\nPro zvlh\u010den\u00ed mraveni\u0161t\u011b lze tento mlhova\u010d zapojit p\u0159\u00edmo do krytu mraveni\u0161t\u011b.<\/p>\n<p>&nbsp;<\/p>\n<p>&nbsp;<\/p>\n<p>Pozn\u00e1mka: 20.01.2025 Aktualizace produktu - nov\u00fd model<\/p>","protected":false},"excerpt":{"rendered":"<p>Obsah: - Sou\u010d\u00e1st\u00ed balen\u00ed je mlhova\u010d - odpov\u00eddaj\u00edc\u00ed z\u00e1tka s 22mm otvorem pro p\u0159ipojen\u00ed hadice ke krytu mraveni\u0161t\u011b - v\u00fdsuvn\u00e1 hadice Materi\u00e1l: plast Barva: \u010dern\u00e1 Technick\u00e9 detaily:  Maxim\u00e1ln\u00ed mno\u017estv\u00ed mlhy: 150-300 ml\/h.","protected":false},"featured_media":10944,"comment_status":"open","ping_status":"closed","template":"","meta":{"_acf_changed":false,"content-type":"","_monsterinsights_skip_tracking":false,"_monsterinsights_sitenote_active":false,"_monsterinsights_sitenote_note":"","_monsterinsights_sitenote_category":0},"product_brand":[],"product_cat":[359,119,239],"product_tag":[],"class_list":{"0":"post-6577","1":"product","2":"type-product","3":"status-publish","4":"has-post-thumbnail","6":"product_cat-light-heat-humidity","7":"product_cat-formicarium-components","8":"product_cat-useful-additions","10":"first","11":"instock","12":"taxable","13":"shipping-taxable","14":"purchasable","15":"product-type-simple"},"acf":[],"aioseo_notices":[],"jetpack_sharing_enabled":true,"_links":{"self":[{"href":"https:\/\/antcube.shop\/cs\/wp-json\/wp\/v2\/product\/6577","targetHints":{"allow":["GET"]}}],"collection":[{"href":"https:\/\/antcube.shop\/cs\/wp-json\/wp\/v2\/product"}],"about":[{"href":"https:\/\/antcube.shop\/cs\/wp-json\/wp\/v2\/types\/product"}],"replies":[{"embeddable":true,"href":"https:\/\/antcube.shop\/cs\/wp-json\/wp\/v2\/comments?post=6577"}],"wp:featuredmedia":[{"embeddable":true,"href":"https:\/\/antcube.shop\/cs\/wp-json\/wp\/v2\/media\/10944"}],"wp:attachment":[{"href":"https:\/\/antcube.shop\/cs\/wp-json\/wp\/v2\/media?parent=6577"}],"wp:term":[{"taxonomy":"product_brand","embeddable":true,"href":"https:\/\/antcube.shop\/cs\/wp-json\/wp\/v2\/product_brand?post=6577"},{"taxonomy":"product_cat","embeddable":true,"href":"https:\/\/antcube.shop\/cs\/wp-json\/wp\/v2\/product_cat?post=6577"},{"taxonomy":"product_tag","embeddable":true,"href":"https:\/\/antcube.shop\/cs\/wp-json\/wp\/v2\/product_tag?post=6577"}],"curies":[{"name":"wp","href":"https:\/\/api.w.org\/{rel}","templated":true}]}}