{"id":6576,"date":"2023-12-04T13:54:06","date_gmt":"2023-12-04T12:54:06","guid":{"rendered":"https:\/\/antcube.shop\/product\/ameisenarena-nebler-klein\/"},"modified":"2026-04-05T20:47:18","modified_gmt":"2026-04-05T18:47:18","slug":"mlhovac-mravenist-arena-maly","status":"publish","type":"product","link":"https:\/\/antcube.shop\/cs\/produkt\/mlhovac-mravenist-arena-maly\/","title":{"rendered":"Mraveni\u0161t\u011b - mlhova\u010d - mal\u00fd"},"content":{"rendered":"<p><strong>Obsah:<\/strong><br \/>\n- Fogger<br \/>\n- Odpov\u00eddaj\u00edc\u00ed z\u00e1tka s 22mm otvorem pro p\u0159ipojen\u00ed hadice ke krytu mraveni\u0161t\u011b<br \/>\n- Prodlou\u017eiteln\u00e1 hadice<\/p>\n<p><strong>Materi\u00e1l:<\/strong> plast<\/p>\n<p><strong>Barva:<\/strong> \u010dern\u00e1\/b\u00edl\u00e1<\/p>\n<p><strong>Technick\u00e9 specifikace:<\/strong><br \/>\nNap\u011bt\u00ed: 230V<br \/>\nP\u0159\u00edkon: 15 W (30 ml\/h)<br \/>\nD\u00e9lka kabelu: 1,40 m<br \/>\nObjem n\u00e1dr\u017eky na vodu: 360 ml<br \/>\nP\u0159ipojen\u00ed: Euro z\u00e1str\u010dka<br \/>\nD\u00e9lka hadice: 60 cm -&gt; lze prodlou\u017eit<\/p>\n<p><strong>Popis:<\/strong><br \/>\nPro zvlh\u010den\u00ed mraveni\u0161t\u011b lze tento mlhova\u010d vlo\u017eit p\u0159\u00edmo do krytu mraveni\u0161t\u011b.<br \/>\nMal\u00fd mlhova\u010d Ameisenarena je ur\u010den pro zvlh\u010dov\u00e1n\u00ed mal\u00fdch ter\u00e1ri\u00ed. V tomto modelu byla technologie v\u00fdrazn\u011b zjednodu\u0161ena, co\u017e umo\u017e\u0148uje mnohem bezprobl\u00e9mov\u011bj\u0161\u00ed provoz. Voda je ods\u00e1v\u00e1na kapil\u00e1rn\u00edm p\u016fsoben\u00edm plst\u011bn\u00e9 kazety. Tu lze v n\u011bkolika jednoduch\u00fdch kroc\u00edch vym\u011bnit, co\u017e by se m\u011blo z hygienick\u00fdch d\u016fvod\u016f prov\u00e1d\u011bt pravideln\u011b. Vytvo\u0159en\u00e1 mlha je automaticky vedena hadic\u00ed pomoc\u00ed d\u016fmysln\u00e9 konstrukce trysky, ani\u017e by bylo nutn\u00e9 pou\u017e\u00edvat dal\u0161\u00ed ventil\u00e1tor. To op\u011bt v\u00fdrazn\u011b sni\u017euje n\u00e1chylnost k chyb\u00e1m. V\u00fdkon ml\u017een\u00ed je p\u0159ibli\u017en\u011b 30 ml\/h. N\u00e1dr\u017eka pojme maxim\u00e1ln\u011b 360 ml. Mlhova\u010d Super Fog Nano II lze ovl\u00e1dat pomoc\u00ed \u010dasova\u010de nebo hygrostatu. D\u00edky pohybliv\u00e9 a v\u00fdsuvn\u00e9 hadici lze mlhova\u010d Super Fog Nano II p\u0159izp\u016fsobit jak\u00e9mukoli ter\u00e1riu. Novinkou je, \u017ee membr\u00e1nu nyn\u00ed m\u016f\u017ee koncov\u00fd u\u017eivatel vym\u011bnit v n\u011bkolika jednoduch\u00fdch kroc\u00edch. V\u0161echny ostatn\u00ed d\u00edly jsou rovn\u011b\u017e k dispozici jako n\u00e1hradn\u00ed d\u00edly, co\u017e ze za\u0159\u00edzen\u00ed Super Fog Nano II \u010din\u00ed trvale udr\u017eiteln\u00e9 za\u0159\u00edzen\u00ed.<\/p>\n<p><strong>Hack:<\/strong><br \/>\nPokud pot\u0159ebujete del\u0161\u00ed hadici, m\u016f\u017eete k mlhova\u010di p\u0159ipojit na\u0161i hadici 20\/16 mm (obj. \u010d. 1000107). Budete tak\u00e9 pot\u0159ebovat formik\u00e1\u0159sk\u00e9 z\u00e1tky pro 50 mm s 20mm otvorem (obj. 1005033 + 20 mm). M\u011bjte v\u0161ak na pam\u011bti, \u017ee \u010d\u00edm del\u0161\u00ed je hadice, t\u00edm m\u00e9n\u011b mlhy se dostane do formik\u00e1ria.<\/p>\n<p>&nbsp;<\/p>","protected":false},"excerpt":{"rendered":"<p>Obsah: - Materi\u00e1l: plast Barva: \u010dern\u00e1\/b\u00edl\u00e1 Technick\u00e9 specifikace: - Mlhova\u010d - Odpov\u00eddaj\u00edc\u00ed z\u00e1tka s otvorem pro p\u0159ipevn\u011bn\u00ed hadice ke krytu mraveni\u0161t\u011b - Prodlou\u017eiteln\u00e1 hadice: Nap\u011bt\u00ed: 230V V\u00fdkon: 15W (30ml\/h) D\u00e9lka kabelu: 1,40 m Objem n\u00e1dr\u017eky na vodu: 360ml P\u0159ipojen\u00ed: 1 ks: D\u00e9lka hadice: 60 cm -&gt; lze prodlou\u017eit Popis: D\u00e9lka hadice: 60 cm: Pro zvlh\u010dov\u00e1n\u00ed mraveni\u0161\u0165: d\u00e9lka: 30 cm.","protected":false},"featured_media":6603,"comment_status":"open","ping_status":"closed","template":"","meta":{"_acf_changed":false,"content-type":"","_monsterinsights_skip_tracking":false,"_monsterinsights_sitenote_active":false,"_monsterinsights_sitenote_note":"","_monsterinsights_sitenote_category":0},"product_brand":[],"product_cat":[359,119],"product_tag":[],"class_list":{"0":"post-6576","1":"product","2":"type-product","3":"status-publish","4":"has-post-thumbnail","6":"product_cat-light-heat-humidity","7":"product_cat-formicarium-components","9":"first","10":"instock","11":"taxable","12":"shipping-taxable","13":"purchasable","14":"product-type-simple"},"acf":[],"aioseo_notices":[],"jetpack_sharing_enabled":true,"_links":{"self":[{"href":"https:\/\/antcube.shop\/cs\/wp-json\/wp\/v2\/product\/6576","targetHints":{"allow":["GET"]}}],"collection":[{"href":"https:\/\/antcube.shop\/cs\/wp-json\/wp\/v2\/product"}],"about":[{"href":"https:\/\/antcube.shop\/cs\/wp-json\/wp\/v2\/types\/product"}],"replies":[{"embeddable":true,"href":"https:\/\/antcube.shop\/cs\/wp-json\/wp\/v2\/comments?post=6576"}],"wp:featuredmedia":[{"embeddable":true,"href":"https:\/\/antcube.shop\/cs\/wp-json\/wp\/v2\/media\/6603"}],"wp:attachment":[{"href":"https:\/\/antcube.shop\/cs\/wp-json\/wp\/v2\/media?parent=6576"}],"wp:term":[{"taxonomy":"product_brand","embeddable":true,"href":"https:\/\/antcube.shop\/cs\/wp-json\/wp\/v2\/product_brand?post=6576"},{"taxonomy":"product_cat","embeddable":true,"href":"https:\/\/antcube.shop\/cs\/wp-json\/wp\/v2\/product_cat?post=6576"},{"taxonomy":"product_tag","embeddable":true,"href":"https:\/\/antcube.shop\/cs\/wp-json\/wp\/v2\/product_tag?post=6576"}],"curies":[{"name":"wp","href":"https:\/\/api.w.org\/{rel}","templated":true}]}}