{"id":6573,"date":"2023-12-04T11:34:55","date_gmt":"2023-12-04T10:34:55","guid":{"rendered":"https:\/\/antcube.shop\/product\/arena-vase-10x20cm-aus-glas\/"},"modified":"2026-04-13T18:24:05","modified_gmt":"2026-04-13T16:24:05","slug":"arena-vaza-10x20cm-ze-skla","status":"publish","type":"product","link":"https:\/\/antcube.shop\/cs\/produkt\/arena-vaza-10x20cm-ze-skla\/","title":{"rendered":"V\u00e1za Arena 10x20cm ze skla"},"content":{"rendered":"<p><strong>Rozm\u011bry:<\/strong> 10\u00d720,4 cm<\/p>\n<p><strong>Materi\u00e1l:<\/strong> sklo, PMMA<\/p>\n<p><strong>Barva:<\/strong> k\u0159i\u0161\u0165\u00e1lov\u011b \u010dist\u00fd, pr\u016fsvitn\u00fd, pr\u016fhledn\u00fd<\/p>\n<p><strong>Obsah:<\/strong><br \/>\n1x sklen\u011bn\u00e1 v\u00e1za 10x20cm<br \/>\n1x v\u00edko 10\u00d70,4 cm<\/p>\n<p><strong>Popis:<\/strong> V\u00e1za Arena byla vyvinuta pro krmen\u00ed koloni\u00ed mravenc\u016f rodu Atta nebo Acromyrmex. Na v\u00e1zu se jednodu\u0161e nasad\u00ed odn\u00edmateln\u00e9 akryl\u00e1tov\u00e9 v\u00edko s otvory a \u0161t\u011brbinami pro uspo\u0159\u00e1d\u00e1n\u00ed a dr\u017een\u00ed v\u011btvi\u010dek krmn\u00fdch rostlin. V\u00e1za pom\u00e1h\u00e1 udr\u017eet krmn\u00e9 rostliny d\u00e9le \u010derstv\u00e9 a z\u00e1rove\u0148 zvy\u0161uje vlhkost ve formik\u00e1riu d\u00edky neust\u00e1l\u00e9mu odpa\u0159ov\u00e1n\u00ed vody v n\u00e1dr\u017ece.<\/p>","protected":false},"excerpt":{"rendered":"<p>Rozm\u011bry: Materi\u00e1l: sklo, PMMA Barva: k\u0159i\u0161\u0165\u00e1lov\u011b \u010dir\u00e1, pr\u016fsvitn\u00e1, pr\u016fhledn\u00e1 Obsah: Sada obsahuje: 1x sklen\u011bn\u00e1 v\u00e1za 10x20cm 1x v\u00ed\u010dko 10x0,4cm Popis: Sklen\u011bn\u00e1 v\u00e1za 10x20cm 1x v\u00ed\u010dko 10x0,4cm V\u00e1za Arena byla vyvinuta pro krmen\u00ed koloni\u00ed listonoh\u016f rodu Atta nebo Acromyrmex. Odn\u00edmateln\u00e9 akrylov\u00e9 v\u00edko s otvory a \u0161t\u011brbinami pro uspo\u0159\u00e1d\u00e1n\u00ed a dr\u017een\u00ed v\u011btvi\u010dek krmn\u00fdch rostlin se jednodu\u0161e um\u00edst\u00ed na.","protected":false},"featured_media":6590,"comment_status":"open","ping_status":"closed","template":"","meta":{"_acf_changed":false,"content-type":"","_monsterinsights_skip_tracking":false,"_monsterinsights_sitenote_active":false,"_monsterinsights_sitenote_note":"","_monsterinsights_sitenote_category":0},"product_brand":[],"product_cat":[115,118],"product_tag":[],"class_list":{"0":"post-6573","1":"product","2":"type-product","3":"status-publish","4":"has-post-thumbnail","6":"product_cat-food-and-feeding","7":"product_cat-feeding-bowls","9":"first","10":"instock","11":"taxable","12":"shipping-taxable","13":"purchasable","14":"product-type-simple"},"acf":[],"aioseo_notices":[],"jetpack_sharing_enabled":true,"_links":{"self":[{"href":"https:\/\/antcube.shop\/cs\/wp-json\/wp\/v2\/product\/6573","targetHints":{"allow":["GET"]}}],"collection":[{"href":"https:\/\/antcube.shop\/cs\/wp-json\/wp\/v2\/product"}],"about":[{"href":"https:\/\/antcube.shop\/cs\/wp-json\/wp\/v2\/types\/product"}],"replies":[{"embeddable":true,"href":"https:\/\/antcube.shop\/cs\/wp-json\/wp\/v2\/comments?post=6573"}],"wp:featuredmedia":[{"embeddable":true,"href":"https:\/\/antcube.shop\/cs\/wp-json\/wp\/v2\/media\/6590"}],"wp:attachment":[{"href":"https:\/\/antcube.shop\/cs\/wp-json\/wp\/v2\/media?parent=6573"}],"wp:term":[{"taxonomy":"product_brand","embeddable":true,"href":"https:\/\/antcube.shop\/cs\/wp-json\/wp\/v2\/product_brand?post=6573"},{"taxonomy":"product_cat","embeddable":true,"href":"https:\/\/antcube.shop\/cs\/wp-json\/wp\/v2\/product_cat?post=6573"},{"taxonomy":"product_tag","embeddable":true,"href":"https:\/\/antcube.shop\/cs\/wp-json\/wp\/v2\/product_tag?post=6573"}],"curies":[{"name":"wp","href":"https:\/\/api.w.org\/{rel}","templated":true}]}}