{"id":6569,"date":"2023-12-04T11:34:29","date_gmt":"2023-12-04T10:34:29","guid":{"rendered":"https:\/\/antcube.shop\/product\/ameisen-treppenhaus-20cm\/"},"modified":"2026-04-13T09:31:18","modified_gmt":"2026-04-13T07:31:18","slug":"mravenci-schodiste-20cm","status":"publish","type":"product","link":"https:\/\/antcube.shop\/cs\/produkt\/mravenci-schodiste-20cm\/","title":{"rendered":"Mraven\u010d\u00ed schodi\u0161t\u011b 20 cm"},"content":{"rendered":"<p><strong>Popis:<\/strong> Mraven\u010d\u00ed schodi\u0161t\u011b slou\u017e\u00ed k p\u0159ekon\u00e1n\u00ed v\u00fd\u0161ky z ar\u00e9ny do mraveni\u0161t\u011b.<\/p>\n<p><strong>Rozm\u011bry:<\/strong> 5x5x20cm<\/p>\n<p><strong>Materi\u00e1l: <\/strong>PMMA<\/p>\n<p><strong>Barva: <\/strong>k\u0159i\u0161\u0165\u00e1lov\u011b \u010dist\u00fd, pr\u016fsvitn\u00fd, pr\u016fhledn\u00fd<\/p>\n<p data-padding=\"5px\" data-line-height=\"s\"><strong>Obsah:<\/strong><br \/>\n1x mraven\u010d\u00ed schodi\u0161t\u011b 20 cm<br \/>\n2x akryl\u00e1tov\u00e1 deska pro volitelnou mont\u00e1\u017e na st\u011bnu<\/p>\n<p data-padding=\"5px\" data-line-height=\"s\">1x podlo\u017eka pro mraven\u010d\u00ed schodi\u0161t\u011b<\/p>\n<p><strong>Pozn\u00e1mka:<\/strong> D\u00edly jsou dod\u00e1v\u00e1ny jako kompletn\u011b sestaven\u00fd v\u00fdrobek. Pro p\u0159ipevn\u011bn\u00ed na st\u011bnu sta\u010d\u00ed povolit akryl\u00e1tov\u00e9 \u0161rouby v horn\u00ed a doln\u00ed \u010d\u00e1sti a sejmout podstavec. Znovu p\u0159ipevn\u011bte ob\u011b akryl\u00e1tov\u00e9 desky pomoc\u00ed \u0161roub\u016f 1x naho\u0159e a 1x dole.<\/p>\n<p><strong>P\u0159ipojen\u00ed:<\/strong> 2x hadice 20\/16 mm (vn\u011bj\u0161\u00ed) nebo hadice 14\/10 mm (vnit\u0159n\u00ed) nebo 24\/20 (vn\u011bj\u0161\u00ed 2. stupe\u0148 p\u0159ipojen\u00ed)<\/p>\n<p><strong>Pou\u017eit\u00ed:<\/strong> pro mraveni\u0161t\u011b m\u011b\u0159\u00edc\u00ed <strong>20x20cm nebo 40x20cm<\/strong><\/p>\n<p><span data-text-color=\"alert\"><strong>D\u016fle\u017eit\u00e9 pro pou\u017eit\u00ed s akrylov\u00fdmi trubicemi:<\/strong><\/span><br \/>\nV\u00fd\u0161ka nen\u00ed vhodn\u00e1 pro na\u0161e <strong>mraveni\u0161t\u011b velikosti XL.<\/strong><br \/>\nPro<strong> pou\u017eit\u00ed s akrylov\u00fdmi trubkami<\/strong> (nap\u0159. mraven\u010d\u00ed trubice - k\u0159i\u0161\u0165\u00e1lov\u011b \u010dir\u00e1 20 mm - 1 m, \u010d. v\u00fdr. 1000320) m\u00edsto hadic, pot\u0159ebujete celkem<strong> 3x \"Konektor trubky k\u0159i\u0161\u0165\u00e1lov\u011b \u010dir\u00fd pro 20 mm - I\"<\/strong> (\u010d. zbo\u017e\u00ed 1005624). 1x pro z\u00e1suvku mraveni\u0161t\u011b a 2x pro dv\u011b z\u00e1suvky na schodi\u0161ti. U star\u00fdch mraveni\u0161\u0165 (v\u0161echna zakoupen\u00e1 p\u0159ed 12\/2023) je nav\u00edc nutn\u00e9 na z\u00e1suvku mraveni\u0161t\u011b nasunout \"pr\u016fhledn\u00fd pru\u017en\u00fd t\u011bsnic\u00ed krou\u017eek\" (\u010d. v\u00fdr. 1001437). V opa\u010dn\u00e9m p\u0159\u00edpad\u011b sed\u00ed \"Potrubn\u00ed spojka k\u0159i\u0161\u0165\u00e1lov\u011b \u010dir\u00e1 pro 20 mm - I\" (kat. \u010d. 1005624) na mraveni\u0161ti p\u0159\u00edli\u0161 voln\u011b. Krom\u011b toho, pokud je <strong>podlo\u017eka pod formik\u00e1rium <\/strong>je pou\u017eita pro mraveni\u0161t\u011b nebo ar\u00e9nu, m\u011bla by b\u00fdt pou\u017eita tak\u00e9 pro schodi\u0161t\u011b, proto\u017ee jinak by vznikl m\u00edrn\u00fd v\u00fd\u0161kov\u00fd rozd\u00edl mezi z\u00e1suvkou schodi\u0161t\u011b a p\u0159\u00edpojkami na mraveni\u0161ti a ar\u00e9n\u011b.<\/p>","protected":false},"excerpt":{"rendered":"<p>Pro mraveni\u0161t\u011b o rozm\u011brech 20x20 cm nebo 40x20 cm<\/p>","protected":false},"featured_media":7570,"comment_status":"open","ping_status":"closed","template":"","meta":{"_acf_changed":false,"content-type":"","_monsterinsights_skip_tracking":false,"_monsterinsights_sitenote_active":false,"_monsterinsights_sitenote_note":"","_monsterinsights_sitenote_category":0},"product_brand":[],"product_cat":[345,119,121,120,239],"product_tag":[],"class_list":{"0":"post-6569","1":"product","2":"type-product","3":"status-publish","4":"has-post-thumbnail","6":"product_cat-pipe-connectors","7":"product_cat-formicarium-components","8":"product_cat-connectors","9":"product_cat-hoses","10":"product_cat-useful-additions","12":"first","13":"instock","14":"taxable","15":"shipping-taxable","16":"purchasable","17":"product-type-simple"},"acf":[],"aioseo_notices":[],"jetpack_sharing_enabled":true,"_links":{"self":[{"href":"https:\/\/antcube.shop\/cs\/wp-json\/wp\/v2\/product\/6569","targetHints":{"allow":["GET"]}}],"collection":[{"href":"https:\/\/antcube.shop\/cs\/wp-json\/wp\/v2\/product"}],"about":[{"href":"https:\/\/antcube.shop\/cs\/wp-json\/wp\/v2\/types\/product"}],"replies":[{"embeddable":true,"href":"https:\/\/antcube.shop\/cs\/wp-json\/wp\/v2\/comments?post=6569"}],"wp:featuredmedia":[{"embeddable":true,"href":"https:\/\/antcube.shop\/cs\/wp-json\/wp\/v2\/media\/7570"}],"wp:attachment":[{"href":"https:\/\/antcube.shop\/cs\/wp-json\/wp\/v2\/media?parent=6569"}],"wp:term":[{"taxonomy":"product_brand","embeddable":true,"href":"https:\/\/antcube.shop\/cs\/wp-json\/wp\/v2\/product_brand?post=6569"},{"taxonomy":"product_cat","embeddable":true,"href":"https:\/\/antcube.shop\/cs\/wp-json\/wp\/v2\/product_cat?post=6569"},{"taxonomy":"product_tag","embeddable":true,"href":"https:\/\/antcube.shop\/cs\/wp-json\/wp\/v2\/product_tag?post=6569"}],"curies":[{"name":"wp","href":"https:\/\/api.w.org\/{rel}","templated":true}]}}