{"id":6567,"date":"2023-12-04T11:34:15","date_gmt":"2023-12-04T10:34:15","guid":{"rendered":"https:\/\/antcube.shop\/product\/kornerfutter-media-100g\/"},"modified":"2026-04-05T17:10:17","modified_gmt":"2026-04-05T15:10:17","slug":"krmna-media-pro-obiloviny-100g","status":"publish","type":"product","link":"https:\/\/antcube.shop\/cs\/produkt\/krmna-media-pro-obiloviny-100g\/","title":{"rendered":"Obiln\u00e1 krmn\u00e1 m\u00e9dia 100g"},"content":{"rendered":"<div class=\"tab-body active\">\n<p><strong>Obsah:<\/strong> 100g<\/p>\n<p><span id=\"result_box\" class=\"long_text\" lang=\"en\"><strong>Popis:<\/strong> <\/span>St\u0159edn\u00ed sm\u011bs zrn a semen pro p\u011bstov\u00e1n\u00ed koloni\u00ed zrno\u017erav\u00fdch mravenc\u016f, jako jsou Messor, Pogonomyrmex a Pheidole.<br \/>\nPomoc\u00ed t\u00e9to sm\u011bsi st\u0159edn\u00edch semen je podporov\u00e1n r\u016fst.<br \/>\n\u010cist\u011b p\u0159\u00edrodn\u00ed produkt bez um\u011bl\u00fdch p\u0159\u00edsad. Bez pesticid\u016f.<\/p>\n<p><strong>Pozn\u00e1mka:<\/strong><br \/>\nPou\u017eit\u00ed p\u0159\u00edvodn\u00ed trubice naleznete zde: <a href=\"https:\/\/www.antstore.net\/shop\/images\/documents\/Anleitung-Ameisenfutterroehrchen.pdf\">Odkaz<\/a><br \/>\ndopln\u011bk krmiva pro mravence \u017eiv\u00edc\u00ed se zrn\u00edm.<br \/>\nSlo\u017een\u00ed, analytick\u00e9 slo\u017eky, datum pou\u017eitelnosti a \u010d\u00edslo \u0161ar\u017ee naleznete v p\u0159\u00edbalov\u00e9m let\u00e1ku.<\/p>\n<p>Informa\u010dn\u00ed linka +49 30 439703870<\/p>\n<p>Kompetentn\u00ed veterin\u00e1rn\u00ed a potravin\u00e1\u0159sk\u00e1 kontrola:<br \/>\nVeterin\u00e4ramt Steglitz<br \/>\nK\u00f6nigin-Luise-Str. 92<br \/>\n14195 Berl\u00edn<\/p>\n<\/div>","protected":false},"excerpt":{"rendered":"<p>Dopl\u0148kov\u00e9 krmivo<\/p>","protected":false},"featured_media":6625,"comment_status":"open","ping_status":"closed","template":"","meta":{"_acf_changed":false,"content-type":"","_monsterinsights_skip_tracking":false,"_monsterinsights_sitenote_active":false,"_monsterinsights_sitenote_note":"","_monsterinsights_sitenote_category":0},"product_brand":[],"product_cat":[115,116],"product_tag":[],"class_list":{"0":"post-6567","1":"product","2":"type-product","3":"status-publish","4":"has-post-thumbnail","6":"product_cat-food-and-feeding","7":"product_cat-food","9":"first","10":"instock","11":"taxable","12":"shipping-taxable","13":"purchasable","14":"product-type-simple"},"acf":[],"aioseo_notices":[],"jetpack_sharing_enabled":true,"_links":{"self":[{"href":"https:\/\/antcube.shop\/cs\/wp-json\/wp\/v2\/product\/6567","targetHints":{"allow":["GET"]}}],"collection":[{"href":"https:\/\/antcube.shop\/cs\/wp-json\/wp\/v2\/product"}],"about":[{"href":"https:\/\/antcube.shop\/cs\/wp-json\/wp\/v2\/types\/product"}],"replies":[{"embeddable":true,"href":"https:\/\/antcube.shop\/cs\/wp-json\/wp\/v2\/comments?post=6567"}],"wp:featuredmedia":[{"embeddable":true,"href":"https:\/\/antcube.shop\/cs\/wp-json\/wp\/v2\/media\/6625"}],"wp:attachment":[{"href":"https:\/\/antcube.shop\/cs\/wp-json\/wp\/v2\/media?parent=6567"}],"wp:term":[{"taxonomy":"product_brand","embeddable":true,"href":"https:\/\/antcube.shop\/cs\/wp-json\/wp\/v2\/product_brand?post=6567"},{"taxonomy":"product_cat","embeddable":true,"href":"https:\/\/antcube.shop\/cs\/wp-json\/wp\/v2\/product_cat?post=6567"},{"taxonomy":"product_tag","embeddable":true,"href":"https:\/\/antcube.shop\/cs\/wp-json\/wp\/v2\/product_tag?post=6567"}],"curies":[{"name":"wp","href":"https:\/\/api.w.org\/{rel}","templated":true}]}}