{"id":6566,"date":"2023-12-04T11:34:09","date_gmt":"2023-12-04T10:34:09","guid":{"rendered":"https:\/\/antcube.shop\/product\/kornerfutter-major-100g\/"},"modified":"2025-05-06T21:46:55","modified_gmt":"2025-05-06T19:46:55","slug":"obilne-krmivo-major-100g","status":"publish","type":"product","link":"https:\/\/antcube.shop\/cs\/produkt\/obilne-krmivo-major-100g\/","title":{"rendered":"Obiln\u00e9 krmivo major 100g"},"content":{"rendered":"<div class=\"tab-body active\">\n<p><strong>Obsah:<\/strong> 100g<\/p>\n<p><span id=\"result_box\" class=\"long_text\" lang=\"en\"><strong>Popis:<\/strong> <\/span>Sm\u011bs velk\u00fdch zrn a semen pro dosp\u011bl\u00e9 kolonie zrno\u017erav\u00fdch druh\u016f mravenc\u016f, jako jsou Messor, Pogonomyrmex a Pheidole.<br \/>\nIde\u00e1ln\u00ed pro v\u010delstva s velk\u00fdmi d\u011bln\u00edky.<br \/>\n\u010cist\u011b p\u0159\u00edrodn\u00ed produkt bez um\u011bl\u00fdch p\u0159\u00edsad. Bez pesticid\u016f.<\/p>\n<p><strong>Pozn\u00e1mka:<\/strong><br \/>\nPou\u017eit\u00ed p\u0159\u00edvodn\u00ed trubice naleznete zde: <a href=\"https:\/\/www.antstore.net\/shop\/images\/documents\/Anleitung-Ameisenfutterroehrchen.pdf\">Odkaz<\/a><br \/>\ndopln\u011bk krmiva pro mravence \u017eiv\u00edc\u00ed se zrn\u00edm.<br \/>\nSlo\u017een\u00ed, analytick\u00e9 slo\u017eky, datum pou\u017eitelnosti a \u010d\u00edslo \u0161ar\u017ee naleznete v p\u0159\u00edbalov\u00e9m let\u00e1ku.<\/p>\n<p>Informa\u010dn\u00ed linka +49 30 439703870<\/p>\n<p>Kompetentn\u00ed veterin\u00e1rn\u00ed a potravin\u00e1\u0159sk\u00e1 kontrola:<br \/>\nVeterin\u00e4ramt Steglitz<br \/>\nK\u00f6nigin-Luise-Str. 92<br \/>\n14195 Berl\u00edn<\/p>\n<\/div>","protected":false},"excerpt":{"rendered":"<p>Dopl\u0148kov\u00e9 krmivo<\/p>","protected":false},"featured_media":6626,"comment_status":"open","ping_status":"closed","template":"","meta":{"_acf_changed":false,"content-type":"","_monsterinsights_skip_tracking":false,"_monsterinsights_sitenote_active":false,"_monsterinsights_sitenote_note":"","_monsterinsights_sitenote_category":0},"product_brand":[],"product_cat":[115,116],"product_tag":[],"class_list":{"0":"post-6566","1":"product","2":"type-product","3":"status-publish","4":"has-post-thumbnail","6":"product_cat-food-and-feeding","7":"product_cat-food","9":"first","10":"outofstock","11":"taxable","12":"shipping-taxable","13":"purchasable","14":"product-type-simple"},"acf":[],"aioseo_notices":[],"jetpack_sharing_enabled":true,"_links":{"self":[{"href":"https:\/\/antcube.shop\/cs\/wp-json\/wp\/v2\/product\/6566","targetHints":{"allow":["GET"]}}],"collection":[{"href":"https:\/\/antcube.shop\/cs\/wp-json\/wp\/v2\/product"}],"about":[{"href":"https:\/\/antcube.shop\/cs\/wp-json\/wp\/v2\/types\/product"}],"replies":[{"embeddable":true,"href":"https:\/\/antcube.shop\/cs\/wp-json\/wp\/v2\/comments?post=6566"}],"wp:featuredmedia":[{"embeddable":true,"href":"https:\/\/antcube.shop\/cs\/wp-json\/wp\/v2\/media\/6626"}],"wp:attachment":[{"href":"https:\/\/antcube.shop\/cs\/wp-json\/wp\/v2\/media?parent=6566"}],"wp:term":[{"taxonomy":"product_brand","embeddable":true,"href":"https:\/\/antcube.shop\/cs\/wp-json\/wp\/v2\/product_brand?post=6566"},{"taxonomy":"product_cat","embeddable":true,"href":"https:\/\/antcube.shop\/cs\/wp-json\/wp\/v2\/product_cat?post=6566"},{"taxonomy":"product_tag","embeddable":true,"href":"https:\/\/antcube.shop\/cs\/wp-json\/wp\/v2\/product_tag?post=6566"}],"curies":[{"name":"wp","href":"https:\/\/api.w.org\/{rel}","templated":true}]}}