{"id":6564,"date":"2023-12-04T11:33:56","date_gmt":"2023-12-04T10:33:56","guid":{"rendered":"https:\/\/antcube.shop\/product\/schraub-adapter-50-auf-27-mm-bohrung\/"},"modified":"2026-04-05T20:47:15","modified_gmt":"2026-04-05T18:47:15","slug":"sroubovaci-adapter-s-otvorem-50-az-27-mm","status":"publish","type":"product","link":"https:\/\/antcube.shop\/cs\/produkt\/sroubovaci-adapter-s-otvorem-50-az-27-mm\/","title":{"rendered":"\u0160roubov\u00fd adapt\u00e9r s otvorem 50 a\u017e 27 mm"},"content":{"rendered":"<p><strong>Obsah:<\/strong><br \/>\n2x akrylov\u00fd disk 59 x 2 mm s otvorem 32 mm<br \/>\n1x akrylov\u00fd disk 49 x 4 mm s otvorem 27 mm<br \/>\n2x pr\u016fhledn\u00fd plastov\u00fd \u0161roub M4<br \/>\n2x pr\u016fhledn\u00e1 matice M4<\/p>\n<p><strong>Rozm\u011bry v\u00fdrobku:<\/strong> 59 x 8 mm<\/p>\n<p><strong>Materi\u00e1l:<\/strong> PMMA<\/p>\n<p><strong>Barva:<\/strong> pr\u016fhledn\u00e9 \/ k\u0159i\u0161\u0165\u00e1lov\u011b \u010dist\u00e9<\/p>\n<p><span data-text-color=\"alert\"><strong>POZOR:<\/strong><\/span> pouze pro na\u0161e hadicov\u00e9 spojky pro umyvadla 27 mm - 14, 20, 24 mm - pr\u016fhledn\u00e9<\/p>\n<p><strong>Popis:<\/strong> Adapt\u00e9r pro upevn\u011bn\u00ed prvk\u016f o pr\u016fm\u011bru 27 mm do otvor\u016f o pr\u016fm\u011bru 50 mm. Do adapt\u00e9ru se vejdou i na\u0161e 27mm hmo\u017edinky.<\/p>\n<p>Umo\u017e\u0148uje tak bezpe\u010dn\u00e9, pevn\u00e9 a vzhledov\u011b atraktivn\u00ed upevn\u011bn\u00ed 32mm trubek, hadic nebo jin\u00fdch spojovac\u00edch prvk\u016f.<\/p>\n<p><strong>Pozn\u00e1mka:<\/strong> Dod\u00e1v\u00e1 se v jednotliv\u00fdch d\u00edlech a mus\u00ed se upevnit k\u0159\u00ed\u017eov\u00fdm \u0161roubov\u00e1kem.<\/p>","protected":false},"excerpt":{"rendered":"<p>Obsah:  Materi\u00e1l: 59 x 8 mm PMMA Barva: pr\u016fhledn\u00e1 \/ k\u0159i\u0161\u0165\u00e1lov\u011b \u010dir\u00e1 POZOR: pouze pro na\u0161e spojky pro umyvadlov\u00e9 hadice 27 mm - 14, 20, 24 mm.","protected":false},"featured_media":6593,"comment_status":"open","ping_status":"closed","template":"","meta":{"_acf_changed":false,"content-type":"","_monsterinsights_skip_tracking":false,"_monsterinsights_sitenote_active":false,"_monsterinsights_sitenote_note":"","_monsterinsights_sitenote_category":0},"product_brand":[],"product_cat":[345,119,121,120],"product_tag":[],"class_list":{"0":"post-6564","1":"product","2":"type-product","3":"status-publish","4":"has-post-thumbnail","6":"product_cat-pipe-connectors","7":"product_cat-formicarium-components","8":"product_cat-connectors","9":"product_cat-hoses","11":"first","12":"instock","13":"taxable","14":"shipping-taxable","15":"purchasable","16":"product-type-simple"},"acf":[],"aioseo_notices":[],"jetpack_sharing_enabled":true,"_links":{"self":[{"href":"https:\/\/antcube.shop\/cs\/wp-json\/wp\/v2\/product\/6564","targetHints":{"allow":["GET"]}}],"collection":[{"href":"https:\/\/antcube.shop\/cs\/wp-json\/wp\/v2\/product"}],"about":[{"href":"https:\/\/antcube.shop\/cs\/wp-json\/wp\/v2\/types\/product"}],"replies":[{"embeddable":true,"href":"https:\/\/antcube.shop\/cs\/wp-json\/wp\/v2\/comments?post=6564"}],"wp:featuredmedia":[{"embeddable":true,"href":"https:\/\/antcube.shop\/cs\/wp-json\/wp\/v2\/media\/6593"}],"wp:attachment":[{"href":"https:\/\/antcube.shop\/cs\/wp-json\/wp\/v2\/media?parent=6564"}],"wp:term":[{"taxonomy":"product_brand","embeddable":true,"href":"https:\/\/antcube.shop\/cs\/wp-json\/wp\/v2\/product_brand?post=6564"},{"taxonomy":"product_cat","embeddable":true,"href":"https:\/\/antcube.shop\/cs\/wp-json\/wp\/v2\/product_cat?post=6564"},{"taxonomy":"product_tag","embeddable":true,"href":"https:\/\/antcube.shop\/cs\/wp-json\/wp\/v2\/product_tag?post=6564"}],"curies":[{"name":"wp","href":"https:\/\/api.w.org\/{rel}","templated":true}]}}