{"id":6562,"date":"2023-12-04T11:33:43","date_gmt":"2023-12-04T10:33:43","guid":{"rendered":"https:\/\/antcube.shop\/product\/bundle-offer-messor-structor\/"},"modified":"2026-03-04T17:11:29","modified_gmt":"2026-03-04T16:11:29","slug":"nabidka-balicku-messor-structor","status":"publish","type":"product","link":"https:\/\/antcube.shop\/cs\/produkt\/nabidka-balicku-messor-structor\/","title":{"rendered":"Nab\u00eddka bal\u00ed\u010dk\u016f - Messor structor"},"content":{"rendered":"<p><span data-text-color=\"secondary\"><strong>Nab\u00eddka bal\u00ed\u010dk\u016f obsahuje kolonii mravenc\u016f Messor structor (kr\u00e1lovna s 11-25 d\u011blnicemi + sn\u016f\u0161ka), startovac\u00ed sadu Habitat Desert M s druh\u00fdm mraveni\u0161t\u011bm 20\u00d720 M, 3x podlo\u017eky pod formik\u00e1ria a sklenici na\u0161ich speci\u00e1ln\u00edch cel\u00fdch blan\u0161\u00edrovan\u00fdch cvr\u010dk\u016f 10 g (vlhk\u00e9 b\u00edlkoviny).<\/strong><\/span><\/p>\n<p><span data-text-color=\"alert\"><strong>Pouze do vyprod\u00e1n\u00ed z\u00e1sob.<\/strong><\/span><\/p>\n<p><strong>V\u0161e, co pot\u0159ebujete pro kolonii mravenc\u016f Messor structor<\/strong><br \/>\nTento bal\u00ed\u010dek obsahuje v\u0161e, co pot\u0159ebujete k \u00fasp\u011b\u0161n\u00e9mu zalo\u017een\u00ed kolonie Messor barbarus b\u011bhem prvn\u00edch m\u011bs\u00edc\u016f. Je flexibiln\u011b roz\u0161i\u0159iteln\u00fd a v\u00fdslovn\u011b vhodn\u00fd pro za\u010d\u00e1te\u010dn\u00edky v chovu mravenc\u016f.<\/p>\n<p><strong>Druhy mravenc\u016f Messor structor<\/strong><br \/>\nMessor structor je granivorn\u00ed (zrno\u017erav\u00fd) druh mravence. Vyskytuje se p\u0159edev\u0161\u00edm v ji\u017en\u00ed Evrop\u011b a ve St\u0159edomo\u0159\u00ed, ale tak\u00e9 ve st\u0159edn\u00ed Evrop\u011b a jeho are\u00e1l roz\u0161\u00ed\u0159en\u00ed sah\u00e1 a\u017e do \u00cdr\u00e1nu a ji\u017en\u00edho Ruska. Je to tak\u00e9 jedin\u00fd druh rodu Messor, kter\u00fd se vyskytuje v N\u011bmecku. D\u011blnice jsou o n\u011bco men\u0161\u00ed ne\u017e u Messor barbarus, ale Messor structor produkuje tzv. hlavn\u00ed d\u011blnice (nejv\u011bt\u0161\u00ed kasta d\u011blnic) d\u0159\u00edve.<\/p>\n<p>P\u0159esto\u017ee se Messor structor vyskytuje hlavn\u011b ve step\u00edch, v n\u011bkter\u00fdch zem\u00edch existuj\u00ed populace, kter\u00e9 jsou doma sp\u00ed\u0161e v horsk\u00fdch oblastech nebo dokonce ve sm\u00ed\u0161en\u00fdch les\u00edch. To sv\u011bd\u010d\u00ed o velk\u00e9 p\u0159izp\u016fsobivosti tohoto druhu. Messor structor obvykle tvo\u0159\u00ed polygynn\u00ed kolonie (n\u011bkolik kr\u00e1loven v jedn\u00e9 kolonii), ale vyskytuje se i monogynn\u011b (pouze jedna kr\u00e1lovna v kolonii).<\/p>\n<p>V\u011bdci se ji\u017e del\u0161\u00ed dobu sna\u017e\u00ed anal\u00fdzou genetick\u00e9ho materi\u00e1lu r\u016fzn\u00fdch koloni\u00ed zjistit, zda se u Messor structor mohlo vyvinout n\u011bkolik poddruh\u016f, kter\u00e9 se vyskytuj\u00ed v r\u016fzn\u00fdch oblastech. To se v\u0161ak zat\u00edm nepoda\u0159ilo definitivn\u011b objasnit.<\/p>\n<p><strong>Hn\u00edzdo pro Messor structor<\/strong><br \/>\nMessor structor hn\u00edzd\u00ed nejrad\u011bji v p\u00eds\u010dit\u00fdch p\u016fd\u00e1ch. Na rozd\u00edl od v\u011bt\u0161iny ostatn\u00edch druh\u016f rodu Messor je v\u0161ak pom\u011brn\u011b p\u0159izp\u016fsobiv\u00fd a n\u011bkdy ho lze nal\u00e9zt hn\u00edzd\u00edc\u00edho pod kameny nebo na stinn\u00fdch m\u00edstech v zemit\u011bj\u0161\u00edch p\u016fd\u00e1ch.<\/p>\n<p><strong>Potraviny pro Messor structor<\/strong><br \/>\nStejn\u011b jako v\u0161echny druhy Messor se i Messor structor \u017eiv\u00ed hlavn\u011b semeny, kter\u00e1 jsou sb\u00edr\u00e1na, skladov\u00e1na a zpracov\u00e1v\u00e1na na tzv. mraven\u010d\u00ed chl\u00e9b, kter\u00fd m\u00e1 pak del\u0161\u00ed trvanlivost a pom\u00e1h\u00e1 koloni\u00edm p\u0159e\u010dkat obdob\u00ed, kdy je v p\u0159\u00edrod\u011b m\u00e9n\u011b semen. B\u00edlkoviny p\u0159ij\u00edmaj\u00ed jak \u017eiv\u00e9, tak mrtv\u00e9. Ve voln\u00e9 p\u0159\u00edrod\u011b zab\u00edjej\u00ed drobn\u00fd hmyz a vyu\u017e\u00edvaj\u00ed ho k v\u00fd\u017eiv\u011b sv\u00fdch ml\u00e1\u010fat. Cukern\u00fd roztok nebo med p\u0159ij\u00edmaj\u00ed pouze tehdy, pokud v\u010delstvo nem\u00e1 k dispozici dostatek \u010derstv\u00e9 vody, kter\u00e1 by pokryla jeho po\u017eadavky na vlhkost.<\/p>\n<p><strong>Optim\u00e1ln\u00ed klimatick\u00e9 podm\u00ednky pro Messor structor jsou n\u00e1sleduj\u00edc\u00ed:<\/strong><br \/>\n<strong>Vlhkost:<\/strong><br \/>\nAr\u00e9na: Hn\u00edzdn\u00ed plocha: 30 - 50%: 50 - 70%<br \/>\n<strong>Teplota:<\/strong><br \/>\nAr\u00e9na: 22 - 30 \u00b0C Hn\u00edzdn\u00ed oblast: 21- 27\u00b0C<\/p>\n<p><strong>Obsah:<\/strong><\/p>\n<p>1x kolonie mravenc\u016f Messor structor (kr\u00e1lovna + 11-25 d\u011blnic + ml\u00e1\u010fata)<br \/>\n1x Cricket Jam 25g<br \/>\n1x obiln\u00e9 krmivo minor 100g<br \/>\n1x podlo\u017eka pod mraveni\u0161t\u011b - 20x20cm<br \/>\n2x podlo\u017eka pod mraveni\u0161t\u011b - 20x6cm<\/p>\n<p>1x ANTCUBE - ar\u00e9na 20x20x10 - ploch\u00e1<br \/>\n1x r\u00e1m mraveni\u0161t\u011b 20\u00d720<br \/>\n1x kryt mraveni\u0161t\u011b 20\u00d720<br \/>\n4x upev\u0148ovac\u00ed bod pro kryt ar\u00e9ny<br \/>\n2x ANTCUBE - mraveni\u0161t\u011b - M - 20\u00d720 - stoj\u00edc\u00ed<\/p>\n<p>1x 1m pr\u016fhledn\u00e1 trubka 14\/10 mm<br \/>\n2x ANTCUBE - \u010derven\u00e1 f\u00f3lie 20\u00d720 - filtr<br \/>\n2x samolepic\u00ed klipy - pr\u016fhledn\u00e9 2 ks.<br \/>\n1x substr\u00e1t - pou\u0161\u0165 - 1kg<br \/>\n1x granul\u00e1t Formicarium 200ml - b\u00e9\u017eov\u00fd<\/p>\n<p>1x Grid cap &#8211; 10mm &#8211; stainless steel<br \/>\n2x Grid insert acrylic &#8211; 50 mm with sealing ring<br \/>\n1x Grid insert acrylic &#8211; 27 mm with sealing ring<\/p>\n<p>1x spojka hadice n\u00e1dr\u017ee 27-14,16,20 mm - pr\u016fhledn\u00e1<br \/>\n2x Foil thermometer &#8211; farm<br \/>\n1x Foil thermometer Display<br \/>\n1x drinking clear 5ml &#8211; sponge<br \/>\n1x Feeding dish white rectangle &#8211; 3 compartments<br \/>\n1x Olej na ochranu proti \u00faniku mravenc\u016f 10ml<br \/>\n1x pinzeta z pru\u017einov\u00e9 oceli - \u0161irok\u00e1 - m\u011bkk\u00e1<br \/>\n1x pinzeta plastov\u00e1 pr\u016fhledn\u00e1<br \/>\n1x plastov\u00e1 pipeta 3ml<br \/>\n1x ru\u010dn\u00ed lupa - 2x - 30mm<br \/>\n1x p\u011bnov\u00fd st\u011bra\u010d 150x18x2,5mm<br \/>\n1x fotopozad\u00ed - pou\u0161\u0165 - 20\u00d710<\/p>\n<p>&nbsp;<\/p>\n<p><strong>Popis:<\/strong><br \/>\nTato startovac\u00ed sada Desert je vhodn\u00e1 pro v\u0161echny druhy rodu Messor \u017eij\u00edc\u00ed v pou\u0161t\u00edch, step\u00edch nebo ve st\u0159edomo\u0159sk\u00e9m podneb\u00ed. Jedna ze dvou farem je ur\u010dena k uskladn\u011bn\u00ed semen a mraven\u010d\u00edho chleba, a proto by m\u011bla b\u00fdt udr\u017eov\u00e1na v naprost\u00e9m suchu, aby semena\/zrnka, kter\u00e1 zde mravenci uskladn\u00ed, nevykl\u00ed\u010dila nebo nezplesniv\u011bla.<\/p>\n<p>V pln\u011b pr\u016fhledn\u00e9 farm\u011b (hn\u00edzdo) se k vypln\u011bn\u00ed farmy pou\u017e\u00edv\u00e1 \"substr\u00e1t - pou\u0161\u0165\". V p\u0159\u00edpad\u011b pot\u0159eby lze p\u0159es 50mm otvory v krytu p\u0159ipojit dal\u0161\u00ed moduly, nap\u0159. samostatn\u011b dostupn\u00e9 mlhova\u010de, ventil\u00e1tory nebo sv\u011btla. Alternativn\u011b jsou sou\u010d\u00e1st\u00ed dod\u00e1vky vhodn\u00e9 formik\u00e1\u0159sk\u00e9 z\u00e1tky k uzav\u0159en\u00ed otvor\u016f. V p\u0159\u00edpad\u011b pot\u0159eby lze formik\u00e1rium provozovat i v otev\u0159en\u00e9m stavu, sta\u010d\u00ed na n\u011bj um\u00edstit odn\u00edmateln\u00fd r\u00e1m a na okraj nan\u00e9st olej na ochranu proti \u00faniku mravenc\u016f. \"Pr\u016fhledn\u00e1 20 ml nap\u00e1je\u010dka - houbi\u010dka\" je ur\u010dena pro vodu, \"2 ml d\u00e1vkova\u010d krmiva - d\u00e1vkovateln\u00fd\" pro obiln\u00e9 krmivo.<\/p>\n<p><strong>D\u016fle\u017eit\u00e9:<\/strong> P\u0159ed pou\u017eit\u00edm substr\u00e1t navlh\u010dete, aby se sm\u011bs mohla spojit a v mraveni\u0161ti pevn\u011b dr\u017eet. Pokud je nav\u00edc substr\u00e1t p\u0159\u00edli\u0161 such\u00fd a pra\u0161n\u00fd, m\u016f\u017ee doj\u00edt k zablokov\u00e1n\u00ed d\u00fdchac\u00edch cest mravenc\u016f a v nejhor\u0161\u00edm p\u0159\u00edpad\u011b k udu\u0161en\u00ed zv\u00ed\u0159at.<\/p>\n<p><strong>Doporu\u010den\u00ed:<\/strong> Doporu\u010dujeme vrstvu substr\u00e1tu o v\u00fd\u0161ce 2 mm, aby se zv\u00ed\u0159ata nemohla do ar\u00e9ny zahrabat a m\u00edsto toho vyu\u017e\u00edvala k tomuto \u00fa\u010delu poskytnut\u00fd statek. Doporu\u010dujeme tak\u00e9, aby byl hn\u00edzdn\u00ed materi\u00e1l ve farm\u011b (p\u00edsek\/hl\u00edna, Digfix atd.) na jednom m\u00edst\u011b lehce nap\u00edch\u00e1n, aby se zv\u00ed\u0159at\u016fm l\u00e9pe hrabalo.<\/p>\n<p><strong>Pozn\u00e1mky k v\u00fdrob\u011b<\/strong><br \/>\nSklo je \u0159ez\u00e1no na m\u00edru podle DIN 1249 s toleranc\u00ed +\/- 1 mm. U extr\u00e9mn\u011b mal\u00fdch druh\u016f mravenc\u016f je nezbytn\u00e1 dodate\u010dn\u00e1 ochrana proti vylomen\u00ed.<\/p>\n<p><strong>Pozn\u00e1mky k farm\u011b<\/strong><br \/>\nP\u0159i p\u0159ipojov\u00e1n\u00ed nebo odpojov\u00e1n\u00ed hadic dbejte na n\u00e1sleduj\u00edc\u00ed pokyny:<br \/>\nPokud se hadi\u010dka velmi \u0161patn\u011b nasazuje na p\u0159ipojovac\u00ed hrdlo, je t\u0159eba hrdlo lehce pot\u0159\u00edt kapkou na\u0161eho oleje nebo pr\u00e1\u0161ku proti prask\u00e1n\u00ed. Pot\u00e9 by se m\u011bla hadice nasunout na obj\u00edmku krou\u017eiv\u00fdmi nebo \u0161roubovac\u00edmi pohyby, ani\u017e by se obj\u00edmka nam\u00e1hala pohyby nahoru a dol\u016f. Tot\u00e9\u017e plat\u00ed i p\u0159i vyj\u00edm\u00e1n\u00ed hadic z p\u0159ipojovac\u00ed obj\u00edmky farmy. Nevytahujte ji jednodu\u0161e!<\/p>\n<p><strong>Pozn\u00e1mky ke kriketov\u00e9mu d\u017eemu:<\/strong><br \/>\nN\u00e1\u0161 cvr\u010d\u010d\u00ed d\u017eem p\u0159edstavuje snadn\u00fd zp\u016fsob, jak mravenc\u016fm poskytnout \u010derstv\u011b konzervovanou proteinovou potravu, ani\u017e by museli krmit \u017eiv\u00fdm hmyzem. Obsa\u017een\u00ed cvr\u010dci (Acheta domesticus) byli \u0161etrn\u011b uva\u0159eni, aby byly zachov\u00e1ny nutri\u010dn\u00ed hodnoty, chu\u0165 a v\u016fn\u011b. Krom\u011b toho se t\u00edmto zp\u016fsobem zm\u011bk\u010d\u00ed chitinov\u00e1 schr\u00e1nka hmyzu, aby se dala snadn\u011bji str\u00e1vit. Vazby kolagenn\u00edch b\u00edlkovin se rozru\u0161\u00ed, aby je mravenci mohli l\u00e9pe vyu\u017e\u00edt. Konzervy Acheta domesticus maj\u00ed stejnou v\u00fd\u017eivovou hodnotu jako \u017eiv\u00ed cvr\u010dci, ale jsou snadn\u011bji straviteln\u00e9.<\/p>\n<p>Cricket Jam nen\u00ed vhodn\u00fd pro lov druh\u016f mravenc\u016f, kte\u0159\u00ed vy\u017eaduj\u00ed \u017eivou potravu (nap\u0159. ponravy (velc\u00ed mravenci), jako jsou Harpegnathos nebo Odontomachus).<\/p>\n<p><strong>Dal\u0161\u00ed v\u00fdhody:<\/strong><br \/>\nZaru\u010den\u011b bez rozto\u010d\u016f<br \/>\nLze porcovat a \u0159edit vodou<br \/>\nSterilizovan\u00e9 a vakuov\u011b balen\u00e9<br \/>\nBez p\u0159\u00edsad<br \/>\nCvr\u010dci z udr\u017eiteln\u00e9ho \u010dist\u011b ekologick\u00e9ho chovu, krmeni organick\u00fdm odpadem<\/p>\n<p><strong>Pozn\u00e1mka:<\/strong><br \/>\nPo otev\u0159en\u00ed lze uchov\u00e1vat v chladni\u010dce asi \u010dty\u0159i dny. P\u0159i zmrazen\u00ed je trvanlivost del\u0161\u00ed.<br \/>\nPozor: Nejprve porce, pak zmrazit.<\/p>","protected":false},"excerpt":{"rendered":"<p>Sada se skl\u00e1d\u00e1 z 38 d\u00edl\u016f<\/p>\n<p>Velikost: <strong>M<\/strong><\/p>","protected":false},"featured_media":7134,"comment_status":"open","ping_status":"closed","template":"","meta":{"_acf_changed":false,"content-type":"","_monsterinsights_skip_tracking":false,"_monsterinsights_sitenote_active":false,"_monsterinsights_sitenote_note":"","_monsterinsights_sitenote_category":0},"product_brand":[],"product_cat":[355,353,73],"product_tag":[],"class_list":{"0":"post-6562","1":"product","2":"type-product","3":"status-publish","4":"has-post-thumbnail","6":"product_cat-bundle-offers","7":"product_cat-starter-sets-for-harvester-ants","8":"product_cat-starter-sets","10":"first","11":"instock","12":"taxable","13":"shipping-taxable","14":"purchasable","15":"product-type-simple"},"acf":[],"aioseo_notices":[],"jetpack_sharing_enabled":true,"_links":{"self":[{"href":"https:\/\/antcube.shop\/cs\/wp-json\/wp\/v2\/product\/6562","targetHints":{"allow":["GET"]}}],"collection":[{"href":"https:\/\/antcube.shop\/cs\/wp-json\/wp\/v2\/product"}],"about":[{"href":"https:\/\/antcube.shop\/cs\/wp-json\/wp\/v2\/types\/product"}],"replies":[{"embeddable":true,"href":"https:\/\/antcube.shop\/cs\/wp-json\/wp\/v2\/comments?post=6562"}],"wp:featuredmedia":[{"embeddable":true,"href":"https:\/\/antcube.shop\/cs\/wp-json\/wp\/v2\/media\/7134"}],"wp:attachment":[{"href":"https:\/\/antcube.shop\/cs\/wp-json\/wp\/v2\/media?parent=6562"}],"wp:term":[{"taxonomy":"product_brand","embeddable":true,"href":"https:\/\/antcube.shop\/cs\/wp-json\/wp\/v2\/product_brand?post=6562"},{"taxonomy":"product_cat","embeddable":true,"href":"https:\/\/antcube.shop\/cs\/wp-json\/wp\/v2\/product_cat?post=6562"},{"taxonomy":"product_tag","embeddable":true,"href":"https:\/\/antcube.shop\/cs\/wp-json\/wp\/v2\/product_tag?post=6562"}],"curies":[{"name":"wp","href":"https:\/\/api.w.org\/{rel}","templated":true}]}}