{"id":6559,"date":"2023-12-04T11:33:22","date_gmt":"2023-12-04T10:33:22","guid":{"rendered":"https:\/\/antcube.shop\/product\/heizmatte-26x28cm-14w\/"},"modified":"2026-03-30T10:31:01","modified_gmt":"2026-03-30T08:31:01","slug":"topna-rohoz-26x28cm-14w","status":"publish","type":"product","link":"https:\/\/antcube.shop\/cs\/produkt\/topna-rohoz-26x28cm-14w\/","title":{"rendered":"Vyh\u0159\u00edvac\u00ed roho\u017e 26x28cm - 14W"},"content":{"rendered":"<p><strong>Rozm\u011bry:<\/strong> 26 x 28 cm<\/p>\n<p><strong>V\u00fdkon:<\/strong> 14 watt\u016f<\/p>\n<p><strong>Povrchov\u00e1 teplota:<\/strong> 28-32 \u00b0C<\/p>\n<p><strong>Popis:<\/strong> Vyh\u0159\u00edvac\u00ed podlo\u017eka do formik\u00e1ria - vhodn\u00e1 zejm\u00e9na pro druhy z teplej\u0161\u00edch zem\u00ed. Vyh\u0159\u00edvac\u00ed roho\u017ee vyza\u0159uj\u00ed infra\u010derven\u00e9 teplo, podobn\u011b jako keramick\u00e9 s\u00e1lav\u00e9 oh\u0159\u00edva\u010de. Paprsky oh\u0159\u00edvaj\u00ed p\u0159edm\u011bty a zv\u00ed\u0159ata, ani\u017e by v\u00fdrazn\u011b zvy\u0161ovaly teplotu vzduchu. Jsou proto ide\u00e1ln\u00ed pro zaji\u0161t\u011bn\u00ed m\u00edst pro \"opalov\u00e1n\u00ed\". Ve\u0161ker\u00fd pot\u0159ebn\u00fd teplotn\u00ed gradient ve formik\u00e1riu tak lze l\u00e9pe dos\u00e1hnout a kontrolovat. Tyto vyh\u0159\u00edvac\u00ed roho\u017ee jsou samolepic\u00ed, a proto je lze snadno p\u0159ipevnit k formik\u00e1riu.<\/p>\n<p><strong>Pozn\u00e1mka:<\/strong> Nikdy neum\u00eds\u0165ujte topn\u00e1 t\u011blesa p\u0159\u00edmo pod formik\u00e1rium, v\u017edy je t\u0159eba zajistit odvod tepla, aby nedo\u0161lo k jeho nahromad\u011bn\u00ed nebo po\u0161kozen\u00ed formik\u00e1ria.<\/p>","protected":false},"excerpt":{"rendered":"<p><strong>Rozm\u011bry:<\/strong> 26 x 28 cm \/ Euro z\u00e1str\u010dka pro 230 V<\/p>","protected":false},"featured_media":6619,"comment_status":"open","ping_status":"closed","template":"","meta":{"_acf_changed":false,"content-type":"","_monsterinsights_skip_tracking":false,"_monsterinsights_sitenote_active":false,"_monsterinsights_sitenote_note":"","_monsterinsights_sitenote_category":0},"product_brand":[],"product_cat":[359,119],"product_tag":[],"class_list":{"0":"post-6559","1":"product","2":"type-product","3":"status-publish","4":"has-post-thumbnail","6":"product_cat-light-heat-humidity","7":"product_cat-formicarium-components","9":"first","10":"instock","11":"taxable","12":"shipping-taxable","13":"purchasable","14":"product-type-simple"},"acf":[],"aioseo_notices":[],"jetpack_sharing_enabled":true,"_links":{"self":[{"href":"https:\/\/antcube.shop\/cs\/wp-json\/wp\/v2\/product\/6559","targetHints":{"allow":["GET"]}}],"collection":[{"href":"https:\/\/antcube.shop\/cs\/wp-json\/wp\/v2\/product"}],"about":[{"href":"https:\/\/antcube.shop\/cs\/wp-json\/wp\/v2\/types\/product"}],"replies":[{"embeddable":true,"href":"https:\/\/antcube.shop\/cs\/wp-json\/wp\/v2\/comments?post=6559"}],"wp:featuredmedia":[{"embeddable":true,"href":"https:\/\/antcube.shop\/cs\/wp-json\/wp\/v2\/media\/6619"}],"wp:attachment":[{"href":"https:\/\/antcube.shop\/cs\/wp-json\/wp\/v2\/media?parent=6559"}],"wp:term":[{"taxonomy":"product_brand","embeddable":true,"href":"https:\/\/antcube.shop\/cs\/wp-json\/wp\/v2\/product_brand?post=6559"},{"taxonomy":"product_cat","embeddable":true,"href":"https:\/\/antcube.shop\/cs\/wp-json\/wp\/v2\/product_cat?post=6559"},{"taxonomy":"product_tag","embeddable":true,"href":"https:\/\/antcube.shop\/cs\/wp-json\/wp\/v2\/product_tag?post=6559"}],"curies":[{"name":"wp","href":"https:\/\/api.w.org\/{rel}","templated":true}]}}