{"id":6556,"date":"2023-12-04T11:33:04","date_gmt":"2023-12-04T10:33:04","guid":{"rendered":"https:\/\/antcube.shop\/product\/led-sun-klein-5w-63940\/"},"modified":"2026-03-10T10:32:09","modified_gmt":"2026-03-10T09:32:09","slug":"vedl-slunecni-svetlo-male-5w-63940","status":"publish","type":"product","link":"https:\/\/antcube.shop\/cs\/produkt\/vedl-slunecni-svetlo-male-5w-63940\/","title":{"rendered":"LED slunce mal\u00e9 5W - 63940"},"content":{"rendered":"<p><strong>Technick\u00e9 specifikace: <\/strong><\/p>\n<p>V\u00fdkon: 5 W<\/p>\n<p>Nap\u011bt\u00ed: 230V<\/p>\n<p>Z\u00e1suvka: E27<\/p>\n<p>Barva sv\u011btla: b\u00edl\u00e1<\/p>\n<p>LED diody: 20<\/p>\n<p><strong>Popis:<\/strong> Ide\u00e1ln\u00ed pro v\u0161echny druhy mravenc\u016f. Spektrum podobn\u00e9 denn\u00edmu sv\u011btlu s dobr\u00fdm osv\u011btlen\u00edm formik\u00e1ria. \u017d\u00e1dn\u00e9 ne\u017e\u00e1douc\u00ed vyza\u0159ov\u00e1n\u00ed tepla, mimo\u0159\u00e1dn\u011b \u00fasporn\u00e9.<\/p>","protected":false},"excerpt":{"rendered":"<p>P\u0159\u00edkon: 2 W Nap\u011bt\u00ed: 230 V pro z\u00e1suvku E27<\/p>","protected":false},"featured_media":6617,"comment_status":"open","ping_status":"closed","template":"","meta":{"_acf_changed":false,"content-type":"","_monsterinsights_skip_tracking":false,"_monsterinsights_sitenote_active":false,"_monsterinsights_sitenote_note":"","_monsterinsights_sitenote_category":0},"product_brand":[],"product_cat":[359,119],"product_tag":[],"class_list":{"0":"post-6556","1":"product","2":"type-product","3":"status-publish","4":"has-post-thumbnail","6":"product_cat-light-heat-humidity","7":"product_cat-formicarium-components","9":"first","10":"outofstock","11":"taxable","12":"shipping-taxable","13":"purchasable","14":"product-type-simple"},"acf":[],"aioseo_notices":[],"jetpack_sharing_enabled":true,"_links":{"self":[{"href":"https:\/\/antcube.shop\/cs\/wp-json\/wp\/v2\/product\/6556","targetHints":{"allow":["GET"]}}],"collection":[{"href":"https:\/\/antcube.shop\/cs\/wp-json\/wp\/v2\/product"}],"about":[{"href":"https:\/\/antcube.shop\/cs\/wp-json\/wp\/v2\/types\/product"}],"replies":[{"embeddable":true,"href":"https:\/\/antcube.shop\/cs\/wp-json\/wp\/v2\/comments?post=6556"}],"wp:featuredmedia":[{"embeddable":true,"href":"https:\/\/antcube.shop\/cs\/wp-json\/wp\/v2\/media\/6617"}],"wp:attachment":[{"href":"https:\/\/antcube.shop\/cs\/wp-json\/wp\/v2\/media?parent=6556"}],"wp:term":[{"taxonomy":"product_brand","embeddable":true,"href":"https:\/\/antcube.shop\/cs\/wp-json\/wp\/v2\/product_brand?post=6556"},{"taxonomy":"product_cat","embeddable":true,"href":"https:\/\/antcube.shop\/cs\/wp-json\/wp\/v2\/product_cat?post=6556"},{"taxonomy":"product_tag","embeddable":true,"href":"https:\/\/antcube.shop\/cs\/wp-json\/wp\/v2\/product_tag?post=6556"}],"curies":[{"name":"wp","href":"https:\/\/api.w.org\/{rel}","templated":true}]}}