{"id":6555,"date":"2023-12-04T11:27:26","date_gmt":"2023-12-04T10:27:26","guid":{"rendered":"https:\/\/antcube.shop\/product\/ameisenarena-lampenfassung-e27\/"},"modified":"2026-04-10T14:08:36","modified_gmt":"2026-04-10T12:08:36","slug":"antena-objimka-e27","status":"publish","type":"product","link":"https:\/\/antcube.shop\/cs\/produkt\/antena-objimka-e27\/","title":{"rendered":"Ant Arena - Obj\u00edmka - E27"},"content":{"rendered":"<p><strong>Obsah:<\/strong><br \/>\n- Plastov\u00e1 obj\u00edmka E27 se s\u00ed\u0165ov\u00fdm kabelem a vyp\u00edna\u010dem<br \/>\n- pr\u016fhledn\u00fd akrylov\u00fd krou\u017eek pro upevn\u011bn\u00ed do otvor\u016f o pr\u016fm\u011bru 50 mm<\/p>\n<p><strong>Materi\u00e1l:<\/strong> z\u00e1suvka (plast); dr\u017e\u00e1k (plast); kabel (m\u011bd\u011bn\u00fd s plastov\u00fdm pl\u00e1\u0161t\u011bm); krou\u017eek PMMA (pro upevn\u011bn\u00ed do otvor\u016f 50 mm)<\/p>\n<p><strong>Barva:<\/strong> sv\u011btle \u0161ed\u00e1<\/p>\n<p><strong>Technick\u00e9 specifikace:<\/strong><br \/>\nRozm\u011bry z\u00e1suvky: Rozm\u011bry: 4,5 \u00d7 4,5 \u00d7 6 cm<br \/>\nD\u00e9lka kabelu: 3,5 m<br \/>\nV\u00fdkon: max. 60 W<br \/>\nZ\u00e1suvka: E27<\/p>\n<p><strong>POZOR: <\/strong>p\u0159i pou\u017eit\u00ed s na\u0161imi hybridn\u00edmi kryty a 5 cm \u0161irok\u00fdmi r\u00e1me\u010dky Arena se tento dr\u017e\u00e1k lampy nehod\u00ed. Pro hybridn\u00ed kryt budete pot\u0159ebovat 3 cm \u0161irok\u00fd r\u00e1me\u010dek.<\/p>\n<p><strong>Popis:<\/strong><br \/>\nPro osv\u011btlen\u00ed mraveni\u0161t\u011b lze tuto z\u00e1suvku zapojit p\u0159\u00edmo do krytu mraveni\u0161t\u011b.<\/p>\n<p>&nbsp;<\/p>","protected":false},"excerpt":{"rendered":"<p>Obsah: - Materi\u00e1l: obj\u00edmka (plast); obj\u00edmka (plast); kabel (m\u011bd\u011bn\u00fd s plastov\u00fdm pl\u00e1\u0161t\u011bm); krou\u017eek z PMMA (pro upevn\u011bn\u00ed do otvor\u016f 50 mm) Barva: sv\u011btle \u0161ed\u00e1 Technick\u00e9 specifikace: Rozm\u011bry z\u00e1suvky: 50 mm: D\u00e9lka kabelu: 3,5 m P\u0159\u00edkon: max. 60 W [...]","protected":false},"featured_media":7574,"comment_status":"open","ping_status":"closed","template":"","meta":{"_acf_changed":false,"content-type":"","_monsterinsights_skip_tracking":false,"_monsterinsights_sitenote_active":false,"_monsterinsights_sitenote_note":"","_monsterinsights_sitenote_category":0},"product_brand":[],"product_cat":[359,119],"product_tag":[],"class_list":{"0":"post-6555","1":"product","2":"type-product","3":"status-publish","4":"has-post-thumbnail","6":"product_cat-light-heat-humidity","7":"product_cat-formicarium-components","9":"first","10":"instock","11":"taxable","12":"shipping-taxable","13":"purchasable","14":"product-type-simple"},"acf":[],"aioseo_notices":[],"jetpack_sharing_enabled":true,"_links":{"self":[{"href":"https:\/\/antcube.shop\/cs\/wp-json\/wp\/v2\/product\/6555","targetHints":{"allow":["GET"]}}],"collection":[{"href":"https:\/\/antcube.shop\/cs\/wp-json\/wp\/v2\/product"}],"about":[{"href":"https:\/\/antcube.shop\/cs\/wp-json\/wp\/v2\/types\/product"}],"replies":[{"embeddable":true,"href":"https:\/\/antcube.shop\/cs\/wp-json\/wp\/v2\/comments?post=6555"}],"wp:featuredmedia":[{"embeddable":true,"href":"https:\/\/antcube.shop\/cs\/wp-json\/wp\/v2\/media\/7574"}],"wp:attachment":[{"href":"https:\/\/antcube.shop\/cs\/wp-json\/wp\/v2\/media?parent=6555"}],"wp:term":[{"taxonomy":"product_brand","embeddable":true,"href":"https:\/\/antcube.shop\/cs\/wp-json\/wp\/v2\/product_brand?post=6555"},{"taxonomy":"product_cat","embeddable":true,"href":"https:\/\/antcube.shop\/cs\/wp-json\/wp\/v2\/product_cat?post=6555"},{"taxonomy":"product_tag","embeddable":true,"href":"https:\/\/antcube.shop\/cs\/wp-json\/wp\/v2\/product_tag?post=6555"}],"curies":[{"name":"wp","href":"https:\/\/api.w.org\/{rel}","templated":true}]}}