{"id":6377,"date":"2023-10-06T18:09:26","date_gmt":"2023-10-06T16:09:26","guid":{"rendered":"https:\/\/antcube.shop\/product\/bundle-offer-polyrhachis-dives\/"},"modified":"2026-03-27T18:08:09","modified_gmt":"2026-03-27T17:08:09","slug":"bundle-offer-polyrhachis-dives","status":"publish","type":"product","link":"https:\/\/antcube.shop\/cs\/produkt\/bundle-offer-polyrhachis-dives\/","title":{"rendered":"Nab\u00eddka bal\u00ed\u010dk\u016f - Polyrhachis dives"},"content":{"rendered":"<p dir=\"ltr\"><span data-text-color=\"alert\"><strong><span data-text-color=\"secondary\">Nab\u00eddka bal\u00ed\u010dku obsahuj\u00edc\u00edho kolonii mravenc\u016f Polyrhachis dives (kr\u00e1lovna s 26-50 d\u011blnicemi + sn\u016f\u0161ka), startovac\u00ed sadu pro mravence tkalce s 1x z\u00e1kladnou pro formik\u00e1rium, 1x okrasn\u00fdm ke\u0159em a 1x hn\u00edzdn\u00ed koul\u00ed jako hn\u00edzdi\u0161t\u011bm a 1x magnetickou plo\u0161inou pro snadn\u011bj\u0161\u00ed krmen\u00ed.<\/span><br \/>\n<\/strong><\/span><\/p>\n<p><span data-text-color=\"alert\"><strong>Pouze do vyprod\u00e1n\u00ed z\u00e1sob.<\/strong><\/span><\/p>\n<p><strong>V\u0161e, co pot\u0159ebujete pro kolonii mravenc\u016f Polyrhachis dives<\/strong><br \/>\nTento bal\u00ed\u010dek obsahuje v\u0161e, co pot\u0159ebujete k \u00fasp\u011b\u0161n\u00e9mu zalo\u017een\u00ed kolonie Polyrhachis dives v prvn\u00edch m\u011bs\u00edc\u00edch \u017eivota. Je flexibiln\u011b roz\u0161i\u0159iteln\u00fd a v\u00fdslovn\u011b vhodn\u00fd pro za\u010d\u00e1te\u010dn\u00edky v chovu mravenc\u016f.<\/p>\n<p><strong>Druh mravence Polyrhachis dives:<\/strong><br \/>\nPolyrhachis dives poch\u00e1z\u00ed z Asie a Austr\u00e1lie a m\u00e1 o n\u011bco v\u011bt\u0161\u00ed are\u00e1l roz\u0161\u00ed\u0159en\u00ed. Pro tento druh je charakteristick\u00e9 st\u0159\u00edbrn\u00e9 a\u017e zlatav\u00e9 zbarven\u00ed na jinak \u010dernohn\u011bd\u00e9m t\u011ble \u017eivo\u010dich\u016f. Jsou pon\u011bkud men\u0161\u00ed ne\u017e Oecophylla, \u010dasto \u017eij\u00ed p\u0159i zemi a hn\u00edzda si s oblibou stav\u00ed na kamenech nebo k\u016f\u0159e strom\u016f. Ke sp\u0159\u00e1d\u00e1n\u00ed hn\u00edzda pou\u017e\u00edvaj\u00ed sv\u00e9 larvy, ale z v\u011bdeck\u00e9ho hlediska nepat\u0159\u00ed mezi \"prav\u00e9 tkalce\" jako Oecophylla, i kdy\u017e v podstat\u011b pou\u017e\u00edvaj\u00ed t\u00e9m\u011b\u0159 stejnou techniku tkan\u00ed. Druhy rodu Polyrhachis maj\u00ed n\u011bkdy pom\u011brn\u011b mal\u00e9 kolonie \u010d\u00edtaj\u00edc\u00ed maxim\u00e1ln\u011b n\u011bkolik tis\u00edc jedinc\u016f. Podle zpr\u00e1v mohou pot\u00e1pn\u00edci rodu Polyrhachis za ide\u00e1ln\u00edch podm\u00ednek tvo\u0159it i kolonie s n\u011bkolika stovkami kr\u00e1loven a a\u017e n\u011bkolika sty tis\u00edci d\u011blnic. P\u0159i chovu v dom\u00e1c\u00edch podm\u00ednk\u00e1ch tomu tak v\u0161ak nebude.<\/p>\n<p>Polyrhachis dives je polygynn\u00ed, co\u017e znamen\u00e1, \u017ee m\u016f\u017ee m\u00edt n\u011bkolik kr\u00e1loven najednou. To znamen\u00e1, \u017ee velikost kolonie m\u016f\u017ee velmi rychle r\u016fst a pot\u0159ebuje hodn\u011b potravy a prostoru. Formik\u00e1rium by proto m\u011blo b\u00fdt tak\u00e9 roz\u0161i\u0159iteln\u00e9. Vzhledem k velikosti koloni\u00ed jsou pom\u011brn\u011b mr\u0161tn\u00e9 a jsou to opravdov\u00ed specialist\u00e9 na \u00fat\u011bky. Je proto t\u0159eba db\u00e1t na dobrou ochranu proti \u00faniku.<\/p>\n<p><strong>Hn\u00edzdo pro Polyrhachis dives<\/strong><br \/>\nVe formik\u00e1riu Polyrhachis dives p\u0159ijme t\u00e9m\u011b\u0159 jak\u00fdkoli stavebn\u00ed materi\u00e1l, kter\u00fd mu nab\u00eddnete. Do sv\u00fdch hn\u00edzd vpl\u00e9taj\u00ed v\u0161e, co jim p\u0159\u00edroda v okol\u00ed jejich domova poskytne, od p\u00edsku, drobn\u00e9ho zv\u00ed\u0159ec\u00edho steliva \u010di list\u00ed p\u0159es korek a kousky d\u0159eva a\u017e po drobn\u00e9 kameny. Na\u0161e kolonie Polyrhachis chov\u00e1me ji\u017e mnoho let pomoc\u00ed tzv. hn\u00edzdn\u00edch koul\u00ed. Do t\u00e9to sady jsme za\u0159adili i okrasn\u00fd ke\u0159, aby hn\u00edzdn\u00ed koule mohla b\u00fdt um\u00edst\u011bna kousek nad zem\u00ed, jak je to v p\u0159\u00edrod\u011b obvykl\u00e9.<\/p>\n<p><strong>Potraviny pro pot\u00e1p\u011b\u010de Polyrhachis<\/strong><br \/>\nJako potravinu jsme do t\u00e9to sady za\u0159adili na\u0161e cel\u00e9 blan\u0161\u00edrovan\u00e9 cvr\u010dky a medovici. Oboj\u00ed je pot\u00e1pkami rodu Polyrhachis velmi dob\u0159e p\u0159ij\u00edm\u00e1no a d\u00edky obsa\u017een\u00fdm \u017eivin\u00e1m podporuje p\u0159irozen\u00fd a pozitivn\u00ed v\u00fdvoj kolonie.<\/p>\n<p><strong>Optim\u00e1ln\u00ed klimatick\u00e9 podm\u00ednky pro pot\u00e1p\u011bn\u00ed Polyrhachis jsou n\u00e1sleduj\u00edc\u00ed:<\/strong><br \/>\nVlhkost:<br \/>\nAr\u00e9na: 50 - 70% Plocha hn\u00edzda: 60 - 80%<br \/>\nTeplota:<br \/>\nAr\u00e9na: P\u0159es den: 28 - 30\u00b0C V noci: 24 - 28\u00b0C Hn\u00edzdn\u00ed oblast: 28 - 30\u00b0C: 28- 30\u00b0C<\/p>\n<p><strong>Obsah:<\/strong><\/p>\n<p>1x Polyrhachis dives (2 queens + 26-50 workers + brood)<br \/>\n1x hn\u00edzdo p\u0159\u00edrodn\u00ed 10 cm - hrub\u00e9<br \/>\n1x rohov\u00e1 plo\u0161ina ANTCUBE 8\u00d78 - magnet<br \/>\n1x Dekorativn\u00ed pou\u0161tn\u00ed ke\u0159 30x15cm - tmav\u011b hn\u011bd\u00fd<br \/>\n1x n\u00e1pl\u0148 medovicov\u00e9 sm\u011bsi 10 ml<br \/>\n1x Cricket Jam 25g<br \/>\n1x z\u00e1kladna pro formik\u00e1rium 20\u00d720<\/p>\n<p>1x ANTCUBE - Arena 20x20x40 - vysok\u00e1<br \/>\n1x r\u00e1m mraveni\u0161t\u011b 20\u00d720<br \/>\n1x kryt mraveni\u0161t\u011b 20\u00d720<br \/>\n4x upev\u0148ovac\u00ed bod pro kryt ar\u00e9ny<\/p>\n<p>1x substr\u00e1t - de\u0161tn\u00fd prales - 1 kg<br \/>\n1x fotost\u011bna - de\u0161tn\u00fd prales - 20\u00d740 - vysok\u00e1<br \/>\nRozpra\u0161ova\u010d 0,5 litru - mosazn\u00e1 tryska<\/p>\n<p>2x Grid insert acrylic &#8211; 50 mm with sealing ring<br \/>\n2x Grid insert acrylic &#8211; 27 mm with sealing ring<\/p>\n<p>1x pinzeta z pru\u017einov\u00e9 oceli \u0161irok\u00e1 - m\u011bkk\u00e1<br \/>\n1x plastov\u00e1 pinzeta standard<br \/>\n1x plastov\u00e1 pipeta 3 ml<br \/>\n1x Olej na ochranu proti mravenc\u016fm 10ml<br \/>\n1x drinking clear 5ml &#8211; sponge<br \/>\n1x Feeding dish white rectangle &#8211; 3 compartments<br \/>\n1x Drinking trough 2ml &#8211; 360 Degrees<br \/>\n1x Ru\u010dn\u00ed lupa - 2x - 30 mm<br \/>\n1x p\u011bnov\u00fd st\u011bra\u010d 150x18x2,5mm<\/p>\n<p>&nbsp;<\/p>\n<p><strong>Popis Startovac\u00ed sada mravenc\u016f tkalc\u016f:<\/strong><br \/>\nTato roz\u0161i\u0159iteln\u00e1 startovac\u00ed sada pro r\u016fzn\u00e9 druhy tkalc\u016f, jako je Polyrhachis spec. nebo Oecophylla spec., obsahuje nejen optim\u00e1ln\u011b p\u0159izp\u016fsoben\u00e9 formik\u00e1rium, ale tak\u00e9 vhodn\u00e9 p\u0159\u00edslu\u0161enstv\u00ed pro chov t\u011bchto druh\u016f mravenc\u016f. Vhodn\u00e9 pro kolonie do po\u010dtu cca 500-1000 jedinc\u016f. Pro v\u011bt\u0161\u00ed kolonie doporu\u010dujeme formik\u00e1rium o rozm\u011brech 30x30x60 cm. Nap\u00e1je\u010dka \"\u010dir\u00e1 20ml - houbi\u010dka\" je ur\u010dena pro vodu, nap\u00e1je\u010dka \"2ml - 360 stup\u0148\u016f\" pro medovicovou sm\u011bs.<\/p>\n<p><strong>D\u016fle\u017eit\u00e9:<\/strong> P\u0159ed pou\u017eit\u00edm navlh\u010dete pou\u0161tn\u00ed substr\u00e1t, aby se sm\u011bs mohla spojit a v mraveni\u0161ti pevn\u011b dr\u017eet. Such\u00fd a pra\u0161n\u00fd substr\u00e1t m\u016f\u017ee nav\u00edc v\u00e9st k ucp\u00e1n\u00ed d\u00fdchac\u00edch cest mravenc\u016f a v nejhor\u0161\u00edm p\u0159\u00edpad\u011b k udu\u0161en\u00ed zv\u00ed\u0159at.<\/p>\n<p><strong>Pozn\u00e1mky k v\u00fdrob\u011b<\/strong><br \/>\nSklo je \u0159ez\u00e1no na m\u00edru podle normy DIN 1249 s toleranc\u00ed +\/- 1 mm. U extr\u00e9mn\u011b mal\u00fdch druh\u016f mravenc\u016f je nezbytn\u00e1 dodate\u010dn\u00e1 ochrana proti vylomen\u00ed.<\/p>\n<p><strong>Pozn\u00e1mka k blan\u0161\u00edrovan\u00fdm cvr\u010dk\u016fm:<\/strong><br \/>\nN\u00e1\u0161 cvr\u010d\u010d\u00ed d\u017eem p\u0159edstavuje snadn\u00fd zp\u016fsob, jak mravenc\u016fm poskytnout \u010derstv\u011b konzervovanou proteinovou potravu, ani\u017e by museli krmit \u017eiv\u00fdm hmyzem. Obsa\u017een\u00ed cvr\u010dci (Acheta domesticus) byli \u0161etrn\u011b uva\u0159eni, aby byly zachov\u00e1ny nutri\u010dn\u00ed hodnoty, chu\u0165 a v\u016fn\u011b. Krom\u011b toho se t\u00edmto zp\u016fsobem zm\u011bk\u010d\u00ed chitinov\u00e1 schr\u00e1nka hmyzu, aby se dala snadn\u011bji str\u00e1vit. Vazby kolagenn\u00edch b\u00edlkovin se rozru\u0161\u00ed, aby je mravenci mohli l\u00e9pe vyu\u017e\u00edt. Konzervy Acheta domesticus maj\u00ed stejnou v\u00fd\u017eivovou hodnotu jako \u017eiv\u00ed cvr\u010dci, ale jsou snadn\u011bji straviteln\u00e9.<\/p>\n<p>Blan\u0161\u00edrovan\u00ed cvr\u010dci nejsou vhodn\u00ed pro lov druh\u016f mravenc\u016f, kte\u0159\u00ed vy\u017eaduj\u00ed \u017eivou potravu (nap\u0159. ponravy (velc\u00ed mravenci) jako Harpegnathos nebo Odontomachus).<\/p>\n<p>Dal\u0161\u00ed v\u00fdhody:<br \/>\nZaru\u010den\u011b bez rozto\u010d\u016f<br \/>\nLze porcovat<br \/>\nSterilizovan\u00e9 a vys\u00e1t\u00e9<br \/>\nBez p\u0159\u00edsad<br \/>\nCvr\u010dci z udr\u017eiteln\u00e9ho \u010dist\u011b ekologick\u00e9ho chovu, krmeni organick\u00fdm odpadem<\/p>\n<p><strong>Upozorn\u011bn\u00ed:<\/strong><br \/>\nPo otev\u0159en\u00ed lze uchov\u00e1vat v chladni\u010dce asi \u010dty\u0159i dny. P\u0159i zmrazen\u00ed je trvanlivost del\u0161\u00ed.<\/p>\n<p><strong>Pozn\u00e1mka k medovici:<\/strong><br \/>\nObsah: 10 ml<br \/>\nJedn\u00e1 se o p\u0159\u00edrodn\u00ed produkt, kter\u00fd jsme po rozs\u00e1hl\u00e9m testov\u00e1n\u00ed v na\u0161\u00ed laborato\u0159i zdokonalili a vyvinuli z n\u011bj potravu, kterou mravenci velmi dob\u0159e p\u0159ij\u00edmaj\u00ed. D\u016fvodem je, \u017ee nezpracovan\u00fd medovicov\u00fd med v jeho koncentrovan\u00e9 p\u016fvodn\u00ed podob\u011b nen\u00ed mravenci a jejich metabolismem dob\u0159e p\u0159ij\u00edm\u00e1n.<br \/>\nNa\u0161e medovice byla nasb\u00edr\u00e1na v nezne\u010di\u0161t\u011bn\u00fdch divok\u00fdch horsk\u00fdch les\u00edch Bulharska. Medovice se rod\u00ed jen velmi omezenou dobu, v l\u00e9t\u011b asi dva m\u011bs\u00edce. Je proto velmi vz\u00e1cn\u00e1. D\u00edky specifick\u00fdm vlastnostem p\u016fdy v les\u00edch a klimatu se v listech strom\u016f ukl\u00e1daj\u00ed z\u00e1kladn\u00ed \u017eiviny, kter\u00e9 m\u0161ice vst\u0159eb\u00e1vaj\u00ed. Pr\u00e1v\u011b d\u00edky tomu je tato medovicov\u00e1 sm\u011bs pro mravence tak \u017e\u00e1douc\u00ed.<\/p>\n<p><strong>Pou\u017eit\u00ed:<\/strong><br \/>\nMno\u017estv\u00ed j\u00eddla by m\u011blo b\u00fdt spot\u0159ebov\u00e1no p\u0159ibli\u017en\u011b do 3 dn\u016f.<\/p>\n<p><strong>Popis:<\/strong><br \/>\nMedovice se na rozd\u00edl od kv\u011btov\u00e9ho medu z\u00edsk\u00e1v\u00e1 z v\u00fdm\u011b\u0161k\u016f hmyzu, kter\u00fd saje na rostlin\u00e1ch, nap\u0159\u00edklad m\u0161ic. Medovice je obl\u00edben\u00fdm zdrojem potravy pro mnoho druh\u016f hmyzu, jako jsou mravenci, v\u010dely a \u010dmel\u00e1ci. V\u010dely a \u010dmel\u00e1ci ji sl\u00edz\u00e1vaj\u00ed z list\u016f nebo jehli\u010d\u00ed r\u016fzn\u00fdch strom\u016f. Mravenci, jako je Lasius niger, m\u0161ice doslova chovaj\u00ed. Dokonce je br\u00e1n\u00ed p\u0159ed pred\u00e1tory a p\u0159en\u00e1\u0161ej\u00ed je na \u010derstv\u00e9 v\u00fdhonky.<\/p>\n<p>Medovice je u mravenc\u016f obzvl\u00e1\u0161t\u011b obl\u00edben\u00e1 d\u00edky sv\u00fdm pon\u011bkud odli\u0161n\u00fdm slo\u017ek\u00e1m. Hlavn\u00edmi cukry v medovici jsou sachar\u00f3za a frukt\u00f3za, ale v men\u0161\u00edm mno\u017estv\u00ed se vyskytuj\u00ed tak\u00e9 malt\u00f3za, trehal\u00f3za, melezit\u00f3za, rafin\u00f3za a dal\u0161\u00ed oligosacharidy. Krom\u011b cukru a vody obsahuje medovice tak\u00e9 esenci\u00e1ln\u00ed aminokyseliny, miner\u00e1ln\u00ed l\u00e1tky, stopov\u00e9 prvky, adenosiny, fosf\u00e1ty a dal\u0161\u00ed slo\u017eky, nap\u0159. vitaminy.<\/p>\n<p><strong>Pou\u017eit\u00ed:<\/strong><br \/>\nPro druhy mravenc\u016f medojed\u016f (Meliphagidae)<br \/>\nJedn\u00e1 se o dopl\u0148kov\u00e9 krmivo<br \/>\nZv\u00ed\u0159at\u016fm ji lze nab\u00eddnout v podob\u011b, v jak\u00e9 je dod\u00e1v\u00e1na. Vzhledem k tomu, \u017ee se koncentrace cukru sni\u017euje vlivem vlhkosti a za\u010d\u00edn\u00e1 proces kva\u0161en\u00ed, je t\u0159eba krmivo ka\u017ed\u00e9 t\u0159i dny vym\u011bnit. P\u0159ed op\u011btovn\u00fdm pou\u017eit\u00edm krmnou misku\/zkumavku d\u016fkladn\u011b vy\u010dist\u011bte.<br \/>\nPo otev\u0159en\u00ed balen\u00ed by m\u011blo b\u00fdt uchov\u00e1v\u00e1no t\u011bsn\u011b uzav\u0159en\u00e9 a\u017e do uplynut\u00ed doby pou\u017eitelnosti.<br \/>\nV\u00fd\u017eivov\u00e9 \u00fadaje na 100 g:<br \/>\ncca 2,7 % tuk\u016f<br \/>\nz toho nasycen\u00e9 p\u0159ibli\u017en\u011b 0,45 %<br \/>\np\u0159ibli\u017en\u011b 95 % sacharid\u016f<br \/>\nz toho cukr p\u0159ibli\u017en\u011b 71<br \/>\np\u0159ibli\u017en\u011b 2.85% b\u00edlkovin<\/p>\n<p>Miner\u00e1ln\u00ed l\u00e1tky (drasl\u00edk, v\u00e1pn\u00edk, m\u011b\u010f, \u017eelezo, sod\u00edk, ho\u0159\u010d\u00edk, fosfor, zinek a dal\u0161\u00ed stopov\u00e9 prvky). Aminokyseliny (prolin, leucin, fenylalanin, alanin, histidin, isoleucin, kyselina glutamov\u00e1, arginin, kyselina asparagov\u00e1 atd.) Organick\u00e9 kyseliny Enzymy (fermenty)P\u0159\u00edchut\u011b Inhibiny (antibakteri\u00e1ln\u00ed l\u00e1tky) Kv\u011bty Pyl<\/p>\n<p><strong>Skladov\u00e1n\u00ed:<\/strong><br \/>\nAby byla zaji\u0161t\u011bna kvalita krmiva, m\u011blo by b\u00fdt skladov\u00e1no na tmav\u00e9m a such\u00e9m m\u00edst\u011b.<\/p>\n<p><strong>Pozn\u00e1mka:<\/strong><br \/>\nInformace o pou\u017e\u00edv\u00e1n\u00ed krmn\u00fdch trubic naleznete zde: Odkaz<br \/>\nDopl\u0148kov\u00e9 krmivo pro mravence medojedy.<br \/>\nSlo\u017een\u00ed, analytick\u00e9 slo\u017eky, datum minim\u00e1ln\u00ed trvanlivosti a \u010d\u00edslo \u0161ar\u017ee najdete v p\u0159\u00edbalov\u00e9m let\u00e1ku.<\/p>\n<p>Informa\u010dn\u00ed linka +49 30 439703870<\/p>\n<p>Odpov\u011bdn\u00fd veterin\u00e1rn\u00ed a potravin\u00e1\u0159sk\u00fd inspektor\u00e1t:<br \/>\nVeterin\u00e1rn\u00ed kancel\u00e1\u0159 Steglitz<br \/>\nK\u00f6nigin-Luise-Str. 92<br \/>\n14195 Berl\u00edn<\/p>\n<p><strong>Popis Ornamental shrub<\/strong><\/p>\n<p>Velikost \/ v\u00fd\u0161ka 17 cm a\u017e 19 cm, pr\u016fm\u011br ~ 10 cm -12 cm, ide\u00e1ln\u00ed pro ar\u00e9ny 30x30x30 cm a vy\u0161\u0161\u00ed.<br \/>\nHmotnost se pohybuje mezi 50 a 80 gramy.<\/p>\n<p>Dekorativn\u00ed p\u0159edm\u011bt, kter\u00fd se skl\u00e1d\u00e1 z p\u0159\u00edrodn\u011b vysu\u0161en\u00e9ho d\u0159ev\u011bn\u00e9ho ke\u0159e a podstavce ze syntetick\u00e9 prysky\u0159ice (z\u00e1kladn\u00ed desky).<br \/>\nTento okrasn\u00fd ke\u0159 byl ru\u010dn\u011b vyroben v N\u011bmecku, a proto se vyzna\u010duje udr\u017eitelnost\u00ed.<\/p>\n<p><strong>POZOR:<\/strong> Neumis\u0165ujte je do velmi vlhk\u00fdch prostor (vlhkost nad 60%). Ke\u0159 by mohl za\u010d\u00edt plesniv\u011bt. P\u0159i velmi dobr\u00e9m v\u011btr\u00e1n\u00ed lze ke\u0159 um\u00edstit i do vlh\u010d\u00edho formik\u00e1ria.<\/p>\n<p>N\u011bkter\u00e9 okrasn\u00e9 ke\u0159e kv\u016fli sv\u00e9 v\u00fd\u0161ce ve formik\u00e1riu samy nestoj\u00ed. V takov\u00e9m p\u0159\u00edpad\u011b pom\u016f\u017ee, kdy\u017e z\u00e1kladnu trochu zakryjete substr\u00e1tem nebo produkt um\u00edst\u00edte bl\u00edzko vn\u011bj\u0161\u00edch skel.<\/p>\n<p><span data-text-color=\"alert\"><strong>D\u016eLE\u017dIT\u00c1 POZN\u00c1MKA K \u010cL\u00c1NKU:<\/strong><\/span><br \/>\nJeliko\u017e se jedn\u00e1 o p\u0159\u00edrodn\u00ed produkt \/ unik\u00e1tn\u00ed polo\u017eku, nejsou zde uveden\u00e9 ilustrace zcela toto\u017en\u00e9 s polo\u017ekou, kterou obdr\u017e\u00edte. Mohou se vyskytnout odchylky ve velikosti, tvaru a barv\u011b mini stromu a podkladov\u00e9 desky z lomov\u00e9 b\u0159idlice. Garantujeme pouze maxim\u00e1ln\u00ed v\u00fd\u0161ku p\u0159edm\u011btu.<\/p>\n<p>Objedn\u00e1n\u00edm tohoto zbo\u017e\u00ed souhlas\u00edte s v\u00fd\u0161e uveden\u00fdmi mo\u017en\u00fdmi odchylkami v\u00fdrobku ve velikosti, tvaru a barv\u011b v dob\u011b n\u00e1kupu.<\/p>","protected":false},"excerpt":{"rendered":"<p>Sada se skl\u00e1d\u00e1 z 31 d\u00edl\u016f.<br \/>\nVelikost: <strong>XL<\/strong><\/p>","protected":false},"featured_media":7116,"comment_status":"open","ping_status":"closed","template":"","meta":{"_acf_changed":false,"content-type":"","_monsterinsights_skip_tracking":false,"_monsterinsights_sitenote_active":false,"_monsterinsights_sitenote_note":"","_monsterinsights_sitenote_category":0},"product_brand":[],"product_cat":[355,354,73],"product_tag":[],"class_list":{"0":"post-6377","1":"product","2":"type-product","3":"status-publish","4":"has-post-thumbnail","6":"product_cat-bundle-offers","7":"product_cat-starter-sets-for-weaver-ants","8":"product_cat-starter-sets","10":"first","11":"instock","12":"taxable","13":"shipping-taxable","14":"purchasable","15":"product-type-simple"},"acf":[],"aioseo_notices":[],"jetpack_sharing_enabled":true,"_links":{"self":[{"href":"https:\/\/antcube.shop\/cs\/wp-json\/wp\/v2\/product\/6377","targetHints":{"allow":["GET"]}}],"collection":[{"href":"https:\/\/antcube.shop\/cs\/wp-json\/wp\/v2\/product"}],"about":[{"href":"https:\/\/antcube.shop\/cs\/wp-json\/wp\/v2\/types\/product"}],"replies":[{"embeddable":true,"href":"https:\/\/antcube.shop\/cs\/wp-json\/wp\/v2\/comments?post=6377"}],"wp:featuredmedia":[{"embeddable":true,"href":"https:\/\/antcube.shop\/cs\/wp-json\/wp\/v2\/media\/7116"}],"wp:attachment":[{"href":"https:\/\/antcube.shop\/cs\/wp-json\/wp\/v2\/media?parent=6377"}],"wp:term":[{"taxonomy":"product_brand","embeddable":true,"href":"https:\/\/antcube.shop\/cs\/wp-json\/wp\/v2\/product_brand?post=6377"},{"taxonomy":"product_cat","embeddable":true,"href":"https:\/\/antcube.shop\/cs\/wp-json\/wp\/v2\/product_cat?post=6377"},{"taxonomy":"product_tag","embeddable":true,"href":"https:\/\/antcube.shop\/cs\/wp-json\/wp\/v2\/product_tag?post=6377"}],"curies":[{"name":"wp","href":"https:\/\/api.w.org\/{rel}","templated":true}]}}