{"id":5936,"date":"2023-06-24T12:30:54","date_gmt":"2023-06-24T10:30:54","guid":{"rendered":"https:\/\/antcube.shop\/product\/antcube-starter-set-fur-ernteameisen-l-popcorn\/"},"modified":"2026-04-01T09:56:03","modified_gmt":"2026-04-01T07:56:03","slug":"antcube-starter-set-for-harvester-ants-l-popcorn","status":"publish","type":"product","link":"https:\/\/antcube.shop\/cs\/produkt\/antcube-starter-set-for-harvester-ants-l-popcorn\/","title":{"rendered":"ANTCUBE Starter Set for Harvester Ants &#8211; L"},"content":{"rendered":"<div class=\"tab-body active\">\n<p><strong>Obsah:<\/strong><br \/>\n1x ANTCUBE - Arena 20x20x10 - ploch\u00e1<br \/>\n1x r\u00e1m mraveni\u0161t\u011b 20\u00d720<br \/>\n1x kryt mraveni\u0161t\u011b 20\u00d720<br \/>\n1x upev\u0148ovac\u00ed body pro kryt ar\u00e9ny 4 ks.<br \/>\n1x ANTCUBE - Mraveni\u0161t\u011b - L - 20\u00d720 - ve svisl\u00e9 poloze<\/p>\n<p>2x ANTCUBE - Digfix Terra nidum 20\u00d720 - L - b\u00e9\u017eov\u00fd<\/p>\n<p>1x 1m pr\u016fhledn\u00e1 trubka 20\/16 mm<br \/>\n2x ANTCUBE - \u010derven\u00e1 f\u00f3lie 20\u00d720 - filtr<br \/>\n2x samolepic\u00ed klipy - pr\u016fhledn\u00e9 2 ks.<br \/>\n1x substr\u00e1t - pou\u0161\u0165 - 1 kg<\/p>\n<p>2x Grid insert acrylic &#8211; 50 mm with sealing ring<br \/>\n1x Grid insert acrylic &#8211; 27 mm with sealing ring<br \/>\n1x Grid cap &#8211; 10mm &#8211; stainless steel<\/p>\n<p>1x drinking clear 5ml &#8211; sponge<br \/>\n1x Feeding dish white rectangle &#8211; 3 compartments<\/p>\n<p>2x Foil thermometer &#8211; farm<br \/>\n1x Foil thermometer display<\/p>\n<p>1x spojka hadice n\u00e1dr\u017ee 27-14,16,20 mm - pr\u016fhledn\u00e1<br \/>\n1x Olej na ochranu proti \u00faniku mravenc\u016f 10ml<br \/>\n1x pinzeta z pru\u017einov\u00e9 oceli - \u0161irok\u00e1 - m\u011bkk\u00e1<br \/>\n1x pinzeta plastov\u00e1 pr\u016fhledn\u00e1<br \/>\n1x plastov\u00e1 pipeta 3 ml<br \/>\n1x ru\u010dn\u00ed lupa - 2x - 30mm<br \/>\n1x p\u011bnov\u00fd st\u011bra\u010d 150x18x2,5mm<br \/>\n1x fotopozad\u00ed - pou\u0161\u0165 - 20\u00d710<\/p>\n<p><strong>Popis:<\/strong><br \/>\nThis starter set is especially suitable for grain-collecting ant species of the genus Messor or Pogonomyrmex. One of these farms is intended for storing grains\/seeds and ant bread. To prevent the stored grains\/seeds from germinating or molding, it should be kept completely dry.<br \/>\nThe second farm is intended as a nest and breeding area for the ant colony. It should always be kept slightly moist.<\/p>\n<p><strong>Popis desky Terra nidum:<\/strong> Deska Terra nidum (latinsky zemn\u00ed hn\u00edzdo) z materi\u00e1lu, do kter\u00e9ho lze kopat, se dokonale hod\u00ed pro na\u0161e mraveni\u0161t\u011b ANTCUBE. Lze ji pou\u017e\u00edvat za sucha i za mokra. Je tak\u00e9 vhodn\u00e1 pro mnoho druh\u016f mravenc\u016f, zejm\u00e9na pro druhy, kter\u00e9 hn\u00edzd\u00ed v p\u00edsku a (mrtv\u00e9m) d\u0159ev\u011b. Lze jej pou\u017e\u00edt m\u00edsto sm\u011bs\u00ed p\u00edsku a hl\u00edny nebo korkov\u00fdch hn\u00edzdn\u00edch vlo\u017eek. V\u00fdhodou tohoto hn\u00edzda je, \u017ee navlh\u010den\u00ed desti\u010dky je snadn\u011bji kontrolovateln\u00e9 d\u00edky jasn\u011b viditeln\u00e9mu zbarven\u00ed a zbarven\u00ed desti\u010dky nab\u00edz\u00ed super kontrast k obvykle tmav\u0161\u00edm druh\u016fm mravenc\u016f. Krom\u011b toho nelze vnit\u0159n\u00ed desky mraveni\u0161t\u011b zne\u010distit substr\u00e1tem, jako je tomu nap\u0159\u00edklad u sm\u011bs\u00ed p\u00edsku a hl\u00edny, co\u017e umo\u017e\u0148uje dokonal\u00fd p\u0159ehled o hn\u00edzd\u011b. N\u00e1\u0161 hn\u00edzdn\u00ed materi\u00e1l m\u00e1 tak\u00e9 mnohem pevn\u011bj\u0161\u00ed strukturu, tak\u017ee tunely a kom\u016frky vyhlouben\u00e9 mravenci se nez\u0159\u00edt\u00ed.<\/p>\n<p><strong>D\u016fle\u017eit\u00e9: <\/strong>P\u0159ed pou\u017eit\u00edm navlh\u010dete pou\u0161tn\u00ed substr\u00e1t, aby se sm\u011bs mohla spojit a v mraveni\u0161ti pevn\u011b dr\u017eet. Such\u00fd a pra\u0161n\u00fd substr\u00e1t m\u016f\u017ee nav\u00edc v\u00e9st k ucp\u00e1n\u00ed d\u00fdchac\u00edch cest mravenc\u016f a v nejhor\u0161\u00edm p\u0159\u00edpad\u011b k udu\u0161en\u00ed zv\u00ed\u0159at.<\/p>\n<p><strong>Doporu\u010den\u00ed:<\/strong> Doporu\u010dujeme vrstvu substr\u00e1tu o v\u00fd\u0161ce 2 mm, aby se zv\u00ed\u0159ata nemohla do ar\u00e9ny zahrabat a m\u00edsto toho vyu\u017e\u00edvala k tomuto \u00fa\u010delu poskytnut\u00fd statek. Doporu\u010dujeme tak\u00e9, aby byl hn\u00edzdn\u00ed materi\u00e1l ve farm\u011b (p\u00edsek\/hl\u00edna, Digfix atd.) na jednom m\u00edst\u011b lehce nap\u00edch\u00e1n, aby se zv\u00ed\u0159at\u016fm l\u00e9pe hrabalo.<\/p>\n<p><strong>Pozn\u00e1mky k v\u00fdrob\u011b<\/strong><br \/>\nSklo je brou\u0161eno podle normy DIN 1249 s toleranc\u00ed +\/;- 1 mm. U extr\u00e9mn\u011b mal\u00fdch druh\u016f mravenc\u016f je nezbytn\u00e1 dodate\u010dn\u00e1 ochrana proti \u00faniku mravenc\u016f.<\/p>\n<p><strong>Pozn\u00e1mky k farm\u011b<\/strong><br \/>\nP\u0159i p\u0159ipojov\u00e1n\u00ed nebo odpojov\u00e1n\u00ed hadic dbejte na n\u00e1sleduj\u00edc\u00ed pokyny:<br \/>\nPokud se hadi\u010dka velmi \u0161patn\u011b nasazuje na p\u0159ipojovac\u00ed hrdlo, je t\u0159eba hrdlo lehce pot\u0159\u00edt kapkou na\u0161eho oleje nebo pr\u00e1\u0161ku proti prask\u00e1n\u00ed. Pot\u00e9 by se m\u011bla hadice nasunout na obj\u00edmku krou\u017eiv\u00fdmi nebo \u0161roubovac\u00edmi pohyby, ani\u017e by se obj\u00edmka nam\u00e1hala pohyby nahoru a dol\u016f. Tot\u00e9\u017e plat\u00ed i p\u0159i vyj\u00edm\u00e1n\u00ed hadic z p\u0159ipojovac\u00ed obj\u00edmky farmy. Nevytahujte ji jednodu\u0161e!<\/p>\n<p><strong>Pozn\u00e1mka k Terra nidum:<\/strong> P\u0159irozen\u00fd barevn\u00fd odst\u00edn se m\u016f\u017ee pohybovat mezi b\u00e9\u017eovou\/p\u00edskovou a sv\u011btle hn\u011bdou. Barevn\u00fd odst\u00edn nem\u00e1 vliv na kvalitu.<br \/>\nVzhledem k v\u00fdrobn\u00edmu procesu se rozm\u011bry mohou li\u0161it o +\/- 1 mm.<\/p>\n<\/div>","protected":false},"excerpt":{"rendered":"<p>This set consists of 30 parts and is ideal for all grain-collecting ants species.<br \/>\nVelikost: <span style=\"color: #0000ff;\"><strong>L<\/strong><\/span><\/p>","protected":false},"featured_media":5926,"comment_status":"open","ping_status":"closed","template":"","meta":{"_acf_changed":false,"content-type":"","_monsterinsights_skip_tracking":false,"_monsterinsights_sitenote_active":false,"_monsterinsights_sitenote_note":"","_monsterinsights_sitenote_category":0},"product_brand":[],"product_cat":[344,353,73,75],"product_tag":[],"class_list":{"0":"post-5936","1":"product","2":"type-product","3":"status-publish","4":"has-post-thumbnail","6":"product_cat-popcorn","7":"product_cat-starter-sets-for-harvester-ants","8":"product_cat-starter-sets","9":"product_cat-starter-sets-digfix","11":"first","12":"instock","13":"taxable","14":"shipping-taxable","15":"purchasable","16":"product-type-simple"},"acf":[],"aioseo_notices":[],"jetpack_sharing_enabled":true,"_links":{"self":[{"href":"https:\/\/antcube.shop\/cs\/wp-json\/wp\/v2\/product\/5936","targetHints":{"allow":["GET"]}}],"collection":[{"href":"https:\/\/antcube.shop\/cs\/wp-json\/wp\/v2\/product"}],"about":[{"href":"https:\/\/antcube.shop\/cs\/wp-json\/wp\/v2\/types\/product"}],"replies":[{"embeddable":true,"href":"https:\/\/antcube.shop\/cs\/wp-json\/wp\/v2\/comments?post=5936"}],"wp:featuredmedia":[{"embeddable":true,"href":"https:\/\/antcube.shop\/cs\/wp-json\/wp\/v2\/media\/5926"}],"wp:attachment":[{"href":"https:\/\/antcube.shop\/cs\/wp-json\/wp\/v2\/media?parent=5936"}],"wp:term":[{"taxonomy":"product_brand","embeddable":true,"href":"https:\/\/antcube.shop\/cs\/wp-json\/wp\/v2\/product_brand?post=5936"},{"taxonomy":"product_cat","embeddable":true,"href":"https:\/\/antcube.shop\/cs\/wp-json\/wp\/v2\/product_cat?post=5936"},{"taxonomy":"product_tag","embeddable":true,"href":"https:\/\/antcube.shop\/cs\/wp-json\/wp\/v2\/product_tag?post=5936"}],"curies":[{"name":"wp","href":"https:\/\/api.w.org\/{rel}","templated":true}]}}