{"id":5935,"date":"2023-06-24T12:30:33","date_gmt":"2023-06-24T10:30:33","guid":{"rendered":"https:\/\/antcube.shop\/product\/bundle-offer-messor-angularis\/"},"modified":"2025-10-19T06:01:04","modified_gmt":"2025-10-19T04:01:04","slug":"bundle-offer-messor-angularis","status":"publish","type":"product","link":"https:\/\/antcube.shop\/cs\/produkt\/bundle-offer-messor-angularis\/","title":{"rendered":"Nab\u00eddka bal\u00ed\u010dk\u016f - Messor arenarius"},"content":{"rendered":"<div class=\"tab-body active\">\n<p><span data-text-color=\"secondary\"><strong>Nab\u00eddka bal\u00ed\u010dku obsahuj\u00edc\u00edho kolonii mravenc\u016f Messor angularis (kr\u00e1lovna + l\u00edhe\u0148), startovac\u00ed sadu pro mravence skl\u00edze\u010de L Popcorn s 3x podlo\u017ekami Formicarium a sklenici na\u0161ich speci\u00e1ln\u00edch blan\u0161\u00edrovan\u00fdch cvr\u010dk\u016f (Moist Protein).<\/strong><\/span><\/p>\n<p><span data-text-color=\"alert\"><strong>Pouze do vyprod\u00e1n\u00ed z\u00e1sob.<\/strong><\/span><\/p>\n<p><strong>V\u0161e, co pot\u0159ebujete k \u00fasp\u011b\u0161n\u00e9mu chovu Messor arenarius<\/strong><br \/>\nTento bal\u00ed\u010dek obsahuje v\u0161e, co pot\u0159ebujete k \u00fasp\u011b\u0161n\u00e9mu chovu kolonie Messor arenarius po dobu n\u011bkolika prvn\u00edch m\u011bs\u00edc\u016f. Lze ji flexibiln\u011b roz\u0161i\u0159ovat a je ide\u00e1ln\u00ed pro za\u010d\u00e1tky s chovem mravenc\u016f.<\/p>\n<p><strong>Druh mravence: Messor arenarius<\/strong><br \/>\nMessor arenarius, zn\u00e1m\u00fd tak\u00e9 jako \"mravenec dunov\u00fd\", je v porovn\u00e1n\u00ed s ostatn\u00edmi druhy Messor velmi velk\u00fd granivorn\u00ed druh mravence a vyskytuje se p\u0159edev\u0161\u00edm v such\u00fdch a tepl\u00fdch oblastech severn\u00ed Afriky. Jejich hlavn\u00ed d\u011blnice mohou dosahovat ohromuj\u00edc\u00ed velikosti 18 mm. Je zn\u00e1m\u00fd svou p\u0159izp\u016fsobivost\u00ed such\u00fdm stanovi\u0161t\u00edm a pat\u0159\u00ed mezi tzv. harvesterov\u00e9 mravence, kte\u0159\u00ed jsou zn\u00e1m\u00ed sv\u00fdm zaj\u00edmav\u00fdm zp\u016fsobem \u017eivota a p\u016fsobiv\u00fdmi stavbami hn\u00edzd.<\/p>\n<p>Messor arenarius vizu\u00e1ln\u011b vynik\u00e1 leskl\u00fdm \u010dern\u00fdm t\u011blem a mohutn\u011b stav\u011bn\u00fdmi velk\u00fdmi d\u011blnicemi, kter\u00e9 jsou obzvl\u00e1\u0161t\u011b p\u016fsobiv\u00e9. D\u00edky sv\u00e9 robustn\u00ed povaze a jednoduch\u00fdm po\u017eadavk\u016fm na chov je ide\u00e1ln\u00edm druhem pro za\u010d\u00e1te\u010dn\u00edky, ale d\u00edky sv\u00e9 impozantn\u00ed velikosti je zaj\u00edmav\u00fd i pro pokro\u010dil\u00e9 chovatele mravenc\u016f.<\/p>\n<p><strong>Potraviny pro Messor arenarius<\/strong><br \/>\nMessor arenarius se \u017eiv\u00ed p\u0159edev\u0161\u00edm zrny, z nich\u017e si vyr\u00e1b\u00ed tzv. mraven\u010d\u00ed chl\u00e9b. Krom\u011b toho p\u0159ij\u00edm\u00e1 tak\u00e9 sladk\u00e9 ovoce, drobn\u00fd hmyz a b\u00edlkovinnou potravu. V\u011bt\u0161inu jejich pot\u0159eby vl\u00e1hy pokr\u00fdvaj\u00ed zrna, zbytek pokr\u00fdv\u00e1 hmyz a ve\u0161ker\u00e9 nab\u00edzen\u00e9 tekutiny, nap\u0159\u00edklad medov\u00e1 voda.<\/p>\n<p><strong>Ve formik\u00e1riu by se m\u011blo pod\u00e1vat n\u00e1sleduj\u00edc\u00ed krmivo:<\/strong><br \/>\nSm\u011bsi obil\u00ed<br \/>\nDrobn\u00fd hmyz (nap\u0159. ovocn\u00e9 mu\u0161ky)<br \/>\nV\u017edy zajist\u011bte \u010derstvou vodu<br \/>\nv p\u0159\u00edpad\u011b pot\u0159eby medovou vodu (pozn\u00e1mka: otev\u0159en\u00e9 tekutiny v\u017edy zakryjte, aby do nich mravenci nespadli).<\/p>\n<p><strong>Spr\u00e1vn\u00e9 formik\u00e1rium pro Messor arenarius<\/strong><br \/>\nStejn\u011b jako v\u0161ichni mravenci sb\u011bra\u010di pot\u0159ebuje i Messor arenarius hn\u00edzdo, kter\u00e9 nab\u00edz\u00ed jak such\u00e9, tak m\u00edrn\u011b vlhk\u00e9 prostory. Vlhk\u00fd prostor slou\u017e\u00ed k p\u00e9\u010di o l\u00edhn\u011b, zat\u00edmco such\u00e1 \u010d\u00e1st je ide\u00e1ln\u00ed pro skladov\u00e1n\u00ed zrn, aby se zabr\u00e1nilo vzniku pl\u00edsn\u00ed. Na\u0161e startovac\u00ed sada proto obsahuje dv\u011b mraveni\u0161t\u011b (hn\u00edzda), kter\u00e1 posta\u010d\u00ed na prvn\u00ed 1-2 roky. Pot\u00e9 je t\u0159eba formik\u00e1rium roz\u0161\u00ed\u0159it, aby vznikl prostor pro r\u016fst kolonie.<\/p>\n<p><strong>Optim\u00e1ln\u00ed klimatick\u00e9 podm\u00ednky pro Messor arenarius:<\/strong><br \/>\n<strong>Vlhkost:<\/strong><br \/>\nAr\u00e9na: 30-50 %<br \/>\nOblast hn\u00edzda: 50-70 %<\/p>\n<p><strong>Teplota:<\/strong><br \/>\nAr\u00e9na: 25-30 \u00b0C<br \/>\nOblast hn\u00edzda: 22-28 \u00b0C<\/p>\n<p><strong>Hn\u00edzdn\u00ed materi\u00e1l pro Messor arenarius<\/strong><br \/>\nDigfix je vhodn\u00fd zejm\u00e9na pro chov Messor arenarius. Je odoln\u00fd v\u016f\u010di vlhkosti a umo\u017e\u0148uje jasn\u00fd v\u00fdhled na hn\u00edzdn\u00ed struktury, ani\u017e by v\u00fdhled naru\u0161ovaly zbytky substr\u00e1tu, jako je tomu u sm\u011bs\u00ed p\u00edsku a hl\u00edny.<\/p>\n<p>Vzhledem k tomu, \u017ee d\u011blnice Major mohou \u010dasem okusovat i tvrd\u0161\u00ed materi\u00e1ly, jako je Ytong, doporu\u010dujeme sklen\u011bn\u00e1 hn\u00edzda s vlo\u017ekou Digfix. Tato kombinace nab\u00edz\u00ed nejen dlouhou \u017eivotnost, ale tak\u00e9 optim\u00e1ln\u00ed podm\u00ednky pro pozorov\u00e1n\u00ed a p\u00e9\u010di o kolonii.<\/p>\n<p>T\u00edmto uspo\u0159\u00e1d\u00e1n\u00edm vytvo\u0159\u00edte ide\u00e1ln\u00ed z\u00e1klad pro chov Messor arenarius a m\u016f\u017eete tyto fascinuj\u00edc\u00ed mravence pozorovat a pe\u010dovat o n\u011b po mnoho let.<\/p>\n<p><strong>Obsah:<\/strong><br \/>\n1x Messor arenarius (kr\u00e1lovna + 1-4 d\u011blnice + sn\u016f\u0161ka)<br \/>\n1x blan\u0161\u00edrovan\u00fd cvr\u010dek 10g<br \/>\n1x obiln\u00e9 krmivo minor 100g<br \/>\n1x podlo\u017eka do formik\u00e1ria - 20x20cm<br \/>\n2x podlo\u017eka do formik\u00e1ria - 20x6cm<\/p>\n<p>1x ANTCUBE - ar\u00e9na 20x20x10 - ploch\u00e1<br \/>\n1x r\u00e1m mraveni\u0161t\u011b 20\u00d720<br \/>\n1x kryt mraveni\u0161t\u011b 20\u00d720<br \/>\n1x upev\u0148ovac\u00ed body pro kryt ar\u00e9ny 4ks.<br \/>\n1x ANTCUBE - Mraveni\u0161t\u011b - L - 20\u00d720 - ve svisl\u00e9 poloze<\/p>\n<p>2x ANTCUBE - Digfix Terra nidum 20\u00d720 - L - b\u00e9\u017eov\u00fd<br \/>\n1x Popcornov\u00e9 hn\u00edzdo 20\u00d720 - L<br \/>\n1x 1m pr\u016fhledn\u00e1 trubka 20\/16 mm<br \/>\n2x ANTCUBE - \u010derven\u00e1 f\u00f3lie 20\u00d720 - filtr<br \/>\n2x samolepic\u00ed klipy - pr\u016fhledn\u00e9 2 ks.<br \/>\n1x substr\u00e1t - pou\u0161\u0165 - 1 kg<\/p>\n<p>2x m\u0159\u00ed\u017ekov\u00e1 vlo\u017eka - 50 mm - nerezov\u00e1 ocel<br \/>\n1x m\u0159\u00ed\u017ekov\u00e1 vlo\u017eka - 27 mm - nerezov\u00e1 ocel<br \/>\n1x krytka m\u0159\u00ed\u017eky - 16 mm - nerezov\u00e1 ocel<\/p>\n<p>1x spojka hadice n\u00e1dr\u017ee 27-14,16,20 mm - pr\u016fhledn\u00e1<br \/>\n1x d\u00e1vkova\u010d krmiva 2ml - d\u00e1vkovateln\u00fd<br \/>\n1x nap\u00e1je\u010dka \u010dir\u00e1 20ml - houbi\u010dka<br \/>\n1x miska \u010dir\u00e1 1\u00d720 - houba<br \/>\nMiniaturn\u00ed teplom\u011br analogov\u00fd - displej - z\u00e1v\u011bsn\u00fd<br \/>\n1x Olej na ochranu proti \u00faniku mravenc\u016f 10ml<br \/>\n1x pinzeta z pru\u017einov\u00e9 oceli - \u0161irok\u00e1 - m\u011bkk\u00e1<br \/>\n1x pinzeta plastov\u00e1 pr\u016fhledn\u00e1<br \/>\n1x plastov\u00e1 pipeta 3ml<br \/>\n1x ru\u010dn\u00ed lupa - 2x - 30mm<br \/>\n1x p\u011bnov\u00fd st\u011bra\u010d 150x18x2,5mm<br \/>\n1x fotopozad\u00ed - pou\u0161\u0165 - 20\u00d710<\/p>\n<p><strong>Popis Startovac\u00ed sada:<\/strong><br \/>\nTato startovac\u00ed sada je vhodn\u00e1 zejm\u00e9na pro druhy mravenc\u016f rodu Messor nebo Pogonomyrmex, kte\u0159\u00ed sb\u00edraj\u00ed zrn\u00ed. Farma s popcornovou deskou je ur\u010dena k uskladn\u011bn\u00ed semen a mraven\u010d\u00edho chleba, a proto by m\u011bla z\u016fstat zcela such\u00e1, aby semena\/zrna, kter\u00e1 zde mravenci uskladn\u00ed, nevykl\u00ed\u010dila nebo nezplesniv\u011bla.<br \/>\nDruh\u00e1 farma s deskou \"Terra nidum\" je ur\u010dena jako hn\u00edzdi\u0161t\u011b a m\u00edsto pro rozmno\u017eov\u00e1n\u00ed mravenc\u016f. Ta by m\u011bla b\u00fdt v\u017edy m\u00edrn\u011b vlhk\u00e1.<br \/>\nAbychom v\u00e1m poskytli v\u011bt\u0161\u00ed flexibilitu p\u0159i zakl\u00e1d\u00e1n\u00ed formik\u00e1ria, p\u0159ilo\u017eili jsme druhou desku \"Terra nidum\", kterou m\u016f\u017eete pou\u017e\u00edt m\u00edsto popcornov\u00e9ho hn\u00edzda.<\/p>\n<p><strong>Popis desky Terra nidum:<\/strong> Deska Terra nidum (latinsky zemn\u00ed hn\u00edzdo) z materi\u00e1lu, do kter\u00e9ho lze kopat, se dokonale hod\u00ed pro na\u0161e mraveni\u0161t\u011b ANTCUBE. Lze ji pou\u017e\u00edvat za sucha i za mokra. Je tak\u00e9 vhodn\u00e1 pro mnoho druh\u016f mravenc\u016f, zejm\u00e9na pro druhy, kter\u00e9 hn\u00edzd\u00ed v p\u00edsku a (mrtv\u00e9m) d\u0159ev\u011b. Lze jej pou\u017e\u00edt m\u00edsto sm\u011bs\u00ed p\u00edsku a hl\u00edny nebo korkov\u00fdch hn\u00edzdn\u00edch vlo\u017eek. V\u00fdhodou tohoto hn\u00edzda je, \u017ee navlh\u010den\u00ed desti\u010dky je snadn\u011bji kontrolovateln\u00e9 d\u00edky jasn\u011b viditeln\u00e9mu zbarven\u00ed a zbarven\u00ed desti\u010dky nab\u00edz\u00ed super kontrast k obvykle tmav\u0161\u00edm druh\u016fm mravenc\u016f. Krom\u011b toho nelze vnit\u0159n\u00ed desky mraveni\u0161t\u011b zne\u010distit substr\u00e1tem, jako je tomu nap\u0159\u00edklad u sm\u011bs\u00ed p\u00edsku a hl\u00edny, co\u017e umo\u017e\u0148uje dokonal\u00fd p\u0159ehled o hn\u00edzd\u011b. N\u00e1\u0161 hn\u00edzdn\u00ed materi\u00e1l m\u00e1 tak\u00e9 mnohem pevn\u011bj\u0161\u00ed strukturu, tak\u017ee tunely a kom\u016frky vyhlouben\u00e9 mravenci se nez\u0159\u00edt\u00ed.<\/p>\n<p><strong>Popis popcornov\u00e9ho hn\u00edzda:<\/strong> Toto popcornov\u00e9 hn\u00edzdo s prefabrikovan\u00fdmi chodbami a kom\u016frkami se dokonale hod\u00ed jako s\u00fdpka nap\u0159\u00edklad pro mravence Messor, ale i pro dal\u0161\u00ed druhy mravenc\u016f, kte\u0159\u00ed sb\u00edraj\u00ed zrn\u00ed. M\u00e1 otvor pro p\u0159\u00edstup do hn\u00edzda. Popcornov\u00e9 hn\u00edzdo absorbuje vlhkost a v d\u016fsledku toho se m\u016f\u017ee zv\u011bt\u0161ovat, proto by m\u011blo b\u00fdt v\u017edy udr\u017eov\u00e1no v suchu. Messor barbarus p\u0159ij\u00edm\u00e1 na\u0161e popcornov\u00e9 hn\u00edzdo ANTCUBE jako s\u00fdpku velmi dob\u0159e. Postupem \u010dasu za\u010dnou mravenci popcornov\u00e9 hn\u00edzdo roz\u0161i\u0159ovat a pro\u017e\u00edrat si hn\u00edzdn\u00ed materi\u00e1l. Ten von\u00ed po karamelizovan\u00e9m medu, a je proto velmi atraktivn\u00ed.<\/p>\n<p>Popcornov\u00e9 hn\u00edzdo by se m\u011blo pou\u017e\u00edvat pouze pro druhy mravenc\u016f, kter\u00e9 vy\u017eaduj\u00ed velmi malou nebo \u017e\u00e1dnou vlhkost v oblasti hn\u00edzda.<\/p>\n<p><strong>D\u016fle\u017eit\u00e9:<\/strong> P\u0159ed pou\u017eit\u00edm navlh\u010dete pou\u0161tn\u00ed substr\u00e1t, aby se sm\u011bs mohla spojit a v mraveni\u0161ti pevn\u011b dr\u017eet. Such\u00fd a pra\u0161n\u00fd substr\u00e1t m\u016f\u017ee nav\u00edc v\u00e9st k ucp\u00e1n\u00ed d\u00fdchac\u00edch cest mravenc\u016f a v nejhor\u0161\u00edm p\u0159\u00edpad\u011b k udu\u0161en\u00ed zv\u00ed\u0159at.<\/p>\n<p><strong>Doporu\u010den\u00ed:<\/strong> Doporu\u010dujeme vrstvu substr\u00e1tu o v\u00fd\u0161ce 2 mm, aby se zv\u00ed\u0159ata nemohla do ar\u00e9ny zahrabat a m\u00edsto toho vyu\u017e\u00edvala k tomuto \u00fa\u010delu poskytnut\u00fd statek. Doporu\u010dujeme tak\u00e9, aby byl hn\u00edzdn\u00ed materi\u00e1l ve farm\u011b (p\u00edsek\/hl\u00edna, Digfix atd.) na jednom m\u00edst\u011b lehce nap\u00edch\u00e1n, aby se zv\u00ed\u0159at\u016fm l\u00e9pe hrabalo.<\/p>\n<p><strong>Pozn\u00e1mky k v\u00fdrob\u011b<\/strong><br \/>\nSklo je brou\u0161eno podle normy DIN 1249 s toleranc\u00ed +\/;- 1 mm. U extr\u00e9mn\u011b mal\u00fdch druh\u016f mravenc\u016f je nezbytn\u00e1 dodate\u010dn\u00e1 ochrana proti \u00faniku mravenc\u016f.<\/p>\n<p><strong>Pozn\u00e1mky k farm\u011b<\/strong><br \/>\nP\u0159i p\u0159ipojov\u00e1n\u00ed nebo odpojov\u00e1n\u00ed hadic dbejte na n\u00e1sleduj\u00edc\u00ed pokyny:<br \/>\nPokud se hadi\u010dka velmi \u0161patn\u011b nasazuje na p\u0159ipojovac\u00ed hrdlo, je t\u0159eba hrdlo lehce pot\u0159\u00edt kapkou na\u0161eho oleje nebo pr\u00e1\u0161ku proti prask\u00e1n\u00ed. Pot\u00e9 by se m\u011bla hadice nasunout na obj\u00edmku krou\u017eiv\u00fdmi nebo \u0161roubovac\u00edmi pohyby, ani\u017e by se obj\u00edmka nam\u00e1hala pohyby nahoru a dol\u016f. Tot\u00e9\u017e plat\u00ed i p\u0159i vyj\u00edm\u00e1n\u00ed hadic z p\u0159ipojovac\u00ed obj\u00edmky farmy. Nevytahujte ji jednodu\u0161e!<\/p>\n<p><strong>Pozn\u00e1mka k Terra nidum:<\/strong> P\u0159irozen\u00e1 barva se m\u016f\u017ee pohybovat mezi b\u00e9\u017eovou\/p\u00edskovou a sv\u011btle hn\u011bdou. Barva nem\u00e1 vliv na kvalitu.<br \/>\nVzhledem k v\u00fdrobn\u00edmu procesu se rozm\u011bry mohou li\u0161it o +\/- 1 mm.<\/p>\n<p><strong>Pozn\u00e1mka k blan\u0161\u00edrovan\u00fdm cvr\u010dk\u016fm:<\/strong><br \/>\nN\u00e1\u0161 cvr\u010d\u010d\u00ed d\u017eem p\u0159edstavuje snadn\u00fd zp\u016fsob, jak mravenc\u016fm poskytnout \u010derstv\u011b konzervovanou proteinovou potravu, ani\u017e by museli krmit \u017eiv\u00fdm hmyzem. Obsa\u017een\u00ed cvr\u010dci (Acheta domesticus) byli \u0161etrn\u011b uva\u0159eni, aby byly zachov\u00e1ny nutri\u010dn\u00ed hodnoty, chu\u0165 a v\u016fn\u011b. Krom\u011b toho se t\u00edmto zp\u016fsobem zm\u011bk\u010d\u00ed chitinov\u00e1 schr\u00e1nka hmyzu, aby se dala snadn\u011bji str\u00e1vit. Vazby kolagenn\u00edch b\u00edlkovin se rozru\u0161\u00ed, aby je mravenci mohli l\u00e9pe vyu\u017e\u00edt. Konzervy Acheta domesticus maj\u00ed stejnou v\u00fd\u017eivovou hodnotu jako \u017eiv\u00ed cvr\u010dci, ale jsou snadn\u011bji straviteln\u00e9.<\/p>\n<p>Blan\u0161\u00edrovan\u00ed cvr\u010dci nejsou vhodn\u00ed pro lov druh\u016f mravenc\u016f, kte\u0159\u00ed vy\u017eaduj\u00ed \u017eivou potravu (nap\u0159. ponravy (velc\u00ed mravenci) jako Harpegnathos nebo Odontomachus).<\/p>\n<p><strong>Dal\u0161\u00ed v\u00fdhody:<\/strong><br \/>\nZaru\u010den\u011b bez rozto\u010d\u016f<br \/>\nLze porcovat<br \/>\nSterilizovan\u00e9 a vys\u00e1t\u00e9<br \/>\nBez p\u0159\u00edsad<br \/>\nCvr\u010dci z udr\u017eiteln\u00e9ho \u010dist\u011b ekologick\u00e9ho chovu, krmeni organick\u00fdm odpadem<\/p>\n<p><strong>Upozorn\u011bn\u00ed:<\/strong><br \/>\nPo otev\u0159en\u00ed lze uchov\u00e1vat v chladni\u010dce asi \u010dty\u0159i dny. P\u0159i zmrazen\u00ed je trvanlivost del\u0161\u00ed.<\/p>\n<\/div>","protected":false},"excerpt":{"rendered":"<p>Nab\u00eddka bal\u00ed\u010dku obsahuj\u00edc\u00edho kolonii mravenc\u016f Messor arenarius (kr\u00e1lovna + 5-10 d\u011blnic + v\u00fdvr\u017eky), startovac\u00ed sadu pro mravence skl\u00edze\u010de L Popcorn s 3x podlo\u017ekami do formik\u00e1ria a sklenici na\u0161ich speci\u00e1ln\u00edch blan\u0161\u00edrovan\u00fdch cvr\u010dk\u016f (vlhk\u00fd protein). Pouze do vyprod\u00e1n\u00ed z\u00e1sob. V\u0161e, co pot\u0159ebujete k \u00fasp\u011b\u0161n\u00e9mu chovu Messor arenarius Tento bal\u00ed\u010dek obsahuje v\u0161e, co pot\u0159ebujete k tomu, abyste mohli","protected":false},"featured_media":10873,"comment_status":"open","ping_status":"closed","template":"","meta":{"_acf_changed":false,"content-type":"","_monsterinsights_skip_tracking":false,"_monsterinsights_sitenote_active":false,"_monsterinsights_sitenote_note":"","_monsterinsights_sitenote_category":0},"product_brand":[],"product_cat":[355,344,353,73],"product_tag":[],"class_list":{"0":"post-5935","1":"product","2":"type-product","3":"status-publish","4":"has-post-thumbnail","6":"product_cat-bundle-offers","7":"product_cat-popcorn","8":"product_cat-starter-sets-for-harvester-ants","9":"product_cat-starter-sets","11":"first","12":"outofstock","13":"taxable","14":"shipping-taxable","15":"purchasable","16":"product-type-simple"},"acf":[],"aioseo_notices":[],"jetpack_sharing_enabled":true,"_links":{"self":[{"href":"https:\/\/antcube.shop\/cs\/wp-json\/wp\/v2\/product\/5935","targetHints":{"allow":["GET"]}}],"collection":[{"href":"https:\/\/antcube.shop\/cs\/wp-json\/wp\/v2\/product"}],"about":[{"href":"https:\/\/antcube.shop\/cs\/wp-json\/wp\/v2\/types\/product"}],"replies":[{"embeddable":true,"href":"https:\/\/antcube.shop\/cs\/wp-json\/wp\/v2\/comments?post=5935"}],"wp:featuredmedia":[{"embeddable":true,"href":"https:\/\/antcube.shop\/cs\/wp-json\/wp\/v2\/media\/10873"}],"wp:attachment":[{"href":"https:\/\/antcube.shop\/cs\/wp-json\/wp\/v2\/media?parent=5935"}],"wp:term":[{"taxonomy":"product_brand","embeddable":true,"href":"https:\/\/antcube.shop\/cs\/wp-json\/wp\/v2\/product_brand?post=5935"},{"taxonomy":"product_cat","embeddable":true,"href":"https:\/\/antcube.shop\/cs\/wp-json\/wp\/v2\/product_cat?post=5935"},{"taxonomy":"product_tag","embeddable":true,"href":"https:\/\/antcube.shop\/cs\/wp-json\/wp\/v2\/product_tag?post=5935"}],"curies":[{"name":"wp","href":"https:\/\/api.w.org\/{rel}","templated":true}]}}