{"id":5934,"date":"2023-06-24T12:30:09","date_gmt":"2023-06-24T10:30:09","guid":{"rendered":"https:\/\/antcube.shop\/product\/antcube-terra-nidum-20x20-l-beige\/"},"modified":"2026-04-04T16:23:10","modified_gmt":"2026-04-04T14:23:10","slug":"antcube-terra-nidum-20x20-l-beige","status":"publish","type":"product","link":"https:\/\/antcube.shop\/cs\/produkt\/antcube-terra-nidum-20x20-l-beige\/","title":{"rendered":"ANTCUBE - Digfix Terra nidum 20\u00d720 - L - b\u00e9\u017eov\u00e1"},"content":{"rendered":"<p><strong>Rozm\u011bry:<\/strong> 183x160x20 mm<\/p>\n<p><strong>Materi\u00e1l:<\/strong> kopateln\u00fd materi\u00e1l na b\u00e1zi prysky\u0159ice.<\/p>\n<p><strong>Popis:<\/strong> Deska Terra nidum (lat. zemn\u00ed hn\u00edzdo) z materi\u00e1lu, do kter\u00e9ho lze kopat, je ide\u00e1ln\u00ed pro na\u0161e mraveni\u0161t\u011b ANTCUBE. Lze ji pou\u017e\u00edvat za sucha i za mokra. Je vhodn\u00e1 i pro mnoho druh\u016f mravenc\u016f, zejm\u00e9na pro ty, kte\u0159\u00ed hn\u00edzd\u00ed v p\u00edsku a v (mrtv\u00e9m) d\u0159ev\u011b. Lze jej pou\u017e\u00edt m\u00edsto sm\u011bs\u00ed p\u00edsku a hl\u00edny nebo hn\u00edzdn\u00edch vlo\u017eek z korku. V\u00fdhodou tohoto hn\u00edzda je, \u017ee zvlh\u010den\u00ed desti\u010dky je d\u00edky dob\u0159e viditeln\u00e9mu zbarven\u00ed snadn\u011bji kontrolovateln\u00e9 a barva desti\u010dky nab\u00edz\u00ed velk\u00fd kontrast k obvykle tmav\u011bji zbarven\u00fdm druh\u016fm mravenc\u016f. Krom\u011b toho vnit\u0159n\u00ed desky mraveni\u0161t\u011b nemohou b\u00fdt zne\u010di\u0161t\u011bny substr\u00e1tem, jako je tomu nap\u0159\u00edklad u p\u00eds\u010ditohlinit\u00fdch sm\u011bs\u00ed, co\u017e umo\u017e\u0148uje dokonal\u00fd p\u0159ehled o hn\u00edzd\u011b. N\u00e1\u0161 hn\u00edzdn\u00ed materi\u00e1l m\u00e1 tak\u00e9 mnohem pevn\u011bj\u0161\u00ed strukturu, tak\u017ee tunely a kom\u016frky vyhlouben\u00e9 mravenci se nezhrout\u00ed.<\/p>\n<p><strong>Pozn\u00e1mka:<\/strong> P\u0159\u00edrodn\u00ed barevn\u00fd odst\u00edn se m\u016f\u017ee pohybovat mezi b\u00e9\u017eovou\/p\u00edskovou a sv\u011btle hn\u011bdou. Barevn\u00fd odst\u00edn nem\u00e1 vliv na kvalitu.<br \/>\nRozm\u011bry se mohou z d\u016fvodu v\u00fdroby li\u0161it o +\/- 1 mm.<\/p>","protected":false},"excerpt":{"rendered":"<p>Gr\u00f6\u00dfe: <strong>L<\/strong><\/p>","protected":false},"featured_media":5928,"comment_status":"open","ping_status":"closed","template":"","meta":{"_acf_changed":false,"content-type":"","_monsterinsights_skip_tracking":false,"_monsterinsights_sitenote_active":false,"_monsterinsights_sitenote_note":"","_monsterinsights_sitenote_category":0},"product_brand":[],"product_cat":[257,87,88],"product_tag":[],"class_list":{"0":"post-5934","1":"product","2":"type-product","3":"status-publish","4":"has-post-thumbnail","6":"product_cat-new-innovatve-products","7":"product_cat-nest-insets","8":"product_cat-digfix","10":"first","11":"instock","12":"taxable","13":"shipping-taxable","14":"purchasable","15":"product-type-simple"},"acf":[],"aioseo_notices":[],"jetpack_sharing_enabled":true,"_links":{"self":[{"href":"https:\/\/antcube.shop\/cs\/wp-json\/wp\/v2\/product\/5934","targetHints":{"allow":["GET"]}}],"collection":[{"href":"https:\/\/antcube.shop\/cs\/wp-json\/wp\/v2\/product"}],"about":[{"href":"https:\/\/antcube.shop\/cs\/wp-json\/wp\/v2\/types\/product"}],"replies":[{"embeddable":true,"href":"https:\/\/antcube.shop\/cs\/wp-json\/wp\/v2\/comments?post=5934"}],"wp:featuredmedia":[{"embeddable":true,"href":"https:\/\/antcube.shop\/cs\/wp-json\/wp\/v2\/media\/5928"}],"wp:attachment":[{"href":"https:\/\/antcube.shop\/cs\/wp-json\/wp\/v2\/media?parent=5934"}],"wp:term":[{"taxonomy":"product_brand","embeddable":true,"href":"https:\/\/antcube.shop\/cs\/wp-json\/wp\/v2\/product_brand?post=5934"},{"taxonomy":"product_cat","embeddable":true,"href":"https:\/\/antcube.shop\/cs\/wp-json\/wp\/v2\/product_cat?post=5934"},{"taxonomy":"product_tag","embeddable":true,"href":"https:\/\/antcube.shop\/cs\/wp-json\/wp\/v2\/product_tag?post=5934"}],"curies":[{"name":"wp","href":"https:\/\/api.w.org\/{rel}","templated":true}]}}