{"id":5475,"date":"2023-02-10T13:18:16","date_gmt":"2023-02-10T12:18:16","guid":{"rendered":"https:\/\/antcube.shop\/produkt\/popcorn-nest-20x20-l\/"},"modified":"2026-03-09T17:50:04","modified_gmt":"2026-03-09T16:50:04","slug":"popcorn-nest-20x20-l","status":"publish","type":"product","link":"https:\/\/antcube.shop\/cs\/produkt\/popcorn-nest-20x20-l\/","title":{"rendered":"Popcornov\u00e9 hn\u00edzdo 20\u00d720 - L"},"content":{"rendered":"<p><strong>Rozm\u011bry:<\/strong> 184 x 160 x 18 mm<\/p>\n<p><strong>Materi\u00e1l:<\/strong> popcorn lisovan\u00fd se sachar\u00f3zou a b\u00edlkovinami<\/p>\n<p><strong>Hod\u00ed se pouze<\/strong> v na\u0161ich mraveni\u0161t\u00edch velikost <strong>L<\/strong><\/p>\n<p><strong>Popis:<\/strong> Toto popcornov\u00e9 hn\u00edzdo s prefabrikovan\u00fdmi chodbami a kom\u016frkami je ide\u00e1ln\u00ed jako kom\u016frka na zrn\u00ed nap\u0159\u00edklad pro mravence Messor, ale i pro jin\u00e9 druhy mravenc\u016f, kte\u0159\u00ed sb\u00edraj\u00ed zrn\u00ed. M\u00e1 otvor jako p\u0159\u00edstup do hn\u00edzda. Popcornov\u00e9 hn\u00edzdo absorbuje vlhkost a v d\u016fsledku toho se m\u016f\u017ee roz\u0161i\u0159ovat, tak\u017ee<strong> rozhodn\u011b by se m\u011bl uchov\u00e1vat v suchu<\/strong>. Messor barbarus velmi dob\u0159e p\u0159ij\u00edm\u00e1 na\u0161e popcornov\u00e9 hn\u00edzdo ANTCUBE jako komoru na zrn\u00ed. \u010casem za\u010dnou mravenci popcornov\u00e9 hn\u00edzdo roz\u0161i\u0159ovat a prokous\u00e1vat si cestu hn\u00edzdn\u00edm materi\u00e1lem.<\/p>\n<p>Popcorn Nest by se m\u011bl pou\u017e\u00edvat pouze pro druhy mravenc\u016f, kter\u00e9 vy\u017eaduj\u00ed velmi malou nebo \u017e\u00e1dnou vlhkost v oblasti hn\u00edzda.<\/p>","protected":false},"excerpt":{"rendered":"<p>Rozm\u011bry: Velikost: 184 x 160 x 18 mm Materi\u00e1l: popcorn lisovan\u00fd se sachar\u00f3zou a b\u00edlkovinami Vhodn\u00fd pouze do na\u0161ich mraveni\u0161\u0165 velikost L Popis: Popcorn je lisovan\u00fd se sachar\u00f3zou a b\u00edlkovinami: Toto popcornov\u00e9 hn\u00edzdo s prefabrikovan\u00fdmi chodbami a kom\u016frkami je ide\u00e1ln\u00ed jako kom\u016frka na zrn\u00ed nap\u0159\u00edklad pro mravence Messor, ale i pro jin\u00e9 druhy mravenc\u016f, kte\u0159\u00ed sb\u00edraj\u00ed zrn\u00ed. M\u00e1 otvor jako hn\u00edzdo","protected":false},"featured_media":5459,"comment_status":"open","ping_status":"closed","template":"","meta":{"_acf_changed":false,"content-type":"","_monsterinsights_skip_tracking":false,"_monsterinsights_sitenote_active":false,"_monsterinsights_sitenote_note":"","_monsterinsights_sitenote_category":0},"product_brand":[],"product_cat":[257,344,87],"product_tag":[],"class_list":{"0":"post-5475","1":"product","2":"type-product","3":"status-publish","4":"has-post-thumbnail","6":"product_cat-new-innovatve-products","7":"product_cat-popcorn","8":"product_cat-nest-insets","10":"first","11":"instock","12":"taxable","13":"shipping-taxable","14":"purchasable","15":"product-type-simple"},"acf":[],"aioseo_notices":[],"jetpack_sharing_enabled":true,"_links":{"self":[{"href":"https:\/\/antcube.shop\/cs\/wp-json\/wp\/v2\/product\/5475","targetHints":{"allow":["GET"]}}],"collection":[{"href":"https:\/\/antcube.shop\/cs\/wp-json\/wp\/v2\/product"}],"about":[{"href":"https:\/\/antcube.shop\/cs\/wp-json\/wp\/v2\/types\/product"}],"replies":[{"embeddable":true,"href":"https:\/\/antcube.shop\/cs\/wp-json\/wp\/v2\/comments?post=5475"}],"wp:featuredmedia":[{"embeddable":true,"href":"https:\/\/antcube.shop\/cs\/wp-json\/wp\/v2\/media\/5459"}],"wp:attachment":[{"href":"https:\/\/antcube.shop\/cs\/wp-json\/wp\/v2\/media?parent=5475"}],"wp:term":[{"taxonomy":"product_brand","embeddable":true,"href":"https:\/\/antcube.shop\/cs\/wp-json\/wp\/v2\/product_brand?post=5475"},{"taxonomy":"product_cat","embeddable":true,"href":"https:\/\/antcube.shop\/cs\/wp-json\/wp\/v2\/product_cat?post=5475"},{"taxonomy":"product_tag","embeddable":true,"href":"https:\/\/antcube.shop\/cs\/wp-json\/wp\/v2\/product_tag?post=5475"}],"curies":[{"name":"wp","href":"https:\/\/api.w.org\/{rel}","templated":true}]}}