{"id":5380,"date":"2023-02-01T17:57:19","date_gmt":"2023-02-01T16:57:19","guid":{"rendered":"https:\/\/antcube.shop\/produkt\/bundle-offer-lasius-niger\/"},"modified":"2026-04-16T19:23:50","modified_gmt":"2026-04-16T17:23:50","slug":"svazek-nabidka-lasius-niger","status":"publish","type":"product","link":"https:\/\/antcube.shop\/cs\/produkt\/svazek-nabidka-lasius-niger\/","title":{"rendered":"Nab\u00eddka bal\u00ed\u010dk\u016f - Lasius niger"},"content":{"rendered":"<p><span data-text-color=\"secondary\"><strong>Nab\u00eddka bal\u00ed\u010dk\u016f obsahuje mraveni\u0161t\u011b Lasius niger (kr\u00e1lovna + 26-50 d\u011blnic + sn\u016f\u0161ka), startovac\u00ed sadu Combi M s ochrann\u00fdm r\u00e1mem proti \u00faniku, m\u0159\u00ed\u017ekovou vlo\u017ekou 50 mm, podstavec pod formik\u00e1rium - 20x20 cm, pr\u016fhlednou nap\u00e1je\u010dku 20 ml - houba, sklenici na\u0161ich speci\u00e1ln\u00edch cel\u00fdch blan\u0161\u00edrovan\u00fdch cvr\u010dk\u016f 10 g (vlhk\u00fd protein) a n\u00e1pl\u0148 medovicov\u00e9 sm\u011bsi 10 ml.<\/strong><\/span><\/p>\n<p><span data-text-color=\"alert\"><strong>Pouze do vyprod\u00e1n\u00ed z\u00e1sob.<\/strong><\/span><\/p>\n<p><strong>V\u0161e, co pot\u0159ebujete pro kolonii mravenc\u016f Lasius niger<\/strong><br \/>\nTento bal\u00ed\u010dek obsahuje v\u0161e, co pot\u0159ebujete k \u00fasp\u011b\u0161n\u00e9mu zalo\u017een\u00ed kolonie Lasius niger v prvn\u00edch m\u011bs\u00edc\u00edch. Je flexibiln\u011b roz\u0161i\u0159iteln\u00fd a v\u00fdslovn\u011b vhodn\u00fd pro za\u010d\u00e1te\u010dn\u00edky v chovu mravenc\u016f.<\/p>\n<p>Druh mravence Lasius niger Lasius niger, zn\u00e1m\u00fd tak\u00e9 jako \"mravenec s \u010dernou stezkou\", je jedn\u00edm z nejobl\u00edben\u011bj\u0161\u00edch druh\u016f pro za\u010d\u00ednaj\u00edc\u00ed chovatele mravenc\u016f. Pat\u0159\u00ed mezi mal\u00e9 a\u017e st\u0159edn\u011b velk\u00e9 mravence a je velmi skromn\u00fd. Je roz\u0161\u00ed\u0159en po cel\u00e9 Evrop\u011b, ale lze jej nal\u00e9zt tak\u00e9 v Asii, Africe a Severn\u00ed Americe.<\/p>\n<p><strong>Potraviny pro Lasius niger<\/strong><br \/>\nVe voln\u00e9 p\u0159\u00edrod\u011b se Lasius niger \u010dasto zdr\u017euje u m\u0161ic, aby sb\u00edral jejich medovici, kter\u00e1 vznik\u00e1 z rostlinn\u00fdch \u0161\u0165\u00e1v. P\u0159itom je chr\u00e1n\u00ed a dokonce je p\u0159en\u00e1\u0161\u00ed na mlad\u00e9 v\u00fdhonky.<br \/>\nDo formik\u00e1ria m\u016f\u017eete jednodu\u0161e um\u00edstit n\u011bkolik napaden\u00fdch v\u011btvi\u010dek (nap\u0159. r\u016f\u017e\u00ed, \u010dern\u00e9ho bezu, ryb\u00edzu) do v\u00e1zy a sledovat, jak je zv\u00ed\u0159ata doj\u00ed. Ve formik\u00e1riu je nejlep\u0161\u00ed pod\u00e1vat medov\u00fd roztok a b\u00edlkovinn\u00e9 krmivo (bu\u010f \u017eiv\u00fd drobn\u00fd hmyz, nebo su\u0161en\u00e9 b\u00edlkovinn\u00e9 krmivo).<\/p>\n<p><strong>Hibernace u Lasius niger<\/strong><br \/>\nLasius niger p\u0159ezimuje p\u0159ibli\u017en\u011b od konce \u0159\u00edjna do konce b\u0159ezna p\u0159i teplot\u011b 5-8 stup\u0148\u016f. Ve formik\u00e1riu m\u016f\u017eete jednodu\u0161e um\u00edstit cel\u00e9 formik\u00e1rium do chladn\u00e9 m\u00edstnosti nebo (pokud m\u00e1 formik\u00e1rium vyj\u00edmatelnou hn\u00edzdn\u00ed vlo\u017eku) um\u00edstit hn\u00edzdn\u00ed vlo\u017eku nap\u0159\u00edklad do lednice. Je v\u0161ak t\u0159eba db\u00e1t na to, aby mravenci nebyli vystaveni teplot\u00e1m pod 0 stup\u0148\u016f, proto\u017ee ve formik\u00e1riu nejsou nikdy tak dob\u0159e chr\u00e1n\u011bni p\u0159ed chladem jako ve voln\u00e9 p\u0159\u00edrod\u011b. Existuj\u00ed tak\u00e9 zpr\u00e1vy od chovatel\u016f, kte\u0159\u00ed chovaj\u00ed Lasius niger bez hibernace. To v\u0161ak m\u016f\u017ee v\u00e9st ke zkr\u00e1cen\u00ed \u017eivota kolonie nebo ke zpomalen\u00ed v\u00fdvoje ml\u00e1\u010fat. B\u011bhem hibernace nen\u00ed t\u0159eba zv\u00ed\u0159ata krmit nebo je t\u0159eba je krmit jen velmi m\u00e1lo, pokud je to nutn\u00e9. M\u011bli byste v\u0161ak pravideln\u011b kontrolovat vlhkost a d\u00e1vat pozor na pl\u00edsn\u011b!<\/p>\n<p><strong>Obsah:<\/strong><\/p>\n<p>1x Lasius niger (kr\u00e1lovna + 26-50 d\u011blnic + sn\u016f\u0161ka)<br \/>\n1x Cricket Jam 25g<br \/>\n1x Honeydew honey 10ml refill pack<\/p>\n<p>1x ANTCUBE - Arena 20x20x20 - Combi M<br \/>\n1x kryt mraveni\u0161t\u011b 20\u00d720<br \/>\n4x Upev\u0148ovac\u00ed bod pro kryt ar\u00e9ny<br \/>\n1x r\u00e1m pro mraveni\u0161t\u011b 20\u00d720<br \/>\n1x pad for formicariums &#8211; 20x20cm<\/p>\n<p>2x grid insert &#8211; 50mm<br \/>\n2x grid insert &#8211; 27mm<br \/>\n1x ANTCUBE - Digfixov\u00e1 deska 20\u00d720 - M<br \/>\n1x soil &#8211; Sand-loam red &#8211; 200g<\/p>\n<p>1x Foil thermometer display<br \/>\n1x drinking clear 5ml &#8211; sponge<br \/>\n1x nap\u00e1jec\u00ed \u017el\u00e1bek 2ml - 360 stup\u0148\u016f<br \/>\n1x Feeding dish white rectangle &#8211; 3 compartments<br \/>\n1x Ru\u010dn\u00ed lupa - 2x - 30 mm<br \/>\n1x Transparent plastic tweezers<br \/>\n1x pinzeta pru\u017einov\u00e1 ocel - \u0161irok\u00e1 - m\u011bkk\u00e1<br \/>\n1x plastov\u00e1 pipeta 3 ml<br \/>\n1x ochrann\u00fd olej proti \u00faniku mravenc\u016f 10ml<br \/>\n1x Foam wiper 150x18x2.5mm<\/p>\n<p><strong>Popis:<\/strong><br \/>\nTato startovac\u00ed sada - Combi je vhodn\u00e1 pro v\u011bt\u0161inu druh\u016f mravenc\u016f, kte\u0159\u00ed hn\u00edzd\u00ed v zemi.<br \/>\nSada je velmi kompaktn\u00ed a jej\u00ed p\u0159\u00edslu\u0161enstv\u00ed bylo omezeno na to nejnutn\u011bj\u0161\u00ed.<br \/>\nJedn\u00e1 se tedy o levnou sadu z vysoce kvalitn\u00edch materi\u00e1l\u016f, kter\u00e1 je ide\u00e1ln\u00ed pro za\u010d\u00e1tky s chovem mravenc\u016f.<br \/>\nP\u0159ilo\u017een\u00fd substr\u00e1t p\u00edsek - j\u00edlovit\u00e1 b\u00e9\u017eov\u00e1 barva je dob\u0159e p\u0159ij\u00edm\u00e1n v\u011bt\u0161inou druh\u016f mravenc\u016f hrabaj\u00edc\u00edch zemn\u00ed hn\u00edzda.<\/p>\n<p>Do hn\u00edzdn\u00ed oblasti ar\u00e9ny v\u0161ak lze um\u00edstit i jin\u00e9 p\u016fdn\u00ed substr\u00e1ty nebo hn\u00edzdn\u00ed vlo\u017eky.<br \/>\nDal\u0161\u00ed u\u017eite\u010dn\u00e9 p\u0159\u00edslu\u0161enstv\u00ed naleznete v nab\u00eddk\u00e1ch (viz n\u00ed\u017ee).<\/p>\n<p><strong>Doporu\u010den\u00ed:<\/strong> Doporu\u010dujeme vrstvu substr\u00e1tu o v\u00fd\u0161ce 2 mm, aby se zv\u00ed\u0159ata nemohla do ar\u00e9ny zahrabat a m\u00edsto toho vyu\u017e\u00edvala k tomuto \u00fa\u010delu poskytnut\u00fd statek. Doporu\u010dujeme tak\u00e9, aby byl hn\u00edzdn\u00ed materi\u00e1l ve farm\u011b (p\u00edsek\/hl\u00edna, Digfix atd.) na jednom m\u00edst\u011b lehce nap\u00edch\u00e1n, aby se zv\u00ed\u0159at\u016fm l\u00e9pe hrabalo.<\/p>\n<p><strong>D\u016fle\u017eit\u00e9:<\/strong> P\u0159ed pou\u017eit\u00edm navlh\u010dete pou\u0161tn\u00ed substr\u00e1t, aby se sm\u011bs mohla spojit a v mraveni\u0161ti pevn\u011b dr\u017eet. Such\u00fd a pra\u0161n\u00fd substr\u00e1t m\u016f\u017ee nav\u00edc v\u00e9st k ucp\u00e1n\u00ed d\u00fdchac\u00edch cest mravenc\u016f a v nejhor\u0161\u00edm p\u0159\u00edpad\u011b k udu\u0161en\u00ed zv\u00ed\u0159at.<\/p>\n<p><strong>Pozn\u00e1mka:<\/strong><br \/>\nP\u0159i pou\u017eit\u00ed na\u0161ich hn\u00edzdn\u00edch vlo\u017eek si pros\u00edm uv\u011bdomte, \u017ee jsou o 8 mm u\u017e\u0161\u00ed, proto\u017ee byly p\u016fvodn\u011b navr\u017eeny pro na\u0161e u\u017e\u0161\u00ed mraveni\u0161t\u011b a vlo\u017eky do ar\u00e9n! V takov\u00e9m p\u0159\u00edpad\u011b by bylo nutn\u00e9 prostor mezi nimi vyplnit v\u00fdpl\u0148ov\u00fdm materi\u00e1lem, nap\u0159\u00edklad s\u00e1drou nebo hl\u00ednou.<\/p>\n<p><strong>Pozn\u00e1mky k v\u00fdrob\u011b<\/strong><br \/>\nSklo je brou\u0161eno podle normy DIN 1249 s toleranc\u00ed +\/;- 1 mm. U extr\u00e9mn\u011b mal\u00fdch druh\u016f mravenc\u016f je nezbytn\u00e1 dodate\u010dn\u00e1 ochrana proti \u00faniku mravenc\u016f.<\/p>\n<p><strong>Pokyny: <\/strong>(verze 2023, aktualizovan\u00e1 verze pro rok 2024 bude k dispozici nejpozd\u011bji v 04\/2024)<strong><br \/>\n<\/strong><\/p>\n<p>- DE<a href=\"https:\/\/www.antstore.net\/shop\/images\/info\/de\/Gebrauchsanweisung%20Starter%20Set%20Combi.pdf\"> Gebrauchsanweisung Starter Set Combi<\/a> (PDF 7,98 MB)<\/p>\n<p>- CZ<a href=\"https:\/\/www.antstore.net\/shop\/images\/info\/en\/Instructions%20for%20use%20-%20Starter%20Set%20Combi.pdf\"> N\u00e1vod k pou\u017eit\u00ed - Startovac\u00ed sada Combi<\/a> (PDF 7,94 MB)<\/p>\n<p>- ES<a href=\"https:\/\/www.antstore.net\/shop\/images\/info\/es\/Manual%20de%20instrucciones%20-%20Set%20de%20inicio%20Combi.pdf\"> Manu\u00e1l s pokyny - Sada Combi pro za\u010d\u00e1tek<\/a> (PDF 7,94 MB)<\/p>\n<p>- FR<a href=\"https:\/\/www.antstore.net\/shop\/images\/info\/fr\/Manuel%20d'instruction%20-%20Kit%20de%20d%C3%A9marrage%20Combi.pdf\"> Manuel d'instruction - Kit de d\u00e9marrage Combi<\/a> (PDF 7,95 MB)<\/p>\n<p><strong>Pozn\u00e1mky ke kriketov\u00e9mu d\u017eemu:<\/strong><br \/>\nN\u00e1\u0161 cvr\u010d\u010d\u00ed d\u017eem p\u0159edstavuje snadn\u00fd zp\u016fsob, jak mravenc\u016fm poskytnout \u010derstv\u011b konzervovanou proteinovou potravu, ani\u017e by museli krmit \u017eiv\u00fdm hmyzem. Obsa\u017een\u00ed cvr\u010dci (Acheta domesticus) byli \u0161etrn\u011b uva\u0159eni, aby byly zachov\u00e1ny nutri\u010dn\u00ed hodnoty, chu\u0165 a v\u016fn\u011b. Krom\u011b toho se t\u00edmto zp\u016fsobem zm\u011bk\u010d\u00ed chitinov\u00e1 schr\u00e1nka hmyzu, aby se dala snadn\u011bji str\u00e1vit. Vazby kolagenn\u00edch b\u00edlkovin se rozru\u0161\u00ed, aby je mravenci mohli l\u00e9pe vyu\u017e\u00edt. Konzervy Acheta domesticus maj\u00ed stejnou v\u00fd\u017eivovou hodnotu jako \u017eiv\u00ed cvr\u010dci, ale jsou snadn\u011bji straviteln\u00e9.<\/p>\n<p>Cricket Jam nen\u00ed vhodn\u00fd pro lov druh\u016f mravenc\u016f, kte\u0159\u00ed vy\u017eaduj\u00ed \u017eivou potravu (nap\u0159. ponravy (velc\u00ed mravenci), jako jsou Harpegnathos nebo Odontomachus).<\/p>\n<p><strong>Dal\u0161\u00ed v\u00fdhody:<\/strong><br \/>\nZaru\u010den\u011b bez rozto\u010d\u016f<br \/>\nLze porcovat a \u0159edit vodou<br \/>\nSterilizovan\u00e9 a vakuov\u011b balen\u00e9<br \/>\nBez p\u0159\u00edsad<br \/>\nCvr\u010dci z udr\u017eiteln\u00e9ho \u010dist\u011b ekologick\u00e9ho chovu, krmeni organick\u00fdm odpadem<\/p>\n<p><strong>Pozn\u00e1mka:<\/strong><br \/>\nPo otev\u0159en\u00ed lze uchov\u00e1vat v chladni\u010dce asi \u010dty\u0159i dny. P\u0159i zmrazen\u00ed je trvanlivost del\u0161\u00ed.<br \/>\nPozor: Nejprve porce, pak zmrazit.<\/p>\n<p><strong>Pozn\u00e1mka k medovici:<\/strong><br \/>\nObsah: 10 ml<br \/>\nJedn\u00e1 se o p\u0159\u00edrodn\u00ed produkt, kter\u00fd jsme po rozs\u00e1hl\u00fdch testech v na\u0161\u00ed laborato\u0159i zdokonalili a vyvinuli v krmivo, kter\u00e9 mravenci velmi dob\u0159e p\u0159ij\u00edmaj\u00ed. D\u016fvodem je skute\u010dnost, \u017ee nezpracovan\u00fd medovicov\u00fd med ve sv\u00e9 p\u016fvodn\u00ed koncentrovan\u00e9 podob\u011b nen\u00ed mravenci a jejich metabolismem dob\u0159e p\u0159ij\u00edm\u00e1n.<br \/>\nNa\u0161e medovice byla nasb\u00edr\u00e1na v nezne\u010di\u0161t\u011bn\u00fdch divok\u00fdch horsk\u00fdch les\u00edch Bulharska. Medovice se rod\u00ed jen velmi omezenou dobu, v l\u00e9t\u011b asi dva m\u011bs\u00edce. Je proto velmi vz\u00e1cn\u00e1. D\u00edky specifick\u00fdm vlastnostem p\u016fdy v les\u00edch a klimatu se v listech strom\u016f ukl\u00e1daj\u00ed z\u00e1kladn\u00ed \u017eiviny, kter\u00e9 m\u0161ice vst\u0159eb\u00e1vaj\u00ed. Pr\u00e1v\u011b d\u00edky tomu je tato medovicov\u00e1 sm\u011bs pro mravence tak \u017e\u00e1douc\u00ed.<\/p>\n<p><strong>Pou\u017eit\u00ed:<\/strong><br \/>\nMno\u017estv\u00ed j\u00eddla by m\u011blo b\u00fdt spot\u0159ebov\u00e1no p\u0159ibli\u017en\u011b do 3 dn\u016f.<\/p>\n<p><strong>Popis:<\/strong><br \/>\nMedovice se na rozd\u00edl od kv\u011btov\u00e9ho medu z\u00edsk\u00e1v\u00e1 z v\u00fdm\u011b\u0161k\u016f hmyzu, kter\u00fd saje na rostlin\u00e1ch, nap\u0159\u00edklad m\u0161ic. Medovice je obl\u00edben\u00fdm zdrojem potravy pro mnoho druh\u016f hmyzu, jako jsou mravenci, v\u010dely a \u010dmel\u00e1ci. V\u010dely a \u010dmel\u00e1ci ji sl\u00edz\u00e1vaj\u00ed z list\u016f nebo jehli\u010d\u00ed r\u016fzn\u00fdch strom\u016f. Mravenci, jako je Lasius niger, m\u0161ice doslova chovaj\u00ed. Dokonce je br\u00e1n\u00ed p\u0159ed pred\u00e1tory a p\u0159en\u00e1\u0161ej\u00ed je na \u010derstv\u00e9 v\u00fdhonky.<\/p>\n<p>Medovice je u mravenc\u016f obzvl\u00e1\u0161t\u011b obl\u00edben\u00e1 d\u00edky sv\u00fdm pon\u011bkud odli\u0161n\u00fdm slo\u017ek\u00e1m. Hlavn\u00edmi cukry v medovici jsou sachar\u00f3za a frukt\u00f3za, ale v men\u0161\u00edm mno\u017estv\u00ed se vyskytuj\u00ed tak\u00e9 malt\u00f3za, trehal\u00f3za, melezit\u00f3za, rafin\u00f3za a dal\u0161\u00ed oligosacharidy. Krom\u011b cukru a vody obsahuje medovice tak\u00e9 esenci\u00e1ln\u00ed aminokyseliny, miner\u00e1ln\u00ed l\u00e1tky, stopov\u00e9 prvky, adenosiny, fosf\u00e1ty a dal\u0161\u00ed slo\u017eky, nap\u0159. vitaminy.<\/p>\n<p><strong>Pou\u017eit\u00ed:<\/strong><br \/>\nPro druhy mravenc\u016f medojed\u016f (Meliphagidae)<br \/>\nJedn\u00e1 se o dopl\u0148kov\u00e9 krmivo<br \/>\nZv\u00ed\u0159at\u016fm ji lze nab\u00eddnout v podob\u011b, v jak\u00e9 je dod\u00e1v\u00e1na. Vzhledem k tomu, \u017ee se koncentrace cukru sni\u017euje vlivem vlhkosti a za\u010d\u00edn\u00e1 proces kva\u0161en\u00ed, je t\u0159eba krmivo ka\u017ed\u00e9 t\u0159i dny vym\u011bnit. P\u0159ed op\u011btovn\u00fdm pou\u017eit\u00edm krmnou misku\/zkumavku d\u016fkladn\u011b vy\u010dist\u011bte.<br \/>\nPo otev\u0159en\u00ed je t\u0159eba balen\u00ed uchov\u00e1vat t\u011bsn\u011b uzav\u0159en\u00e9 a\u017e do data pou\u017eitelnosti.<\/p>\n<p><strong>V\u00fd\u017eivov\u00e9 \u00fadaje na 100 g:<\/strong><br \/>\ncca 2,7 % tuk\u016f<br \/>\nz toho nasycen\u00e9 p\u0159ibli\u017en\u011b 0,45 %<br \/>\np\u0159ibli\u017en\u011b 95 % sacharid\u016f<br \/>\nz toho cukr p\u0159ibli\u017en\u011b 71<br \/>\np\u0159ibli\u017en\u011b 2.85% b\u00edlkovin<br \/>\nMiner\u00e1ln\u00ed l\u00e1tky (drasl\u00edk, v\u00e1pn\u00edk, m\u011b\u010f, \u017eelezo, sod\u00edk, ho\u0159\u010d\u00edk, fosfor, zinek a dal\u0161\u00ed stopov\u00e9 prvky). Aminokyseliny (prolin, leucin, fenylalanin, alanin, histidin, isoleucin, kyselina glutamov\u00e1, arginin, kyselina asparagov\u00e1 atd.) Organick\u00e9 kyseliny Enzymy (fermenty)P\u0159\u00edchut\u011b Inhibiny (antibakteri\u00e1ln\u00ed l\u00e1tky) Kv\u011bty Pyl<\/p>\n<p><strong>Skladov\u00e1n\u00ed:<\/strong><br \/>\nAby byla zaji\u0161t\u011bna kvalita krmiva, m\u011blo by b\u00fdt skladov\u00e1no na tmav\u00e9m a such\u00e9m m\u00edst\u011b.<\/p>\n<p><strong>Pozn\u00e1mka:<\/strong><br \/>\nDopl\u0148kov\u00e9 krmivo pro mravence medojedy.<br \/>\nSlo\u017een\u00ed, analytick\u00e9 slo\u017eky, datum minim\u00e1ln\u00ed trvanlivosti a \u010d\u00edslo \u0161ar\u017ee najdete v p\u0159\u00edbalov\u00e9m let\u00e1ku.<\/p>\n<p>Informa\u010dn\u00ed linka +49 30 439703870<\/p>\n<p>Odpov\u011bdn\u00fd veterin\u00e1rn\u00ed a potravin\u00e1\u0159sk\u00fd inspektor\u00e1t:<br \/>\nVeterin\u00e1rn\u00ed kancel\u00e1\u0159 Steglitz<br \/>\nK\u00f6nigin-Luise-Str. 92<br \/>\n14195 Berl\u00edn<\/p>","protected":false},"excerpt":{"rendered":"<p>Velikost: M<\/p>","protected":false},"featured_media":7115,"comment_status":"open","ping_status":"closed","template":"","meta":{"_acf_changed":false,"content-type":"","_monsterinsights_skip_tracking":false,"_monsterinsights_sitenote_active":false,"_monsterinsights_sitenote_note":"","_monsterinsights_sitenote_category":0},"product_brand":[],"product_cat":[355,73,78],"product_tag":[],"class_list":{"0":"post-5380","1":"product","2":"type-product","3":"status-publish","4":"has-post-thumbnail","6":"product_cat-bundle-offers","7":"product_cat-starter-sets","8":"product_cat-starter-sets-combi","10":"first","11":"instock","12":"taxable","13":"shipping-taxable","14":"purchasable","15":"product-type-simple"},"acf":[],"aioseo_notices":[],"jetpack_sharing_enabled":true,"_links":{"self":[{"href":"https:\/\/antcube.shop\/cs\/wp-json\/wp\/v2\/product\/5380","targetHints":{"allow":["GET"]}}],"collection":[{"href":"https:\/\/antcube.shop\/cs\/wp-json\/wp\/v2\/product"}],"about":[{"href":"https:\/\/antcube.shop\/cs\/wp-json\/wp\/v2\/types\/product"}],"replies":[{"embeddable":true,"href":"https:\/\/antcube.shop\/cs\/wp-json\/wp\/v2\/comments?post=5380"}],"wp:featuredmedia":[{"embeddable":true,"href":"https:\/\/antcube.shop\/cs\/wp-json\/wp\/v2\/media\/7115"}],"wp:attachment":[{"href":"https:\/\/antcube.shop\/cs\/wp-json\/wp\/v2\/media?parent=5380"}],"wp:term":[{"taxonomy":"product_brand","embeddable":true,"href":"https:\/\/antcube.shop\/cs\/wp-json\/wp\/v2\/product_brand?post=5380"},{"taxonomy":"product_cat","embeddable":true,"href":"https:\/\/antcube.shop\/cs\/wp-json\/wp\/v2\/product_cat?post=5380"},{"taxonomy":"product_tag","embeddable":true,"href":"https:\/\/antcube.shop\/cs\/wp-json\/wp\/v2\/product_tag?post=5380"}],"curies":[{"name":"wp","href":"https:\/\/api.w.org\/{rel}","templated":true}]}}