{"id":5379,"date":"2023-02-01T17:48:39","date_gmt":"2023-02-01T16:48:39","guid":{"rendered":"https:\/\/antcube.shop\/produkt\/honigtau-mix-ht-nachfullpack-10ml\/"},"modified":"2026-04-09T09:31:32","modified_gmt":"2026-04-09T07:31:32","slug":"honigtau-mix-ht-nachfullpack-10ml","status":"publish","type":"product","link":"https:\/\/antcube.shop\/cs\/produkt\/honigtau-mix-ht-nachfullpack-10ml\/","title":{"rendered":"Honeydew - mix (HT) - n\u00e1pl\u0148 10ml"},"content":{"rendered":"<p><strong>Obsah:<\/strong> 10 ml<\/p>\n<p>Jedn\u00e1 se o p\u0159\u00edrodn\u00ed produkt, kter\u00fd jsme po rozs\u00e1hl\u00e9m testov\u00e1n\u00ed v na\u0161\u00ed laborato\u0159i zdokonalili a vyvinuli z n\u011bj potravu, kterou mravenci velmi dob\u0159e p\u0159ij\u00edmaj\u00ed. D\u016fvodem je, \u017ee nezpracovan\u00fd medovicov\u00fd med v jeho koncentrovan\u00e9 p\u016fvodn\u00ed podob\u011b nen\u00ed mravenci a jejich metabolismem dob\u0159e p\u0159ij\u00edm\u00e1n.<\/p>\n<p>Na\u0161e medovice byla nasb\u00edr\u00e1na v nezne\u010di\u0161t\u011bn\u00fdch divok\u00fdch horsk\u00fdch les\u00edch Bulharska. Medovice se rod\u00ed pouze ve velmi omezen\u00e9m obdob\u00ed, p\u0159ibli\u017en\u011b dva m\u011bs\u00edce v l\u00e9t\u011b. Proto je velmi vz\u00e1cn\u00e1. Vzhledem ke specifick\u00fdm p\u016fdn\u00edm vlastnostem les\u016f a klimatu byly v listech strom\u016f ulo\u017eeny existen\u010dn\u011b d\u016fle\u017eit\u00e9 \u017eiviny, kter\u00e9 m\u0161ice vst\u0159eb\u00e1vaj\u00ed. Pr\u00e1v\u011b d\u00edky tomu je tato medonosn\u00e1 sm\u011bs pro mravence tak \u017e\u00e1douc\u00ed.<\/p>\n<p><strong>Pou\u017eit\u00ed:<\/strong><br \/>\nMno\u017estv\u00ed j\u00eddla by m\u011blo b\u00fdt spot\u0159ebov\u00e1no p\u0159ibli\u017en\u011b do 3 dn\u016f.<\/p>\n<p><strong>Popis:<\/strong><br \/>\nMedovice na rozd\u00edl od kv\u011btov\u00e9ho medu poch\u00e1z\u00ed z v\u00fdm\u011b\u0161k\u016f rostlinn\u00e9ho sav\u00e9ho hmyzu, nap\u0159\u00edklad m\u0161ic. Medovice je obl\u00edben\u00fdm zdrojem potravy mnoha druh\u016f hmyzu, jako jsou mravenci, v\u010dely a dokonce i \u010dmel\u00e1ci. V\u010dely a \u010dmel\u00e1ci ji sl\u00edz\u00e1vaj\u00ed z list\u016f nebo jehli\u010d\u00ed r\u016fzn\u00fdch strom\u016f. Mravenci, jako je Lasius niger, m\u0161ice pravideln\u011b chovaj\u00ed. Dokonce je br\u00e1n\u00ed p\u0159ed pred\u00e1tory a p\u0159en\u00e1\u0161ej\u00ed je na \u010derstv\u00e9 v\u00fdhonky.<\/p>\n<p>Medovice je u mravenc\u016f obl\u00edben\u00e1 p\u0159edev\u0161\u00edm d\u00edky sv\u00fdm pon\u011bkud odli\u0161n\u00fdm slo\u017ek\u00e1m. Hlavn\u00edmi cukry v medovici jsou sachar\u00f3za a frukt\u00f3za, ale v men\u0161\u00edm mno\u017estv\u00ed jsou p\u0159\u00edtomny tak\u00e9 malt\u00f3za, trehal\u00f3za, melezit\u00f3za, rafin\u00f3za a dal\u0161\u00ed oligosacharidy. Krom\u011b cukr\u016f a vody obsahuje medovice tak\u00e9 existen\u010dn\u011b d\u016fle\u017eit\u00e9 aminokyseliny, miner\u00e1ln\u00ed l\u00e1tky, stopov\u00e9 prvky, adenosinfosf\u00e1ty a dal\u0161\u00ed slo\u017eky, nap\u0159. vitaminy.<\/p>\n<p><strong>Pou\u017eit\u00ed:<\/strong><br \/>\nPro druhy mravenc\u016f medojed\u016f (Meliphagidae).<br \/>\nJedn\u00e1 se o dopl\u0148kov\u00e9 krmivo (jednor\u00e1zov\u00e9 krmivo).<br \/>\nZv\u00ed\u0159at\u016fm ji lze nab\u00eddnout v dodan\u00e9m stavu. Vzhledem k tomu, \u017ee vlhkost sni\u017euje koncentraci cukru a za\u010d\u00edn\u00e1 proces kva\u0161en\u00ed, je t\u0159eba krmivo ka\u017ed\u00e9 3 dny vym\u011bnit. P\u0159ed op\u011btovn\u00fdm pou\u017eit\u00edm d\u016fkladn\u011b vy\u010dist\u011bte misku\/tu\u017eku s krmivem.<br \/>\nOtev\u0159en\u00e9 balen\u00ed by se m\u011blo pou\u017e\u00edvat t\u011bsn\u011b uzav\u0159en\u00e9 a\u017e do uveden\u00e9ho data pou\u017eitelnosti.<\/p>\n<p><strong>V\u00fd\u017eivov\u00e9 hodnoty na 100 g:<\/strong><br \/>\ncca 2,7 % tuk\u016f<br \/>\nz toho nasycen\u00e9 cca 0,45 %<br \/>\ncca 95 % sacharid\u016f<br \/>\nz toho cukr cca. 71%<br \/>\np\u0159ibli\u017en\u011b 2.85% b\u00edlkovin<\/p>\n<p>Miner\u00e1ln\u00ed l\u00e1tky (drasl\u00edk, v\u00e1pn\u00edk, m\u011b\u010f, \u017eelezo, sod\u00edk, ho\u0159\u010d\u00edk, fosfor, zinek a dal\u0161\u00ed stopov\u00e9 prvky). Aminokyseliny (prolin, leucin, fenylalanin, alanin, histidin, isoleucin, kyselina glutamov\u00e1, arginin, kyselina asparagov\u00e1 atd.) Organick\u00e9 kyseliny Enzymy (fermenty)P\u0159\u00edchut\u011b Inhibiny (antibakteri\u00e1ln\u00ed l\u00e1tky) Kv\u011bty Pyl<\/p>\n<p><strong>Skladov\u00e1n\u00ed:<\/strong> aby byla zaji\u0161t\u011bna kvalita krmiva, m\u011blo by b\u00fdt skladov\u00e1no na tmav\u00e9m a such\u00e9m m\u00edst\u011b.<\/p>\n<p><strong>Upozorn\u011bn\u00ed:<\/strong><br \/>\nInformace o pou\u017eit\u00ed pod\u00e1vac\u00edch trubic naleznete zde: Odkaz<br \/>\nDopl\u0148kov\u00e9 krmivo pro mravence medojedy.<br \/>\nSlo\u017een\u00ed, analytick\u00e9 slo\u017eky, datum pou\u017eitelnosti a \u010d\u00edslo \u0161ar\u017ee najdete v p\u0159\u00edbalov\u00e9m let\u00e1ku.<\/p>\n<p>Informa\u010dn\u00ed linka +49 30 439703870<\/p>\n<p>Odpov\u011bdn\u00fd org\u00e1n veterin\u00e1rn\u00edho a potravin\u00e1\u0159sk\u00e9ho dozoru:<\/p>\n<p>Veterin\u00e1rn\u00ed kancel\u00e1\u0159 Steglitz<br \/>\nK\u00f6nigin-Luise-Str. 92<br \/>\n14195 Berl\u00edn<\/p>\n<p>&nbsp;<\/p>\n<div style=\"width: 1020px;\" class=\"wp-video\"><video class=\"wp-video-shortcode\" id=\"video-5379-1\" width=\"1020\" height=\"1813\" preload=\"metadata\" controls=\"controls\"><source type=\"video\/mp4\" src=\"https:\/\/antcube.shop\/wp-content\/uploads\/2024\/04\/black-ant_ein-shot_aphids-.mp4?_=1\" \/><a href=\"https:\/\/antcube.shop\/wp-content\/uploads\/2024\/04\/black-ant_ein-shot_aphids-.mp4\">https:\/\/antcube.shop\/wp-content\/uploads\/2024\/04\/black-ant_ein-shot_aphids-.mp4<\/a><\/video><\/div>","protected":false},"excerpt":{"rendered":"<p>dopl\u0148kov\u00e9 potraviny<\/p>","protected":false},"featured_media":5382,"comment_status":"open","ping_status":"closed","template":"","meta":{"_acf_changed":false,"content-type":"","_monsterinsights_skip_tracking":false,"_monsterinsights_sitenote_active":false,"_monsterinsights_sitenote_note":"","_monsterinsights_sitenote_category":0},"product_brand":[],"product_cat":[257,115,116],"product_tag":[],"class_list":{"0":"post-5379","1":"product","2":"type-product","3":"status-publish","4":"has-post-thumbnail","6":"product_cat-new-innovatve-products","7":"product_cat-food-and-feeding","8":"product_cat-food","10":"first","11":"instock","12":"taxable","13":"shipping-taxable","14":"purchasable","15":"product-type-simple"},"acf":[],"aioseo_notices":[],"jetpack_sharing_enabled":true,"_links":{"self":[{"href":"https:\/\/antcube.shop\/cs\/wp-json\/wp\/v2\/product\/5379","targetHints":{"allow":["GET"]}}],"collection":[{"href":"https:\/\/antcube.shop\/cs\/wp-json\/wp\/v2\/product"}],"about":[{"href":"https:\/\/antcube.shop\/cs\/wp-json\/wp\/v2\/types\/product"}],"replies":[{"embeddable":true,"href":"https:\/\/antcube.shop\/cs\/wp-json\/wp\/v2\/comments?post=5379"}],"wp:featuredmedia":[{"embeddable":true,"href":"https:\/\/antcube.shop\/cs\/wp-json\/wp\/v2\/media\/5382"}],"wp:attachment":[{"href":"https:\/\/antcube.shop\/cs\/wp-json\/wp\/v2\/media?parent=5379"}],"wp:term":[{"taxonomy":"product_brand","embeddable":true,"href":"https:\/\/antcube.shop\/cs\/wp-json\/wp\/v2\/product_brand?post=5379"},{"taxonomy":"product_cat","embeddable":true,"href":"https:\/\/antcube.shop\/cs\/wp-json\/wp\/v2\/product_cat?post=5379"},{"taxonomy":"product_tag","embeddable":true,"href":"https:\/\/antcube.shop\/cs\/wp-json\/wp\/v2\/product_tag?post=5379"}],"curies":[{"name":"wp","href":"https:\/\/api.w.org\/{rel}","templated":true}]}}