{"id":5347,"date":"2023-01-17T17:36:25","date_gmt":"2023-01-17T16:36:25","guid":{"rendered":"https:\/\/antcube.shop\/produkt\/bundle-offer-messor-barbarus\/"},"modified":"2026-04-13T09:28:50","modified_gmt":"2026-04-13T07:28:50","slug":"bundle-offer-messor-barbarus","status":"publish","type":"product","link":"https:\/\/antcube.shop\/cs\/produkt\/bundle-offer-messor-barbarus\/","title":{"rendered":"Nab\u00eddka bal\u00ed\u010dk\u016f - Messor barbarus"},"content":{"rendered":"<p><span data-text-color=\"secondary\"><strong>Nab\u00eddka bal\u00ed\u010dku obsahuj\u00edc\u00edho kolonii mravenc\u016f Messor barbarus (kr\u00e1lovna + 11-25 d\u011blnic + sn\u016f\u0161ka), startovac\u00ed sadu pro Messor spec. s 3x podlo\u017ekami pro mravence a sklenici na\u0161ich speci\u00e1ln\u00edch cel\u00fdch blan\u0161\u00edrovan\u00fdch cvr\u010dk\u016f 10 g (vlhk\u00fd protein).<\/strong><\/span><\/p>\n<p><span data-text-color=\"alert\"><strong>Pouze do vyprod\u00e1n\u00ed z\u00e1sob.<\/strong><\/span><\/p>\n<p><strong>V\u0161e, co pot\u0159ebujete pro kolonii mravenc\u016f Messor barbarus<\/strong><br \/>\nTento bal\u00ed\u010dek obsahuje v\u0161e, co pot\u0159ebujete k \u00fasp\u011b\u0161n\u00e9mu zalo\u017een\u00ed kolonie Messor barbarus b\u011bhem prvn\u00edch m\u011bs\u00edc\u016f. Je flexibiln\u011b roz\u0161i\u0159iteln\u00fd a v\u00fdslovn\u011b vhodn\u00fd pro za\u010d\u00e1te\u010dn\u00edky v chovu mravenc\u016f.<\/p>\n<p><strong>Druh mravence Messor barbarus:<\/strong><br \/>\nMessor barbarus je v\u00fdrazn\u011b granivorn\u00ed (zrno\u017erav\u00fd) druh mravence z oblasti St\u0159edomo\u0159\u00ed. Pat\u0159\u00ed mezi tzv. mravence skl\u00edze\u010de a je jedn\u00edm ze z\u00e1kladn\u00edch druh\u016f pro chovatele mravenc\u016f d\u00edky sv\u00fdm relativn\u011b jednoduch\u00fdm n\u00e1rok\u016fm na klima a potravu. D\u00edky sv\u00e9mu zbarven\u00ed a tvorb\u011b men\u0161\u00edch, st\u0159edn\u00edch a v\u011bt\u0161\u00edch d\u011blnic (men\u0161\u00edch a v\u011bt\u0161\u00edch) je jeho pozorov\u00e1n\u00ed velmi zaj\u00edmav\u00e9.<\/p>\n<p><strong>Potrava pro Messor barbarus<\/strong><br \/>\nVe voln\u00e9 p\u0159\u00edrod\u011b se Messor barbarus \u017eiv\u00ed hlavn\u011b zrn\u00edm, z n\u011bho\u017e si p\u0159ipravuje \"mraven\u010d\u00ed chl\u00e9b\", ale ochotn\u011b p\u0159ij\u00edm\u00e1 i sladk\u00e9 ovoce a mrtv\u00fd hmyz. Messor barbarus pokr\u00fdv\u00e1 velkou \u010d\u00e1st sv\u00e9 pot\u0159eby vl\u00e1hy zrn\u00edm a zbytek hmyzem. Ve formik\u00e1riu lze pod\u00e1vat zrn\u00ed a v p\u0159\u00edpad\u011b pot\u0159eby med, b\u00edlkovinnou potravu, velmi drobn\u00fd hmyz nebo \u017eel\u00e9. Medov\u00e1 voda je p\u0159ij\u00edm\u00e1na pouze v p\u0159\u00edpad\u011b nedostatku tekutin. Vzhledem k tomu, \u017ee druhy rodu Messor maj\u00ed tendenci no\u0159it se do otev\u0159en\u00fdch vodn\u00edch zdroj\u016f, m\u011bly by b\u00fdt tyto v\u017edy zakryty kameny nebo savou vatou.<\/p>\n<p>Messor barbarus hibernuje p\u0159ibli\u017en\u011b od konce listopadu do konce \u00fanora. Na rozd\u00edl nap\u0159\u00edklad od Lasius niger se v\u0161ak jedn\u00e1 o obdob\u00ed v\u00fdrazn\u011b sn\u00ed\u017een\u00e9 aktivity. Obdob\u00ed hibernace by m\u011blo prob\u00edhat p\u0159i teplot\u011b kolem 15 \u00b0C, proto\u017ee teploty v oblastech, odkud Messor barbarus poch\u00e1z\u00ed, jsou velmi z\u0159\u00eddka ni\u017e\u0161\u00ed, a to i v zim\u011b. Mravence m\u016f\u017eete pro tento \u00fa\u010del jednodu\u0161e um\u00edstit do nevyt\u00e1p\u011bn\u00e9 m\u00edstnosti. Existuj\u00ed tak\u00e9 zpr\u00e1vy od chovatel\u016f, kte\u0159\u00ed chovaj\u00ed Messor barbarus bez hibernace. To v\u0161ak m\u016f\u017ee v\u00e9st ke zkr\u00e1cen\u00ed \u017eivotnosti kolonie nebo zpomalen\u00ed v\u00fdvoje ml\u00e1\u010fat. B\u011bhem hibernace je t\u0159eba zv\u00ed\u0159ata krmit jen m\u00e1lo. M\u011bli byste v\u0161ak pravideln\u011b kontrolovat vlhkost a d\u00e1vat pozor na pl\u00edsn\u011b!<\/p>\n<p><strong>Formik\u00e1rium pro Messor barbarus<\/strong><br \/>\nMravenci skl\u00edze\u010di pot\u0159ebuj\u00ed m\u00edrn\u011b vlhk\u00e9 hn\u00edzdo pro l\u00edhnut\u00ed ml\u00e1\u010fat a such\u00e9 hn\u00edzdo pro ulo\u017een\u00ed nasb\u00edran\u00fdch zrn (such\u00e9, aby se zabr\u00e1nilo vzniku pl\u00edsn\u00ed). Nejl\u00e9pe to funguje se dv\u011bma odd\u011blen\u00fdmi hn\u00edzdy, kter\u00e1 jsou sou\u010d\u00e1st\u00ed na\u0161\u00ed startovac\u00ed sady. Ta vydr\u017e\u00ed minim\u00e1ln\u011b 1-2 roky. Pot\u00e9 je t\u0159eba hn\u00edzdo i ar\u00e9nu roz\u0161\u00ed\u0159it.<\/p>\n<p><strong>Optim\u00e1ln\u00ed klimatick\u00e9 podm\u00ednky pro Messor barbarus jsou n\u00e1sleduj\u00edc\u00ed:<\/strong><br \/>\nVlhkost:<br \/>\nAr\u00e9na: Hn\u00edzdn\u00ed plocha: 30 - 50%: 50 - 70%<br \/>\nTeplota:<br \/>\nAr\u00e9na: 25 - 30 \u00b0C Hn\u00edzdn\u00ed oblast: 21 - 26\u00b0C<\/p>\n<p>N\u00e1\u0161 Digfix je nejvhodn\u011bj\u0161\u00edm materi\u00e1lem pro hn\u00edzd\u011bn\u00ed. Je velmi odoln\u00fd v\u016f\u010di vlhkosti a zaji\u0161\u0165uje, \u017ee pohled do hn\u00edzda a do kom\u016frek a chodeb uvnit\u0159 nen\u00ed naru\u0161en zbytky substr\u00e1tu jako u p\u00eds\u010ditohlinit\u00fdch sm\u011bs\u00ed. D\u00edky siln\u00fdm \u010delistem si d\u011blnice majorky mohou \u010dasem bez probl\u00e9m\u016f prokousat i Ytong. Sklen\u011bn\u00e1 hn\u00edzda s vlo\u017ekami Digfix jsou proto nejlep\u0161\u00edm a nejbezpe\u010dn\u011bj\u0161\u00edm zp\u016fsobem chovu Messor angularis.<\/p>\n<p><strong>Obsah:<\/strong><\/p>\n<p>1x Messor barbarus (kr\u00e1lovna + 11-25 d\u011blnic + sn\u016f\u0161ka)<br \/>\n1x Cricket Jam 25g<br \/>\n1x Obiln\u00e9 krmivo minor 100g<br \/>\n1x pad for formicariums &#8211; 20x20cm<br \/>\n2x pad for formicariums &#8211; 20x6cm<\/p>\n<p>1x ANTCUBE - ar\u00e9na 20x20x10 - ploch\u00e1<br \/>\n1x r\u00e1m mraveni\u0161t\u011b 20\u00d720<br \/>\n1x kryt mraveni\u0161t\u011b 20\u00d720<br \/>\n4x upev\u0148ovac\u00ed bod pro kryt ar\u00e9ny<br \/>\n2x ANTCUBE - Mraveni\u0161t\u011b - L - 20\u00d720 - ve svisl\u00e9 poloze<\/p>\n<p>2x ANTCUBE - Digfixov\u00e1 deska 20\u00d720 - M<br \/>\n1x 1m pr\u016fhledn\u00e1 trubka 14\/10 mm<br \/>\n2x ANTCUBE - \u010derven\u00e1 f\u00f3lie 20\u00d720 - filtr<br \/>\n2x samolepic\u00ed svorky - transparentn\u00ed 2 ks.<br \/>\n1x substr\u00e1t - pou\u0161\u0165 - 1 kg<\/p>\n<p>2x grid insert &#8211; 50mm<br \/>\n1x grid insert &#8211; 27mm<br \/>\n1x krytka m\u0159\u00ed\u017eky - 10 mm - nerezov\u00e1 ocel<\/p>\n<p>1x spojka hadice n\u00e1dr\u017ee 27-14,16,20 mm - pr\u016fhledn\u00e1<br \/>\n1x drinking clear 5ml &#8211; sponge<br \/>\n1x Feeding dish white rectangle &#8211; 3 compartments<br \/>\n1x Foil thermometer display<br \/>\n2x Foil thermometer farm<br \/>\n1x Olej na ochranu proti \u00faniku mravenc\u016f 10ml<br \/>\n1x pinzeta z pru\u017einov\u00e9 oceli - \u0161irok\u00e1 - m\u011bkk\u00e1<br \/>\n1x pinzeta plastov\u00e1 pr\u016fhledn\u00e1<br \/>\n1x plastov\u00e1 pipeta 3ml<br \/>\n1x ru\u010dn\u00ed lupa - 2x - 30mm<br \/>\n1x p\u011bnov\u00fd st\u011bra\u010d 150x18x2,5mm<br \/>\n1x fotopozad\u00ed - pou\u0161\u0165 - 20\u00d710<\/p>\n<p><strong>Popis Startovac\u00ed sada:<\/strong><br \/>\nTato startovac\u00ed sada je vhodn\u00e1 zejm\u00e9na pro r\u016fzn\u00e9 druhy rodu Messor. Jedna ze dvou farem je ur\u010dena k uskladn\u011bn\u00ed semen a mraven\u010d\u00edho chleba, a proto by m\u011bla b\u00fdt udr\u017eov\u00e1na v naprost\u00e9m suchu, aby semena\/zrnka, kter\u00e1 zde mravenci uskladn\u00ed, nevykl\u00ed\u010dila nebo nezplesniv\u011bla.<br \/>\nDesky \"Digfix\" lze vlo\u017eit do zcela pr\u016fhledn\u00fdch farem. Alternativn\u011b v\u0161ak m\u016f\u017eete k vypln\u011bn\u00ed farem pou\u017e\u00edt tak\u00e9 \"P\u016fdu - pou\u0161\u0165\". V p\u0159\u00edpad\u011b pot\u0159eby lze p\u0159es 50mm otvory v krytu p\u0159ipojit dal\u0161\u00ed moduly, nap\u0159. samostatn\u011b dostupn\u00e9 mlhova\u010de, ventil\u00e1tory nebo sv\u011btla. Alternativn\u011b jsou sou\u010d\u00e1st\u00ed dod\u00e1vky vhodn\u00e9 m\u0159\u00ed\u017ekov\u00e9 vlo\u017eky k uzav\u0159en\u00ed otvor\u016f. V p\u0159\u00edpad\u011b pot\u0159eby lze formik\u00e1rium provozovat i v otev\u0159en\u00e9m stavu, sta\u010d\u00ed nasadit odn\u00edmateln\u00fd r\u00e1m a na okraj nan\u00e9st olej na ochranu proti \u00faniku mravenc\u016f.<\/p>\n<p><strong>D\u016fle\u017eit\u00e9:<\/strong> P\u0159ed pou\u017eit\u00edm substr\u00e1t navlh\u010dete, aby se sm\u011bs mohla spojit a v mraveni\u0161ti pevn\u011b dr\u017eet. Pokud je nav\u00edc substr\u00e1t p\u0159\u00edli\u0161 such\u00fd a pra\u0161n\u00fd, m\u016f\u017ee doj\u00edt k zablokov\u00e1n\u00ed d\u00fdchac\u00edch cest mravenc\u016f a v nejhor\u0161\u00edm p\u0159\u00edpad\u011b k udu\u0161en\u00ed zv\u00ed\u0159at.<\/p>\n<p><strong>Doporu\u010den\u00ed:<\/strong> Doporu\u010dujeme vrstvu substr\u00e1tu o v\u00fd\u0161ce 2 mm, aby se zv\u00ed\u0159ata nemohla do ar\u00e9ny zahrabat a m\u00edsto toho vyu\u017e\u00edvala k tomuto \u00fa\u010delu poskytnut\u00fd statek. Doporu\u010dujeme tak\u00e9, aby byl hn\u00edzdn\u00ed materi\u00e1l ve farm\u011b (p\u00edsek\/hl\u00edna, Digfix atd.) na jednom m\u00edst\u011b lehce nap\u00edch\u00e1n, aby se zv\u00ed\u0159at\u016fm l\u00e9pe hrabalo.<\/p>\n<p><strong>Pozn\u00e1mky k v\u00fdrob\u011b<\/strong><br \/>\nSklo je brou\u0161eno podle normy DIN 1249 s toleranc\u00ed +\/;- 1 mm. U extr\u00e9mn\u011b mal\u00fdch druh\u016f mravenc\u016f je nezbytn\u00e1 dodate\u010dn\u00e1 ochrana proti \u00faniku mravenc\u016f.<\/p>\n<p><strong>Pozn\u00e1mky k farm\u011b<\/strong><br \/>\nP\u0159i p\u0159ipojov\u00e1n\u00ed nebo odpojov\u00e1n\u00ed hadic dbejte na n\u00e1sleduj\u00edc\u00ed pokyny:<br \/>\nPokud se hadi\u010dka velmi \u0161patn\u011b nasazuje na p\u0159ipojovac\u00ed hrdlo, je t\u0159eba hrdlo lehce pot\u0159\u00edt kapkou na\u0161eho oleje nebo pr\u00e1\u0161ku proti prask\u00e1n\u00ed. Pot\u00e9 by se m\u011bla hadice nasunout na obj\u00edmku krou\u017eiv\u00fdmi nebo \u0161roubovac\u00edmi pohyby, ani\u017e by se obj\u00edmka nam\u00e1hala pohyby nahoru a dol\u016f. Tot\u00e9\u017e plat\u00ed i p\u0159i vyj\u00edm\u00e1n\u00ed hadic z p\u0159ipojovac\u00ed obj\u00edmky farmy. Nevytahujte ji jednodu\u0161e!<\/p>\n<p><strong>Pozn\u00e1mka k Digfixu:<\/strong> P\u0159irozen\u00e1 barva se m\u016f\u017ee pohybovat mezi zelenou\/\u0161edohn\u011bdou a zemit\u011b hn\u011bdou. Barevn\u00fd t\u00f3n nem\u00e1 vliv na kvalitu.<\/p>\n<p><strong>Pokyny: <\/strong>(verze 2023, aktualizovan\u00e1 verze pro rok 2024 bude k dispozici nejpozd\u011bji v 04\/2024)<br \/>\n<span data-sheets-root=\"1\" data-sheets-value=\"{&quot;1&quot;:2,&quot;2&quot;:&quot;DE Gebrauchsanweisung Starter Set Ernteameisen (PDF 2,50 MB)&quot;}\" data-sheets-userformat=\"{&quot;2&quot;:513,&quot;3&quot;:{&quot;1&quot;:0},&quot;12&quot;:0}\" data-sheets-hyperlink=\"https:\/\/www.antstore.net\/shop\/images\/info\/de\/Gebrauchsanweisung Starter Set Ernteameisen.pdf\" data-sheets-hyperlinkruns=\"{&quot;1&quot;:3,&quot;2&quot;:&quot;https:\/\/www.antstore.net\/shop\/images\/info\/de\/Gebrauchsanweisung Starter Set Ernteameisen.pdf&quot;}\uee10{&quot;1&quot;:46}\"><a class=\"in-cell-link\" href=\"https:\/\/www.antstore.net\/shop\/images\/info\/de\/Gebrauchsanweisung Starter Set Ernteameisen.pdf\" target=\"_blank\" rel=\"noopener\">- DE <\/a><a class=\"in-cell-link\" href=\"https:\/\/www.antstore.net\/shop\/images\/info\/de\/Gebrauchsanweisung Starter Set Ernteameisen.pdf\" target=\"_blank\" rel=\"noopener\">Gebrauchsanweisung Starter Set Ernteameisen<\/a><a class=\"in-cell-link\" href=\"https:\/\/www.antstore.net\/shop\/images\/info\/de\/Gebrauchsanweisung Starter Set Ernteameisen.pdf\" target=\"_blank\" rel=\"noopener\"> (PDF 2,50 MB)<\/a><\/span><br \/>\n<a href=\"https:\/\/www.antstore.net\/shop\/images\/info\/en\/Instructions%20for%20use%20-%20Starter%20Set%20for%20Harvester%20Ants.pdf\">- CS N\u00e1vod k pou\u017eit\u00ed - startovac\u00ed sada pro mravence skl\u00edze\u010de (PDF 2,50 MB)<\/a><br \/>\n<a href=\"https:\/\/www.antstore.net\/shop\/images\/info\/es\/Manual%20de%20instrucciones%20-%20Set%20de%20inicio%20para%20las%20hormigas%20de%20la%20cosecha%20_%20messor.pdf\">- ES Manual de instrucciones - Set de inicio para las hormigas de la cosecha _ messor (PDF 2,50 MB)<\/a><br \/>\n<a href=\"https:\/\/www.antstore.net\/shop\/images\/info\/fr\/Manuel%20d'instruction%20-%20Kit%20de%20d%C3%A9marrage%20pour%20les%20fourmis%20moissonneuses_%20Messor.pdf\">- FR Manuel d'instruction - Kit de d\u00e9marrage pour les fourmis moissonneuses_ Messor (PDF 2,50 MB)<\/a><\/p>\n<p><strong>Pozn\u00e1mky ke kriketov\u00e9mu d\u017eemu:<\/strong><br \/>\nN\u00e1\u0161 cvr\u010d\u010d\u00ed d\u017eem p\u0159edstavuje snadn\u00fd zp\u016fsob, jak mravenc\u016fm poskytnout \u010derstv\u011b konzervovanou proteinovou potravu, ani\u017e by museli krmit \u017eiv\u00fdm hmyzem. Obsa\u017een\u00ed cvr\u010dci (Acheta domesticus) byli \u0161etrn\u011b uva\u0159eni, aby byly zachov\u00e1ny nutri\u010dn\u00ed hodnoty, chu\u0165 a v\u016fn\u011b. Krom\u011b toho se t\u00edmto zp\u016fsobem zm\u011bk\u010d\u00ed chitinov\u00e1 schr\u00e1nka hmyzu, aby se dala snadn\u011bji str\u00e1vit. Vazby kolagenn\u00edch b\u00edlkovin se rozru\u0161\u00ed, aby je mravenci mohli l\u00e9pe vyu\u017e\u00edt. Konzervy Acheta domesticus maj\u00ed stejnou v\u00fd\u017eivovou hodnotu jako \u017eiv\u00ed cvr\u010dci, ale jsou snadn\u011bji straviteln\u00e9.<\/p>\n<p>Cricket Jam nen\u00ed vhodn\u00fd pro lov druh\u016f mravenc\u016f, kte\u0159\u00ed vy\u017eaduj\u00ed \u017eivou potravu (nap\u0159. ponravy (velc\u00ed mravenci), jako jsou Harpegnathos nebo Odontomachus).<\/p>\n<p><strong>Dal\u0161\u00ed v\u00fdhody:<\/strong><br \/>\nZaru\u010den\u011b bez rozto\u010d\u016f<br \/>\nLze porcovat a \u0159edit vodou<br \/>\nSterilizovan\u00e9 a vakuov\u011b balen\u00e9<br \/>\nBez p\u0159\u00edsad<br \/>\nCvr\u010dci z udr\u017eiteln\u00e9ho \u010dist\u011b ekologick\u00e9ho chovu, krmeni organick\u00fdm odpadem<\/p>\n<p><strong>Pozn\u00e1mka:<\/strong><br \/>\nPo otev\u0159en\u00ed lze uchov\u00e1vat v chladni\u010dce asi \u010dty\u0159i dny. P\u0159i zmrazen\u00ed je trvanlivost del\u0161\u00ed.<br \/>\n<strong>Pozor:<\/strong> Nejprve porcujte a pot\u00e9 zmrazte.<\/p>","protected":false},"excerpt":{"rendered":"<p>Sada se skl\u00e1d\u00e1 z 39 d\u00edl\u016f<br \/>\nVelikost: M<\/p>","protected":false},"featured_media":7113,"comment_status":"open","ping_status":"closed","template":"","meta":{"_acf_changed":false,"content-type":"","_monsterinsights_skip_tracking":false,"_monsterinsights_sitenote_active":false,"_monsterinsights_sitenote_note":"","_monsterinsights_sitenote_category":0},"product_brand":[],"product_cat":[355,353,73],"product_tag":[],"class_list":{"0":"post-5347","1":"product","2":"type-product","3":"status-publish","4":"has-post-thumbnail","6":"product_cat-bundle-offers","7":"product_cat-starter-sets-for-harvester-ants","8":"product_cat-starter-sets","10":"first","11":"outofstock","12":"taxable","13":"shipping-taxable","14":"purchasable","15":"product-type-simple"},"acf":[],"aioseo_notices":[],"jetpack_sharing_enabled":true,"_links":{"self":[{"href":"https:\/\/antcube.shop\/cs\/wp-json\/wp\/v2\/product\/5347","targetHints":{"allow":["GET"]}}],"collection":[{"href":"https:\/\/antcube.shop\/cs\/wp-json\/wp\/v2\/product"}],"about":[{"href":"https:\/\/antcube.shop\/cs\/wp-json\/wp\/v2\/types\/product"}],"replies":[{"embeddable":true,"href":"https:\/\/antcube.shop\/cs\/wp-json\/wp\/v2\/comments?post=5347"}],"wp:featuredmedia":[{"embeddable":true,"href":"https:\/\/antcube.shop\/cs\/wp-json\/wp\/v2\/media\/7113"}],"wp:attachment":[{"href":"https:\/\/antcube.shop\/cs\/wp-json\/wp\/v2\/media?parent=5347"}],"wp:term":[{"taxonomy":"product_brand","embeddable":true,"href":"https:\/\/antcube.shop\/cs\/wp-json\/wp\/v2\/product_brand?post=5347"},{"taxonomy":"product_cat","embeddable":true,"href":"https:\/\/antcube.shop\/cs\/wp-json\/wp\/v2\/product_cat?post=5347"},{"taxonomy":"product_tag","embeddable":true,"href":"https:\/\/antcube.shop\/cs\/wp-json\/wp\/v2\/product_tag?post=5347"}],"curies":[{"name":"wp","href":"https:\/\/api.w.org\/{rel}","templated":true}]}}