{"id":4873,"date":"2022-12-07T14:03:10","date_gmt":"2022-12-07T13:03:10","guid":{"rendered":"https:\/\/antcube.shop\/produkt\/combi-balkon\/"},"modified":"2026-04-23T12:09:22","modified_gmt":"2026-04-23T10:09:22","slug":"combi-balkon","status":"publish","type":"product","link":"https:\/\/antcube.shop\/cs\/produkt\/combi-balkon\/","title":{"rendered":"Kombi - balkon"},"content":{"rendered":"<p style=\"margin-bottom: 0cm;\"><strong>Rozm\u011bry:<\/strong> 19x6x8 cm<\/p>\n<p><strong>Materi\u00e1l:<\/strong> PMMA<\/p>\n<p><strong>Barva:<\/strong> k\u0159i\u0161\u0165\u00e1lov\u011b \u010dist\u00fd, pr\u016fhledn\u00fd, pr\u016fsvitn\u00fd<\/p>\n<p><strong>Obsah:<\/strong><br \/>\n1x z\u00e1kladn\u00ed deska<br \/>\n2x dr\u017e\u00e1k<br \/>\n1x \u00fazk\u00e1 rampa (pro mal\u00e9 mravence)<br \/>\n1x \u0161irok\u00e1 rampa (pro velk\u00e9 mravence)<\/p>\n<p><strong>Pozn\u00e1mka:<\/strong> D\u00edly se dod\u00e1vaj\u00ed jako stavebnice nebo z\u00e1suvn\u00fd syst\u00e9m. Lepen\u00ed nen\u00ed nutn\u00e9.<\/p>\n<p><strong>P\u0159ipojen\u00ed:<\/strong><br \/>\nLze p\u0159ipojit ke v\u0161em ar\u00e9n\u00e1m Combi 20x20x20 cm ve velikostech S, M, L.<\/p>\n<p><strong>Popis:<\/strong> Combi-Balcony se jednodu\u0161e p\u0159ipoj\u00ed ke st\u00e1vaj\u00edc\u00edmu syst\u00e9mu Arena Combi. Balkon slou\u017e\u00ed jako roz\u0161\u00ed\u0159en\u00ed ar\u00e9ny a usnad\u0148uje mravenc\u016fm v\u00fdstup nebo sestup z horn\u00ed \u010d\u00e1sti hn\u00edzda ar\u00e9ny. K dispozici je \u00fazk\u00e1 pom\u016fcka pro \u0161plh\u00e1n\u00ed mal\u00fdch druh\u016f mravenc\u016f, jako je Lasius niger, a \u0161ir\u0161\u00ed pro druhy, jako je Camponotus. Vyv\u00fd\u0161enou plo\u0161inu lze pou\u017e\u00edt jako krmnou plochu pro um\u00edst\u011bn\u00ed misek nebo nap\u00e1je\u010dek. Zjednodu\u0161uje pr\u00e1ci p\u0159i p\u00e9\u010di a \u00fadr\u017eb\u011b d\u00edky bl\u00edzkosti horn\u00edho otvoru a udr\u017euje spodn\u00ed substr\u00e1t bez zbytk\u016f potravy. D\u00edky pr\u016fhledn\u00e9mu materi\u00e1lu se Combi Balcony dokonale hod\u00ed do Combi Areny, ani\u017e by br\u00e1nila v\u00fdhledu na hn\u00edzdn\u00ed prostor, a nav\u00edc se snadno \u010dist\u00ed.<\/p>\n<p style=\"margin-bottom: 0cm;\">","protected":false},"excerpt":{"rendered":"<p>Rozm\u011bry: Materi\u00e1l: 19x6x8 cm: Barva: k\u0159i\u0161\u0165\u00e1lov\u011b \u010dir\u00e1, pr\u016fhledn\u00e1, pr\u016fsvitn\u00e1 Obsah: 1x z\u00e1kladn\u00ed deska 2x dr\u017e\u00e1k 1x rampa \u00fazk\u00e1 (pro mal\u00e9 mravence) 1x rampa \u0161irok\u00e1 (pro velk\u00e9 mravence) Pozn\u00e1mka: D\u00edly jsou dod\u00e1v\u00e1ny jako stavebnice nebo z\u00e1suvn\u00fd syst\u00e9m. Nen\u00ed nutn\u00e9 \u017e\u00e1dn\u00e9 lepen\u00ed. P\u0159ipojen\u00ed: Lze p\u0159ipojit ke v\u0161em ar\u00e9n\u00e1m Combi 20x20x20 cm v","protected":false},"featured_media":4875,"comment_status":"open","ping_status":"closed","template":"","meta":{"_acf_changed":false,"content-type":"","_monsterinsights_skip_tracking":false,"_monsterinsights_sitenote_active":false,"_monsterinsights_sitenote_note":"","_monsterinsights_sitenote_category":0},"product_brand":[],"product_cat":[239],"product_tag":[],"class_list":{"0":"post-4873","1":"product","2":"type-product","3":"status-publish","4":"has-post-thumbnail","6":"product_cat-useful-additions","8":"first","9":"instock","10":"taxable","11":"shipping-taxable","12":"purchasable","13":"product-type-simple"},"acf":[],"aioseo_notices":[],"jetpack_sharing_enabled":true,"_links":{"self":[{"href":"https:\/\/antcube.shop\/cs\/wp-json\/wp\/v2\/product\/4873","targetHints":{"allow":["GET"]}}],"collection":[{"href":"https:\/\/antcube.shop\/cs\/wp-json\/wp\/v2\/product"}],"about":[{"href":"https:\/\/antcube.shop\/cs\/wp-json\/wp\/v2\/types\/product"}],"replies":[{"embeddable":true,"href":"https:\/\/antcube.shop\/cs\/wp-json\/wp\/v2\/comments?post=4873"}],"wp:featuredmedia":[{"embeddable":true,"href":"https:\/\/antcube.shop\/cs\/wp-json\/wp\/v2\/media\/4875"}],"wp:attachment":[{"href":"https:\/\/antcube.shop\/cs\/wp-json\/wp\/v2\/media?parent=4873"}],"wp:term":[{"taxonomy":"product_brand","embeddable":true,"href":"https:\/\/antcube.shop\/cs\/wp-json\/wp\/v2\/product_brand?post=4873"},{"taxonomy":"product_cat","embeddable":true,"href":"https:\/\/antcube.shop\/cs\/wp-json\/wp\/v2\/product_cat?post=4873"},{"taxonomy":"product_tag","embeddable":true,"href":"https:\/\/antcube.shop\/cs\/wp-json\/wp\/v2\/product_tag?post=4873"}],"curies":[{"name":"wp","href":"https:\/\/api.w.org\/{rel}","templated":true}]}}