{"id":4747,"date":"2022-11-14T15:08:27","date_gmt":"2022-11-14T14:08:27","guid":{"rendered":"https:\/\/antcube.shop\/produkt\/beckenverbinder-3-4-beidseitig-fur-bohrung-27-mm\/"},"modified":"2026-04-15T15:04:19","modified_gmt":"2026-04-15T13:04:19","slug":"beckenverbinder-3-4-beidseitig-fur-bohrung-27-mm","status":"publish","type":"product","link":"https:\/\/antcube.shop\/cs\/produkt\/beckenverbinder-3-4-beidseitig-fur-bohrung-27-mm\/","title":{"rendered":"Spojka umyvadla 3\/4\u2033 - oboustrann\u00e1 pro otvor 27 mm"},"content":{"rendered":"<p><strong>Rozm\u011bry:<\/strong> pro otvor 27 mm<\/p>\n<p><strong>Obsah:<\/strong> 1x \u0161roubovac\u00ed adapt\u00e9r (<strong>POZOR<\/strong>: Z\u00e1vitov\u00e9 matice nejsou sou\u010d\u00e1st\u00ed dod\u00e1vky, viz \"Souvisej\u00edc\u00ed produkty\").<\/p>\n<p><strong>Popis:<\/strong> Pomoc\u00ed t\u00e9to spojky lze vz\u00e1jemn\u011b propojit dv\u011b umyvadla nebo tak\u00e9 dv\u011b farmy velikosti XL. Otvory mus\u00ed b\u00fdt ve stejn\u00e9 v\u00fd\u0161ce umyvadel, kter\u00e1 chcete propojit. Konektor se zasune do ka\u017ed\u00e9ho z otvor\u016f a p\u0159i\u0161roubuje se samostatn\u011b dostupnou pojistnou matic\u00ed. T\u00edm je zaji\u0161t\u011bno, \u017ee spojen\u00ed je odoln\u00e9 proti vylomen\u00ed a bezpe\u010dn\u011b dr\u017e\u00ed i p\u0159i p\u0159emis\u0165ov\u00e1n\u00ed p\u00e1nv\u00ed.<\/p>\n<p>&nbsp;<\/p>","protected":false},"excerpt":{"rendered":"<p>Rozm\u011bry: pro otvor 27 mm Obsah: Sou\u010d\u00e1st\u00ed balen\u00ed je 1x \u0161roubovac\u00ed adapt\u00e9r (POZOR: z\u00e1vitov\u00e9 matice nejsou sou\u010d\u00e1st\u00ed dod\u00e1vky, viz \"Souvisej\u00edc\u00ed produkty\"). Popis: \u0160rouby pro \u0161roubov\u00e1n\u00ed jsou dod\u00e1v\u00e1ny s \u0161roubovac\u00edmi z\u00e1vity: Pomoc\u00ed t\u00e9to umyvadlov\u00e9 spojky lze vz\u00e1jemn\u011b propojit dv\u011b umyvadla nebo tak\u00e9 dv\u011b farmy velikosti XL. Otvory v umyvadlech, kter\u00e1 chcete propojit, mus\u00ed b\u00fdt ve stejn\u00e9 v\u00fd\u0161ce. Na .","protected":false},"featured_media":4755,"comment_status":"open","ping_status":"closed","template":"","meta":{"_acf_changed":false,"content-type":"","_monsterinsights_skip_tracking":false,"_monsterinsights_sitenote_active":false,"_monsterinsights_sitenote_note":"","_monsterinsights_sitenote_category":0},"product_brand":[],"product_cat":[121],"product_tag":[],"class_list":{"0":"post-4747","1":"product","2":"type-product","3":"status-publish","4":"has-post-thumbnail","6":"product_cat-connectors","8":"first","9":"instock","10":"taxable","11":"shipping-taxable","12":"purchasable","13":"product-type-simple"},"acf":[],"aioseo_notices":[],"jetpack_sharing_enabled":true,"_links":{"self":[{"href":"https:\/\/antcube.shop\/cs\/wp-json\/wp\/v2\/product\/4747","targetHints":{"allow":["GET"]}}],"collection":[{"href":"https:\/\/antcube.shop\/cs\/wp-json\/wp\/v2\/product"}],"about":[{"href":"https:\/\/antcube.shop\/cs\/wp-json\/wp\/v2\/types\/product"}],"replies":[{"embeddable":true,"href":"https:\/\/antcube.shop\/cs\/wp-json\/wp\/v2\/comments?post=4747"}],"wp:featuredmedia":[{"embeddable":true,"href":"https:\/\/antcube.shop\/cs\/wp-json\/wp\/v2\/media\/4755"}],"wp:attachment":[{"href":"https:\/\/antcube.shop\/cs\/wp-json\/wp\/v2\/media?parent=4747"}],"wp:term":[{"taxonomy":"product_brand","embeddable":true,"href":"https:\/\/antcube.shop\/cs\/wp-json\/wp\/v2\/product_brand?post=4747"},{"taxonomy":"product_cat","embeddable":true,"href":"https:\/\/antcube.shop\/cs\/wp-json\/wp\/v2\/product_cat?post=4747"},{"taxonomy":"product_tag","embeddable":true,"href":"https:\/\/antcube.shop\/cs\/wp-json\/wp\/v2\/product_tag?post=4747"}],"curies":[{"name":"wp","href":"https:\/\/api.w.org\/{rel}","templated":true}]}}