{"id":4746,"date":"2022-11-14T15:07:53","date_gmt":"2022-11-14T14:07:53","guid":{"rendered":"https:\/\/antcube.shop\/produkt\/acrylglas-xt-rohr-20-16mm-1m\/"},"modified":"2026-04-05T21:18:08","modified_gmt":"2026-04-05T19:18:08","slug":"acrylglas-xt-rohr-20-16mm-1m","status":"publish","type":"product","link":"https:\/\/antcube.shop\/cs\/produkt\/acrylglas-xt-rohr-20-16mm-1m\/","title":{"rendered":"Mraven\u010d\u00ed trubka - k\u0159i\u0161\u0165\u00e1lov\u011b \u010dir\u00e1 - 20 mm - 1 m"},"content":{"rendered":"<p><strong>Rozm\u011bry:<\/strong> vn\u011bj\u0161\u00ed pr\u016fm\u011br 20 mm, d\u00e9lka 1 m <span data-text-color=\"alert\"><strong>(2\u00d750 cm)<\/strong><\/span><\/p>\n<p><strong>Materi\u00e1l:<\/strong> akrylov\u00e9 sklo<\/p>\n<p><strong>Barva:<\/strong> pr\u016fhledn\u00e9, jasn\u00e9<\/p>\n<p><strong>Popis:<\/strong> Lze je p\u0159ipojit k formik\u00e1riu pomoc\u00ed adapt\u00e9r\u016f nebo spojit n\u011bkolik formik\u00e1ri\u00ed dohromady.<\/p>","protected":false},"excerpt":{"rendered":"<p>Rozm\u011bry: vn\u011bj\u0161\u00ed pr\u016fm\u011br 20 mm, d\u00e9lka 1 m (2x50 cm) Materi\u00e1l: akrylov\u00e9 sklo Barva: pr\u016fhledn\u00e1, \u010dir\u00e1 Popis: Lze p\u0159ipojit k formik\u00e1riu pomoc\u00ed adapt\u00e9r\u016f nebo spojit n\u011bkolik formik\u00e1ri\u00ed dohromady.<\/p>","protected":false},"featured_media":4763,"comment_status":"open","ping_status":"closed","template":"","meta":{"_acf_changed":false,"content-type":"","_monsterinsights_skip_tracking":false,"_monsterinsights_sitenote_active":false,"_monsterinsights_sitenote_note":"","_monsterinsights_sitenote_category":0},"product_brand":[],"product_cat":[120],"product_tag":[],"class_list":{"0":"post-4746","1":"product","2":"type-product","3":"status-publish","4":"has-post-thumbnail","6":"product_cat-hoses","8":"first","9":"instock","10":"taxable","11":"shipping-taxable","12":"purchasable","13":"product-type-simple"},"acf":[],"aioseo_notices":[],"jetpack_sharing_enabled":true,"_links":{"self":[{"href":"https:\/\/antcube.shop\/cs\/wp-json\/wp\/v2\/product\/4746","targetHints":{"allow":["GET"]}}],"collection":[{"href":"https:\/\/antcube.shop\/cs\/wp-json\/wp\/v2\/product"}],"about":[{"href":"https:\/\/antcube.shop\/cs\/wp-json\/wp\/v2\/types\/product"}],"replies":[{"embeddable":true,"href":"https:\/\/antcube.shop\/cs\/wp-json\/wp\/v2\/comments?post=4746"}],"wp:featuredmedia":[{"embeddable":true,"href":"https:\/\/antcube.shop\/cs\/wp-json\/wp\/v2\/media\/4763"}],"wp:attachment":[{"href":"https:\/\/antcube.shop\/cs\/wp-json\/wp\/v2\/media?parent=4746"}],"wp:term":[{"taxonomy":"product_brand","embeddable":true,"href":"https:\/\/antcube.shop\/cs\/wp-json\/wp\/v2\/product_brand?post=4746"},{"taxonomy":"product_cat","embeddable":true,"href":"https:\/\/antcube.shop\/cs\/wp-json\/wp\/v2\/product_cat?post=4746"},{"taxonomy":"product_tag","embeddable":true,"href":"https:\/\/antcube.shop\/cs\/wp-json\/wp\/v2\/product_tag?post=4746"}],"curies":[{"name":"wp","href":"https:\/\/api.w.org\/{rel}","templated":true}]}}