{"id":4741,"date":"2022-11-14T15:06:32","date_gmt":"2022-11-14T14:06:32","guid":{"rendered":"https:\/\/antcube.shop\/produkt\/rohrverbinder-glasklar-fur-20mm-i\/"},"modified":"2026-04-07T09:38:29","modified_gmt":"2026-04-07T07:38:29","slug":"rohrverbinder-glasklar-fur-20mm-i","status":"publish","type":"product","link":"https:\/\/antcube.shop\/cs\/produkt\/rohrverbinder-glasklar-fur-20mm-i\/","title":{"rendered":"Spojka na trubku k\u0159i\u0161\u0165\u00e1lov\u011b \u010dir\u00e1 pro 20 mm - I"},"content":{"rendered":"<p><strong>Rozm\u011bry (Dx\u0160xV):<\/strong> 3,5 \u00d7 2,5 \u00d7 2,5 cm<br \/>\n<strong>Vnit\u0159n\u00ed pr\u016fm\u011br:<\/strong> 20 mm<\/p>\n<p><strong>Materi\u00e1l:<\/strong> Akryl<\/p>\n<p><strong>Barva:<\/strong> Bezbarv\u00fd\/pr\u016fhledn\u00fd\/\u010dir\u00fd<\/p>\n<p><strong>Obsah:<\/strong> 1ks.<\/p>\n<p><strong>Technick\u00e9 specifikace:<\/strong><br \/>\nTvar spojky na trubky I pr\u016fm\u011br akrylu 25 mm pro 20mm trubku.<\/p>\n<p><strong>Popis:<\/strong><br \/>\nSpojka na trubky z pr\u016fhledn\u00e9ho akrylu pro spojov\u00e1n\u00ed akrylov\u00fdch trubek.<\/p>\n<p><strong>Upozorn\u011bn\u00ed:<\/strong><br \/>\nP\u0159i mont\u00e1\u017ei trubek dbejte na n\u00e1sleduj\u00edc\u00ed pokyny:<br \/>\nVzhledem k vlastnostem materi\u00e1lu akrylu je t\u0159eba se za ka\u017edou cenu vyhnout tlaku a p\u00e1ce. Pokud je spojen\u00ed obt\u00ed\u017en\u00e9, spojujte opatrn\u00fdmi krou\u017eiv\u00fdmi pohyby a v p\u0159\u00edpad\u011b pot\u0159eby pot\u0159ete trochou oleje proti vylomen\u00ed.<\/p>\n<p>&nbsp;<\/p>","protected":false},"excerpt":{"rendered":"<p>Rozm\u011bry (Dx\u0160xV): 6,0x4,0x6,0cm Vnit\u0159n\u00ed pr\u016fm\u011br: 32mm Materi\u00e1l: Barva: bezbarv\u00e1\/pr\u016fhledn\u00e1\/\u010dir\u00e1 Obsah: 32 mm: Obsah: 1ks.  Tvar spojky na trubky L pr\u016fm\u011br akrylu 40mm pro trubku 32mm. Popis: Slou\u017e\u00ed k mont\u00e1\u017ei trubek na trubky: Spojka na trubky z pr\u016fhledn\u00e9ho akrylu pro spojov\u00e1n\u00ed akrylov\u00fdch trubek. Upozorn\u011bn\u00ed: P\u0159i mont\u00e1\u017ei trubek dbejte na n\u00e1sleduj\u00edc\u00ed pokyny: Vzhledem k materi\u00e1lov\u00fdm vlastnostem akryl\u00e1tu mus\u00ed b\u00fdt tlak a p\u00e1ka.","protected":false},"featured_media":4781,"comment_status":"open","ping_status":"closed","template":"","meta":{"_acf_changed":false,"content-type":"","_monsterinsights_skip_tracking":false,"_monsterinsights_sitenote_active":false,"_monsterinsights_sitenote_note":"","_monsterinsights_sitenote_category":0},"product_brand":[],"product_cat":[345],"product_tag":[],"class_list":{"0":"post-4741","1":"product","2":"type-product","3":"status-publish","4":"has-post-thumbnail","6":"product_cat-pipe-connectors","8":"first","9":"instock","10":"taxable","11":"shipping-taxable","12":"purchasable","13":"product-type-simple"},"acf":[],"aioseo_notices":[],"jetpack_sharing_enabled":true,"_links":{"self":[{"href":"https:\/\/antcube.shop\/cs\/wp-json\/wp\/v2\/product\/4741","targetHints":{"allow":["GET"]}}],"collection":[{"href":"https:\/\/antcube.shop\/cs\/wp-json\/wp\/v2\/product"}],"about":[{"href":"https:\/\/antcube.shop\/cs\/wp-json\/wp\/v2\/types\/product"}],"replies":[{"embeddable":true,"href":"https:\/\/antcube.shop\/cs\/wp-json\/wp\/v2\/comments?post=4741"}],"wp:featuredmedia":[{"embeddable":true,"href":"https:\/\/antcube.shop\/cs\/wp-json\/wp\/v2\/media\/4781"}],"wp:attachment":[{"href":"https:\/\/antcube.shop\/cs\/wp-json\/wp\/v2\/media?parent=4741"}],"wp:term":[{"taxonomy":"product_brand","embeddable":true,"href":"https:\/\/antcube.shop\/cs\/wp-json\/wp\/v2\/product_brand?post=4741"},{"taxonomy":"product_cat","embeddable":true,"href":"https:\/\/antcube.shop\/cs\/wp-json\/wp\/v2\/product_cat?post=4741"},{"taxonomy":"product_tag","embeddable":true,"href":"https:\/\/antcube.shop\/cs\/wp-json\/wp\/v2\/product_tag?post=4741"}],"curies":[{"name":"wp","href":"https:\/\/api.w.org\/{rel}","templated":true}]}}