{"id":4738,"date":"2022-11-14T15:05:46","date_gmt":"2022-11-14T14:05:46","guid":{"rendered":"https:\/\/antcube.shop\/produkt\/formicariendichtung-3-4-zoll-transparent\/"},"modified":"2026-04-10T13:32:11","modified_gmt":"2026-04-10T11:32:11","slug":"formikarium-tesneni-3-4-palcove-pruhledne","status":"publish","type":"product","link":"https:\/\/antcube.shop\/cs\/produkt\/formikarium-tesneni-3-4-palcove-pruhledne\/","title":{"rendered":"Formik\u00e1\u0159ov\u00e9 t\u011bsn\u011bn\u00ed 3\/4 palce - pr\u016fhledn\u00e9"},"content":{"rendered":"<p><strong>Obsah:<\/strong> 1x t\u011bsnic\u00ed krou\u017eek<\/p>\n<p><strong>Barva:<\/strong> pr\u016fhledn\u00fd, ml\u00e9\u010dn\u00fd<\/p>\n<p><strong>Materi\u00e1l:<\/strong> PE plast<\/p>\n<p><strong>Popis:<\/strong> S t\u00edmto t\u011bsnic\u00edm krou\u017ekem lze nap\u0159. l\u00e9pe a pevn\u011bji za\u0161roubovat odpov\u00eddaj\u00edc\u00ed \u0161roubov\u00e9 spoje (3\/4\u2033).<br \/>\nChr\u00e1n\u00edte j\u00edm sklo nebo akryl\u00e1t p\u0159ed po\u0161kr\u00e1b\u00e1n\u00edm.<\/p>\n<p>&nbsp;<\/p>","protected":false},"excerpt":{"rendered":"<p>Obsah: Barva: pr\u016fhledn\u00e1, ml\u00e9\u010dn\u00e1 Materi\u00e1l: Popis: T\u011bsn\u00edc\u00ed krou\u017eek je vyroben z plastu PE: S t\u00edmto t\u011bsn\u00edc\u00edm krou\u017ekem lze nap\u0159. l\u00e9pe a pevn\u011bji za\u0161roubovat odpov\u00eddaj\u00edc\u00ed \u0161roubov\u00e9 spoje (3\/4\u2033). Ochr\u00e1n\u00edte s n\u00edm sklo nebo akryl\u00e1t p\u0159ed po\u0161kr\u00e1b\u00e1n\u00edm. &nbsp;<\/p>","protected":false},"featured_media":4787,"comment_status":"open","ping_status":"closed","template":"","meta":{"_acf_changed":false,"content-type":"","_monsterinsights_skip_tracking":false,"_monsterinsights_sitenote_active":false,"_monsterinsights_sitenote_note":"","_monsterinsights_sitenote_category":0},"product_brand":[],"product_cat":[121],"product_tag":[],"class_list":{"0":"post-4738","1":"product","2":"type-product","3":"status-publish","4":"has-post-thumbnail","6":"product_cat-connectors","8":"first","9":"instock","10":"taxable","11":"shipping-taxable","12":"purchasable","13":"product-type-simple"},"acf":[],"aioseo_notices":[],"jetpack_sharing_enabled":true,"_links":{"self":[{"href":"https:\/\/antcube.shop\/cs\/wp-json\/wp\/v2\/product\/4738","targetHints":{"allow":["GET"]}}],"collection":[{"href":"https:\/\/antcube.shop\/cs\/wp-json\/wp\/v2\/product"}],"about":[{"href":"https:\/\/antcube.shop\/cs\/wp-json\/wp\/v2\/types\/product"}],"replies":[{"embeddable":true,"href":"https:\/\/antcube.shop\/cs\/wp-json\/wp\/v2\/comments?post=4738"}],"wp:featuredmedia":[{"embeddable":true,"href":"https:\/\/antcube.shop\/cs\/wp-json\/wp\/v2\/media\/4787"}],"wp:attachment":[{"href":"https:\/\/antcube.shop\/cs\/wp-json\/wp\/v2\/media?parent=4738"}],"wp:term":[{"taxonomy":"product_brand","embeddable":true,"href":"https:\/\/antcube.shop\/cs\/wp-json\/wp\/v2\/product_brand?post=4738"},{"taxonomy":"product_cat","embeddable":true,"href":"https:\/\/antcube.shop\/cs\/wp-json\/wp\/v2\/product_cat?post=4738"},{"taxonomy":"product_tag","embeddable":true,"href":"https:\/\/antcube.shop\/cs\/wp-json\/wp\/v2\/product_tag?post=4738"}],"curies":[{"name":"wp","href":"https:\/\/api.w.org\/{rel}","templated":true}]}}