{"id":4737,"date":"2022-11-14T15:05:30","date_gmt":"2022-11-14T14:05:30","guid":{"rendered":"https:\/\/antcube.shop\/produkt\/bohrungsadapter-50-auf-27mm-transparent\/"},"modified":"2026-04-02T09:54:16","modified_gmt":"2026-04-02T07:54:16","slug":"adapter-pro-vyvrt-50-27mm-transparentni","status":"publish","type":"product","link":"https:\/\/antcube.shop\/cs\/produkt\/adapter-pro-vyvrt-50-27mm-transparentni\/","title":{"rendered":"Adapt\u00e9r pro vrt\u00e1n\u00ed 50 a\u017e 27 mm - transparentn\u00ed"},"content":{"rendered":"<p><strong>Obsah:<\/strong><br \/>\n1x akrylov\u00fd kotou\u010d 50x4mm s otvorem 27mm<br \/>\n1x samolepic\u00ed f\u00f3lie transparentn\u00ed 60 mm s otvorem 27 mm<\/p>\n<p><strong>Rozm\u011bry:<\/strong> 60x4 mm<\/p>\n<p><strong>Materi\u00e1l:<\/strong> PMMA, PP<\/p>\n<p><strong>Barva:<\/strong> pr\u016fhledn\u00e9 \/ k\u0159i\u0161\u0165\u00e1lov\u011b \u010dist\u00e9<\/p>\n<p><strong>Popis:<\/strong> Adapt\u00e9r pro upevn\u011bn\u00ed prvk\u016f s pr\u016fm\u011brem 27 mm do otvoru 50 mm.<br \/>\nVysoce kvalitn\u00ed pr\u016fhledn\u00e1 50\u00b5 lepic\u00ed f\u00f3lie je odoln\u00e1 proti po\u0161kr\u00e1b\u00e1n\u00ed, obsahuje UV ochrannou vrstvu a je trvale p\u0159ilnav\u00e1.<br \/>\nT\u00edm je dosa\u017eeno bezpe\u010dn\u00e9ho, pevn\u00e9ho a vizu\u00e1ln\u011b kr\u00e1sn\u00e9ho upevn\u011bn\u00ed adapt\u00e9ru.<\/p>\n<p><strong>Pozn\u00e1mka:<\/strong> Adapt\u00e9r otvoru nesm\u00ed b\u00fdt zat\u011b\u017eov\u00e1n trval\u00fdm tlakem p\u00e1kov\u00e9ho efektu, jinak by se mohl uvolnit. Je vhodn\u00fd pouze pro p\u0159\u00edm\u00e9 spoje!<\/p>","protected":false},"excerpt":{"rendered":"<p>Obsah: 1x akrylov\u00fd kotou\u010d 50x4mm s otvorem 27mm 1x samolepic\u00ed f\u00f3lie transparentn\u00ed 60mm s otvorem 27mm Rozm\u011bry: Materi\u00e1l: 60x4mm PMMA, PP Barva: pr\u016fhledn\u00e1 \/ k\u0159i\u0161\u0165\u00e1lov\u011b \u010dir\u00e1 Popis: Adapt\u00e9r pro upevn\u011bn\u00ed prvk\u016f o pr\u016fm\u011bru 27 mm do otvoru 50 mm. Vysoce kvalitn\u00ed transparentn\u00ed lepic\u00ed f\u00f3lie 50\u00b5 je odoln\u00e1 proti po\u0161kr\u00e1b\u00e1n\u00ed a obsahuje ochrannou vrstvu proti UV z\u00e1\u0159en\u00ed a je","protected":false},"featured_media":4887,"comment_status":"open","ping_status":"closed","template":"","meta":{"_acf_changed":false,"content-type":"","_monsterinsights_skip_tracking":false,"_monsterinsights_sitenote_active":false,"_monsterinsights_sitenote_note":"","_monsterinsights_sitenote_category":0},"product_brand":[],"product_cat":[119,121],"product_tag":[],"class_list":{"0":"post-4737","1":"product","2":"type-product","3":"status-publish","4":"has-post-thumbnail","6":"product_cat-formicarium-components","7":"product_cat-connectors","9":"first","10":"instock","11":"taxable","12":"shipping-taxable","13":"purchasable","14":"product-type-simple"},"acf":[],"aioseo_notices":[],"jetpack_sharing_enabled":true,"_links":{"self":[{"href":"https:\/\/antcube.shop\/cs\/wp-json\/wp\/v2\/product\/4737","targetHints":{"allow":["GET"]}}],"collection":[{"href":"https:\/\/antcube.shop\/cs\/wp-json\/wp\/v2\/product"}],"about":[{"href":"https:\/\/antcube.shop\/cs\/wp-json\/wp\/v2\/types\/product"}],"replies":[{"embeddable":true,"href":"https:\/\/antcube.shop\/cs\/wp-json\/wp\/v2\/comments?post=4737"}],"wp:featuredmedia":[{"embeddable":true,"href":"https:\/\/antcube.shop\/cs\/wp-json\/wp\/v2\/media\/4887"}],"wp:attachment":[{"href":"https:\/\/antcube.shop\/cs\/wp-json\/wp\/v2\/media?parent=4737"}],"wp:term":[{"taxonomy":"product_brand","embeddable":true,"href":"https:\/\/antcube.shop\/cs\/wp-json\/wp\/v2\/product_brand?post=4737"},{"taxonomy":"product_cat","embeddable":true,"href":"https:\/\/antcube.shop\/cs\/wp-json\/wp\/v2\/product_cat?post=4737"},{"taxonomy":"product_tag","embeddable":true,"href":"https:\/\/antcube.shop\/cs\/wp-json\/wp\/v2\/product_tag?post=4737"}],"curies":[{"name":"wp","href":"https:\/\/api.w.org\/{rel}","templated":true}]}}