{"id":4735,"date":"2022-11-14T15:04:59","date_gmt":"2022-11-14T14:04:59","guid":{"rendered":"https:\/\/antcube.shop\/produkt\/rohrkappe-glasklar-fur-32mm\/"},"modified":"2026-03-31T09:51:38","modified_gmt":"2026-03-31T07:51:38","slug":"krystalicky-ciry-uzaver-trubky-pro-32-mm","status":"publish","type":"product","link":"https:\/\/antcube.shop\/cs\/produkt\/krystalicky-ciry-uzaver-trubky-pro-32-mm\/","title":{"rendered":"K\u0159i\u0161\u0165\u00e1lov\u011b \u010dir\u00fd uz\u00e1v\u011br trubky pro 32 mm"},"content":{"rendered":"<p><strong>Rozm\u011bry (Dx\u0160xV):<\/strong> 2,6\u00d74,0x4,0cm<br \/>\n<strong>Vnit\u0159n\u00ed pr\u016fm\u011br:<\/strong> 32 mm<\/p>\n<p><strong>Materi\u00e1l:<\/strong> Akryl<br \/>\n<strong>Barva:<\/strong> Bezbarv\u00fd\/pr\u016fhledn\u00fd\/\u010dir\u00fd<\/p>\n<p><strong>Obsah:<\/strong> 1ks.<\/p>\n<p><strong>Technick\u00e9 specifikace:<\/strong><br \/>\nK\u0159i\u0161\u0165\u00e1lov\u011b \u010dir\u00e1 krytka na trubky o pr\u016fm\u011bru 40 mm pro trubky o pr\u016fm\u011bru 32 mm.<\/p>\n<p><strong>Popis:<\/strong><br \/>\nUz\u00e1v\u011br trubek z pr\u016fhledn\u00e9ho akrylu k uzav\u0159en\u00ed akrylov\u00fdch trubek.<\/p>\n<p><strong>Upozorn\u011bn\u00ed:<\/strong><br \/>\nP\u0159i mont\u00e1\u017ei trubek dbejte na n\u00e1sleduj\u00edc\u00ed pokyny:<br \/>\nVzhledem k vlastnostem materi\u00e1lu akrylu je t\u0159eba se za ka\u017edou cenu vyhnout tlaku a p\u00e1ce. Pokud je spojen\u00ed obt\u00ed\u017en\u00e9, spojujte opatrn\u00fdmi krou\u017eiv\u00fdmi pohyby a v p\u0159\u00edpad\u011b pot\u0159eby pot\u0159ete trochou oleje proti vylomen\u00ed.<\/p>","protected":false},"excerpt":{"rendered":"<p>Rozm\u011bry (Dx\u0160xV): 2,6\u00d74,0\u00d74,0 cm Vnit\u0159n\u00ed pr\u016fm\u011br: 32 mm Materi\u00e1l: Barva: bezbarv\u00e1\/pr\u016fhledn\u00e1\/\u010dir\u00e1 Obsah: 32 mm: Obsah: 1ks.  K\u0159i\u0161\u0165\u00e1lov\u011b \u010dir\u00e1 krytka na trubku o pr\u016fm\u011bru 40 mm pro trubku o pr\u016fm\u011bru 32 mm. Popis: Vnit\u0159n\u00ed \u010d\u00e1st pro trubky s pr\u016fm\u011brem 1,5 mm: Krytka na trubky z pr\u016fhledn\u00e9ho akrylu k uzav\u0159en\u00ed akrylov\u00fdch trubek. Upozorn\u011bn\u00ed: P\u0159i mont\u00e1\u017ei trubek dbejte na n\u00e1sleduj\u00edc\u00ed: Vzhledem k vlastnostem materi\u00e1lu akryl\u00e1tu je nutn\u00e9 dodr\u017eet tlak a p\u00e1kov\u00fd efekt, aby se trubky [...]","protected":false},"featured_media":4894,"comment_status":"open","ping_status":"closed","template":"","meta":{"_acf_changed":false,"content-type":"","_monsterinsights_skip_tracking":false,"_monsterinsights_sitenote_active":false,"_monsterinsights_sitenote_note":"","_monsterinsights_sitenote_category":0},"product_brand":[],"product_cat":[345],"product_tag":[],"class_list":{"0":"post-4735","1":"product","2":"type-product","3":"status-publish","4":"has-post-thumbnail","6":"product_cat-pipe-connectors","8":"first","9":"instock","10":"taxable","11":"shipping-taxable","12":"purchasable","13":"product-type-simple"},"acf":[],"aioseo_notices":[],"jetpack_sharing_enabled":true,"_links":{"self":[{"href":"https:\/\/antcube.shop\/cs\/wp-json\/wp\/v2\/product\/4735","targetHints":{"allow":["GET"]}}],"collection":[{"href":"https:\/\/antcube.shop\/cs\/wp-json\/wp\/v2\/product"}],"about":[{"href":"https:\/\/antcube.shop\/cs\/wp-json\/wp\/v2\/types\/product"}],"replies":[{"embeddable":true,"href":"https:\/\/antcube.shop\/cs\/wp-json\/wp\/v2\/comments?post=4735"}],"wp:featuredmedia":[{"embeddable":true,"href":"https:\/\/antcube.shop\/cs\/wp-json\/wp\/v2\/media\/4894"}],"wp:attachment":[{"href":"https:\/\/antcube.shop\/cs\/wp-json\/wp\/v2\/media?parent=4735"}],"wp:term":[{"taxonomy":"product_brand","embeddable":true,"href":"https:\/\/antcube.shop\/cs\/wp-json\/wp\/v2\/product_brand?post=4735"},{"taxonomy":"product_cat","embeddable":true,"href":"https:\/\/antcube.shop\/cs\/wp-json\/wp\/v2\/product_cat?post=4735"},{"taxonomy":"product_tag","embeddable":true,"href":"https:\/\/antcube.shop\/cs\/wp-json\/wp\/v2\/product_tag?post=4735"}],"curies":[{"name":"wp","href":"https:\/\/api.w.org\/{rel}","templated":true}]}}