{"id":4732,"date":"2022-11-14T15:04:12","date_gmt":"2022-11-14T14:04:12","guid":{"rendered":"https:\/\/antcube.shop\/produkt\/rohrverbinder-glasklar-fur-32mm-45\/"},"modified":"2026-04-17T17:42:08","modified_gmt":"2026-04-17T15:42:08","slug":"rohrverbinder-glasklar-fur-32mm-45","status":"publish","type":"product","link":"https:\/\/antcube.shop\/cs\/produkt\/rohrverbinder-glasklar-fur-32mm-45\/","title":{"rendered":"K\u0159i\u0161\u0165\u00e1lov\u011b \u010dir\u00fd konektor pro 32 mm - 45\u00b0"},"content":{"rendered":"<p><strong>Rozm\u011bry (Dx\u0160xV):<\/strong> 7,2 \u00d7 4,0 \u00d7 5,5 cm<br \/>\n<strong>Vnit\u0159n\u00ed pr\u016fm\u011br:<\/strong> 32 mm<\/p>\n<p><strong>Materi\u00e1l:<\/strong> Akryl<\/p>\n<p><strong>Barva:<\/strong> Bezbarv\u00fd\/pr\u016fhledn\u00fd\/\u010dir\u00fd<\/p>\n<p><strong>Obsah:<\/strong> 1ks.<\/p>\n<p><strong>Technick\u00e9 specifikace:<\/strong><br \/>\nAkryl\u00e1tov\u00e1 spojka o pr\u016fm\u011bru 40 mm pro trubky o pr\u016fm\u011bru 32 mm.<\/p>\n<p><strong>Popis:<\/strong><br \/>\nSpojka trubek z pr\u016fhledn\u00e9ho akrylu pro spojov\u00e1n\u00ed akrylov\u00fdch trubek pod \u00fahlem 45\u00b0.<\/p>\n<p><strong>Upozorn\u011bn\u00ed:<\/strong><br \/>\nP\u0159i mont\u00e1\u017ei trubek dbejte na n\u00e1sleduj\u00edc\u00ed pokyny:<br \/>\nVzhledem k vlastnostem materi\u00e1lu akrylu je t\u0159eba se za ka\u017edou cenu vyhnout tlaku a p\u00e1ce. Pokud je spojen\u00ed obt\u00ed\u017en\u00e9, spojujte opatrn\u00fdmi krou\u017eiv\u00fdmi pohyby a v p\u0159\u00edpad\u011b pot\u0159eby pot\u0159ete trochou oleje proti vylomen\u00ed.<\/p>","protected":false},"excerpt":{"rendered":"<p>Dimensions (LxWxH): 7,2&#215;4,0&#215;5,5cm Inner diameter: 32mm Material: Acrylic Color: Colorless\/Transparent\/Clear Content: 1pcs. Technical specifications: Pipe connector acrylic diameter 40mm for 32mm pipe. Description: Pipe connector made of transparent acrylic for connecting acrylic pipes at an angle of 45\u00b0. Notice: When assembling the pipes, please note the following: Due to the material properties of acrylic, pressure [&#8230;]","protected":false},"featured_media":4901,"comment_status":"open","ping_status":"closed","template":"","meta":{"_acf_changed":false,"content-type":"","_monsterinsights_skip_tracking":false,"_monsterinsights_sitenote_active":false,"_monsterinsights_sitenote_note":"","_monsterinsights_sitenote_category":0},"product_brand":[],"product_cat":[345],"product_tag":[],"class_list":{"0":"post-4732","1":"product","2":"type-product","3":"status-publish","4":"has-post-thumbnail","6":"product_cat-pipe-connectors","8":"first","9":"instock","10":"taxable","11":"shipping-taxable","12":"purchasable","13":"product-type-simple"},"acf":[],"aioseo_notices":[],"jetpack_sharing_enabled":true,"_links":{"self":[{"href":"https:\/\/antcube.shop\/cs\/wp-json\/wp\/v2\/product\/4732","targetHints":{"allow":["GET"]}}],"collection":[{"href":"https:\/\/antcube.shop\/cs\/wp-json\/wp\/v2\/product"}],"about":[{"href":"https:\/\/antcube.shop\/cs\/wp-json\/wp\/v2\/types\/product"}],"replies":[{"embeddable":true,"href":"https:\/\/antcube.shop\/cs\/wp-json\/wp\/v2\/comments?post=4732"}],"wp:featuredmedia":[{"embeddable":true,"href":"https:\/\/antcube.shop\/cs\/wp-json\/wp\/v2\/media\/4901"}],"wp:attachment":[{"href":"https:\/\/antcube.shop\/cs\/wp-json\/wp\/v2\/media?parent=4732"}],"wp:term":[{"taxonomy":"product_brand","embeddable":true,"href":"https:\/\/antcube.shop\/cs\/wp-json\/wp\/v2\/product_brand?post=4732"},{"taxonomy":"product_cat","embeddable":true,"href":"https:\/\/antcube.shop\/cs\/wp-json\/wp\/v2\/product_cat?post=4732"},{"taxonomy":"product_tag","embeddable":true,"href":"https:\/\/antcube.shop\/cs\/wp-json\/wp\/v2\/product_tag?post=4732"}],"curies":[{"name":"wp","href":"https:\/\/api.w.org\/{rel}","templated":true}]}}