{"id":4726,"date":"2022-11-14T15:02:37","date_gmt":"2022-11-14T14:02:37","guid":{"rendered":"https:\/\/antcube.shop\/produkt\/rohrverbindungsring-fur-50mm-rohr\/"},"modified":"2026-03-20T10:38:38","modified_gmt":"2026-03-20T09:38:38","slug":"pripojovaci-krouzek-pro-50mm-trubky","status":"publish","type":"product","link":"https:\/\/antcube.shop\/cs\/produkt\/pripojovaci-krouzek-pro-50mm-trubky\/","title":{"rendered":"Spojovac\u00ed krou\u017eek pro 50mm trubky"},"content":{"rendered":"<p><strong>Mno\u017estv\u00ed:<\/strong> 1 kus<\/p>\n<p><strong>Rozm\u011bry:<\/strong> 50 mm (vnit\u0159n\u00ed pr\u016fm\u011br), 60x10 mm (vn\u011bj\u0161\u00ed rozm\u011bry)<\/p>\n<p><strong>Barva:<\/strong> transparentn\u00ed<\/p>\n<p><strong>Materi\u00e1l:<\/strong> akryl<\/p>\n<p><strong>Popis:<\/strong><br \/>\nSpojovac\u00ed krou\u017eek na trubky z pr\u016fhledn\u00e9ho akrylu pro spojov\u00e1n\u00ed akrylov\u00fdch trubek.<\/p>\n<p><strong>Pou\u017eit\u00ed:<\/strong><br \/>\nPro p\u0159ipojen\u00ed akryl\u00e1tov\u00fdch trubek o pr\u016fm\u011bru 50 mm.<\/p>\n<p><strong>Upozorn\u011bn\u00ed:<\/strong><br \/>\nP\u0159i mont\u00e1\u017ei trubek dbejte na n\u00e1sleduj\u00edc\u00ed pokyny:<br \/>\nPokud se trubka velmi \u0161patn\u011b nasazuje na p\u0159ipojovac\u00ed obj\u00edmku, je t\u0159eba t\u011bsnic\u00ed krou\u017eek lehce pot\u0159\u00edt kapkou na\u0161eho oleje nebo pr\u00e1\u0161ku na ochranu proti vylomen\u00ed. Pot\u00e9 by se trubka m\u011bla na obj\u00edmku nasunout ot\u00e1\u010div\u00fdmi nebo \u0161roubovac\u00edmi pohyby, ani\u017e by se obj\u00edmka zat\u011b\u017eovala pohyby nahoru a dol\u016f. Vzhledem k materi\u00e1lov\u00fdm vlastnostem akryl\u00e1tu je t\u0159eba se za ka\u017edou cenu vyhnout tlaku a p\u00e1ce.<\/p>\n<p>&nbsp;<\/p>","protected":false},"excerpt":{"rendered":"<p>Mno\u017estv\u00ed: Rozm\u011bry: 1 kus Barva: pr\u016fhledn\u00e1 Materi\u00e1l: akryl Popis: Vnit\u0159n\u00ed pr\u016fm\u011br 32 mm, vn\u011bj\u0161\u00ed rozm\u011bry 40x10 mm: Spojovac\u00ed krou\u017eek na trubky z pr\u016fhledn\u00e9ho akrylu pro spojov\u00e1n\u00ed akrylov\u00fdch trubek. Pou\u017eit\u00ed: Pro spojov\u00e1n\u00ed akrylov\u00fdch trubek o pr\u016fm\u011bru 32 mm. Upozorn\u011bn\u00ed: P\u0159i mont\u00e1\u017ei trubek dbejte na n\u00e1sleduj\u00edc\u00ed: Pokud je velmi obt\u00ed\u017en\u00e9 nasadit trubku na spojovac\u00ed obj\u00edmku, [...]","protected":false},"featured_media":4921,"comment_status":"open","ping_status":"closed","template":"","meta":{"_acf_changed":false,"content-type":"","_monsterinsights_skip_tracking":false,"_monsterinsights_sitenote_active":false,"_monsterinsights_sitenote_note":"","_monsterinsights_sitenote_category":0},"product_brand":[],"product_cat":[345],"product_tag":[],"class_list":{"0":"post-4726","1":"product","2":"type-product","3":"status-publish","4":"has-post-thumbnail","6":"product_cat-pipe-connectors","8":"first","9":"instock","10":"taxable","11":"shipping-taxable","12":"purchasable","13":"product-type-simple"},"acf":[],"aioseo_notices":[],"jetpack_sharing_enabled":true,"_links":{"self":[{"href":"https:\/\/antcube.shop\/cs\/wp-json\/wp\/v2\/product\/4726","targetHints":{"allow":["GET"]}}],"collection":[{"href":"https:\/\/antcube.shop\/cs\/wp-json\/wp\/v2\/product"}],"about":[{"href":"https:\/\/antcube.shop\/cs\/wp-json\/wp\/v2\/types\/product"}],"replies":[{"embeddable":true,"href":"https:\/\/antcube.shop\/cs\/wp-json\/wp\/v2\/comments?post=4726"}],"wp:featuredmedia":[{"embeddable":true,"href":"https:\/\/antcube.shop\/cs\/wp-json\/wp\/v2\/media\/4921"}],"wp:attachment":[{"href":"https:\/\/antcube.shop\/cs\/wp-json\/wp\/v2\/media?parent=4726"}],"wp:term":[{"taxonomy":"product_brand","embeddable":true,"href":"https:\/\/antcube.shop\/cs\/wp-json\/wp\/v2\/product_brand?post=4726"},{"taxonomy":"product_cat","embeddable":true,"href":"https:\/\/antcube.shop\/cs\/wp-json\/wp\/v2\/product_cat?post=4726"},{"taxonomy":"product_tag","embeddable":true,"href":"https:\/\/antcube.shop\/cs\/wp-json\/wp\/v2\/product_tag?post=4726"}],"curies":[{"name":"wp","href":"https:\/\/api.w.org\/{rel}","templated":true}]}}