{"id":4722,"date":"2022-11-14T15:01:32","date_gmt":"2022-11-14T14:01:32","guid":{"rendered":"https:\/\/antcube.shop\/produkt\/becken-rohrverbinder-3-4-zu-50mm-gerade-transparent\/"},"modified":"2026-04-09T13:59:22","modified_gmt":"2026-04-09T11:59:22","slug":"spojka-pro-umyvadlo-3-4-50mm-rovna-pruhledna","status":"publish","type":"product","link":"https:\/\/antcube.shop\/cs\/produkt\/spojka-pro-umyvadlo-3-4-50mm-rovna-pruhledna\/","title":{"rendered":"Spojka trubky umyvadla 3\/4\u2033 na 50 mm - p\u0159\u00edm\u00e1 - pr\u016fhledn\u00e1"},"content":{"rendered":"<p><strong>Rozm\u011bry:<\/strong> 75x60x60 mm<\/p>\n<p><strong>Mno\u017estv\u00ed:<\/strong> 1ks<\/p>\n<p><strong>Barva:<\/strong> transparentn\u00ed<\/p>\n<p><strong>Materi\u00e1l:<\/strong> plast<\/p>\n<p><strong>Popis:<\/strong> Tato spojka 3\/4\" pro umyvadlo se hod\u00ed do otvoru o pr\u016fm\u011bru 27 mm i na vn\u011bj\u0161\u00ed pr\u016fm\u011br trubky 32 mm.<\/p>","protected":false},"excerpt":{"rendered":"<p>Rozm\u011bry: Mno\u017estv\u00ed: 75x60x60mm Barva: pr\u016fhledn\u00e1 Materi\u00e1l: plast Popis: 60x6060mm: Tento spojovac\u00ed prvek pro umyvadlo 3\/4\u2033 se hod\u00ed do otvoru o pr\u016fm\u011bru 27 mm i na vn\u011bj\u0161\u00ed pr\u016fm\u011br trubky 50 mm.<\/p>","protected":false},"featured_media":4915,"comment_status":"open","ping_status":"closed","template":"","meta":{"_acf_changed":false,"content-type":"","_monsterinsights_skip_tracking":false,"_monsterinsights_sitenote_active":false,"_monsterinsights_sitenote_note":"","_monsterinsights_sitenote_category":0},"product_brand":[],"product_cat":[345],"product_tag":[],"class_list":{"0":"post-4722","1":"product","2":"type-product","3":"status-publish","4":"has-post-thumbnail","6":"product_cat-pipe-connectors","8":"first","9":"instock","10":"taxable","11":"shipping-taxable","12":"purchasable","13":"product-type-simple"},"acf":[],"aioseo_notices":[],"jetpack_sharing_enabled":true,"_links":{"self":[{"href":"https:\/\/antcube.shop\/cs\/wp-json\/wp\/v2\/product\/4722","targetHints":{"allow":["GET"]}}],"collection":[{"href":"https:\/\/antcube.shop\/cs\/wp-json\/wp\/v2\/product"}],"about":[{"href":"https:\/\/antcube.shop\/cs\/wp-json\/wp\/v2\/types\/product"}],"replies":[{"embeddable":true,"href":"https:\/\/antcube.shop\/cs\/wp-json\/wp\/v2\/comments?post=4722"}],"wp:featuredmedia":[{"embeddable":true,"href":"https:\/\/antcube.shop\/cs\/wp-json\/wp\/v2\/media\/4915"}],"wp:attachment":[{"href":"https:\/\/antcube.shop\/cs\/wp-json\/wp\/v2\/media?parent=4722"}],"wp:term":[{"taxonomy":"product_brand","embeddable":true,"href":"https:\/\/antcube.shop\/cs\/wp-json\/wp\/v2\/product_brand?post=4722"},{"taxonomy":"product_cat","embeddable":true,"href":"https:\/\/antcube.shop\/cs\/wp-json\/wp\/v2\/product_cat?post=4722"},{"taxonomy":"product_tag","embeddable":true,"href":"https:\/\/antcube.shop\/cs\/wp-json\/wp\/v2\/product_tag?post=4722"}],"curies":[{"name":"wp","href":"https:\/\/api.w.org\/{rel}","templated":true}]}}