{"id":4720,"date":"2022-11-14T15:01:00","date_gmt":"2022-11-14T14:01:00","guid":{"rendered":"https:\/\/antcube.shop\/produkt\/formicarium-schraubbuchse-fur-50mm-bohrung-transparent\/"},"modified":"2025-10-19T12:40:25","modified_gmt":"2025-10-19T10:40:25","slug":"formicarium-schraubbuchse-fur-50mm-bohrung-transparent","status":"publish","type":"product","link":"https:\/\/antcube.shop\/cs\/produkt\/formicarium-schraubbuchse-fur-50mm-bohrung-transparent\/","title":{"rendered":"Formicariov\u00e9 \u0161roubovac\u00ed pouzdro pro 50mm otvor - transparentn\u00ed"},"content":{"rendered":"<p><strong>Obsah:<\/strong> 1 ks.<\/p>\n<p><strong>Rozm\u011bry:<\/strong> 68 x 68 x 46 mm (49mm z\u00e1suvka)<\/p>\n<p><strong>Materi\u00e1l:<\/strong> Plastov\u00e9<\/p>\n<p><strong>Barva:<\/strong> Transparentn\u00ed<\/p>\n<p><strong>Popis:<\/strong><br \/>\nTato polo\u017eka je konektor p\u00e1nevn\u00ed trubice.<br \/>\nO odpov\u00eddaj\u00edc\u00edch spojk\u00e1ch 50 mm, s t\u00edmto p\u00e1nevn\u00edm konektorem m\u016f\u017eete p\u0159ipojit v\u00edce 50mm hadi\u010dek nebo v\u00edce Formicarien.<br \/>\nVoliteln\u011b je mo\u017en\u00e9 p\u0159ipojit tak\u00e9 60mm trubku (60\/56 mm) p\u0159es t\u011bsnic\u00ed krou\u017eek pro 50 mm.<br \/>\nNebo lze v p\u0159\u00edpad\u011b krytu pou\u017e\u00edt vhodn\u00e9 porcel\u00e1nov\u00e9 z\u00e1suvky pro sv\u00edtidla.<\/p>\n<p><strong>Upozorn\u011bn\u00ed:<\/strong><br \/>\nVzhledem k tomu, \u017ee pr\u016fm\u011br t\u00e9to z\u00e1suvky je pouze 49 mm m\u00edsto 50 mm, pot\u0159ebujete t\u011bsnic\u00ed krou\u017eky nebo z\u00e1bal z k\u0159i\u0161\u0165\u00e1lov\u011b \u010dist\u00e9 lepic\u00ed f\u00f3lie, abyste se dostali na pr\u016fm\u011br 50 mm pro t\u011bsn\u00e9 spojen\u00ed.<\/p>","protected":false},"excerpt":{"rendered":"<p>Obsah: Obsahuje: 1 ks. Rozm\u011bry: 1 ks: 68 x 68 x 46 mm (49mm z\u00e1suvka) Materi\u00e1l:: Materi\u00e1l: plast Barva: pr\u016fhledn\u00e1 Popis: 68 cm (68 cm), 68 cm (68 cm): Toto zbo\u017e\u00ed je konektor p\u00e1nevn\u00ed trubice. O odpov\u00eddaj\u00edc\u00edch konektorech pro hadi\u010dky 50 mm, pomoc\u00ed tohoto p\u00e1nevn\u00edho konektoru m\u016f\u017eete p\u0159ipojit v\u00edce hadi\u010dek 50 mm nebo v\u00edce Formicarien. Voliteln\u011b je mo\u017en\u00e9 p\u0159ipojit tak\u00e9 60mm hadi\u010dku (60\/56mm) prost\u0159ednictv\u00edm","protected":false},"featured_media":4924,"comment_status":"open","ping_status":"closed","template":"","meta":{"_acf_changed":false,"content-type":"","_monsterinsights_skip_tracking":false,"_monsterinsights_sitenote_active":false,"_monsterinsights_sitenote_note":"","_monsterinsights_sitenote_category":0},"product_brand":[],"product_cat":[345],"product_tag":[],"class_list":{"0":"post-4720","1":"product","2":"type-product","3":"status-publish","4":"has-post-thumbnail","6":"product_cat-pipe-connectors","8":"first","9":"outofstock","10":"taxable","11":"shipping-taxable","12":"purchasable","13":"product-type-simple"},"acf":[],"aioseo_notices":[],"jetpack_sharing_enabled":true,"_links":{"self":[{"href":"https:\/\/antcube.shop\/cs\/wp-json\/wp\/v2\/product\/4720","targetHints":{"allow":["GET"]}}],"collection":[{"href":"https:\/\/antcube.shop\/cs\/wp-json\/wp\/v2\/product"}],"about":[{"href":"https:\/\/antcube.shop\/cs\/wp-json\/wp\/v2\/types\/product"}],"replies":[{"embeddable":true,"href":"https:\/\/antcube.shop\/cs\/wp-json\/wp\/v2\/comments?post=4720"}],"wp:featuredmedia":[{"embeddable":true,"href":"https:\/\/antcube.shop\/cs\/wp-json\/wp\/v2\/media\/4924"}],"wp:attachment":[{"href":"https:\/\/antcube.shop\/cs\/wp-json\/wp\/v2\/media?parent=4720"}],"wp:term":[{"taxonomy":"product_brand","embeddable":true,"href":"https:\/\/antcube.shop\/cs\/wp-json\/wp\/v2\/product_brand?post=4720"},{"taxonomy":"product_cat","embeddable":true,"href":"https:\/\/antcube.shop\/cs\/wp-json\/wp\/v2\/product_cat?post=4720"},{"taxonomy":"product_tag","embeddable":true,"href":"https:\/\/antcube.shop\/cs\/wp-json\/wp\/v2\/product_tag?post=4720"}],"curies":[{"name":"wp","href":"https:\/\/api.w.org\/{rel}","templated":true}]}}