{"id":4718,"date":"2022-11-14T15:00:29","date_gmt":"2022-11-14T14:00:29","guid":{"rendered":"https:\/\/antcube.shop\/produkt\/dschungelliane-o-10-mm\/"},"modified":"2026-03-23T09:46:08","modified_gmt":"2026-03-23T08:46:08","slug":"jungle-lianas-10-mm","status":"publish","type":"product","link":"https:\/\/antcube.shop\/cs\/produkt\/jungle-lianas-10-mm\/","title":{"rendered":"D\u017eunglov\u00e9 li\u00e1ny - \u00d8 10 mm"},"content":{"rendered":"<p><strong>Popis:<\/strong><br \/>\nTato p\u0159irozen\u011b vypadaj\u00edc\u00ed li\u00e1na poskytuje vynikaj\u00edc\u00ed oporu a nav\u00edc je velmi flexibiln\u00ed a oto\u010dn\u00e1. D\u00edky tomu je ide\u00e1ln\u00ed pro druhy mravenc\u016f \u017eij\u00edc\u00ed na stromech a jako pom\u016fcka pro \u0161plh\u00e1n\u00ed v akrylov\u00fdch trubic\u00edch a formik\u00e1ri\u00edch. Pou\u017eit\u00edm li\u00e1ny vznik\u00e1 trojrozm\u011brn\u00e9 stanovi\u0161t\u011b, kter\u00e9 nab\u00edz\u00ed v\u00edce prostoru pro pohyb. Krom\u011b toho se li\u00e1ny d\u00edky sv\u00e9mu vodoodpudiv\u00e9mu materi\u00e1lu snadno \u010dist\u00ed.<\/p>\n<p><strong>Rozm\u011bry:<\/strong><br \/>\n200 x 1 x 1 cm<\/p>\n<p>&nbsp;<\/p>\n<p>&nbsp;<\/p>","protected":false},"excerpt":{"rendered":"<p>Velikost: 200 x 1 x 1 cm<\/p>","protected":false},"featured_media":4937,"comment_status":"open","ping_status":"closed","template":"","meta":{"_acf_changed":false,"content-type":"","_monsterinsights_skip_tracking":false,"_monsterinsights_sitenote_active":false,"_monsterinsights_sitenote_note":"","_monsterinsights_sitenote_category":0},"product_brand":[],"product_cat":[95,98,100],"product_tag":[],"class_list":{"0":"post-4718","1":"product","2":"type-product","3":"status-publish","4":"has-post-thumbnail","6":"product_cat-accessories-for-ants","7":"product_cat-decoration","8":"product_cat-rainforest","10":"first","11":"instock","12":"taxable","13":"shipping-taxable","14":"purchasable","15":"product-type-simple"},"acf":[],"aioseo_notices":[],"jetpack_sharing_enabled":true,"_links":{"self":[{"href":"https:\/\/antcube.shop\/cs\/wp-json\/wp\/v2\/product\/4718","targetHints":{"allow":["GET"]}}],"collection":[{"href":"https:\/\/antcube.shop\/cs\/wp-json\/wp\/v2\/product"}],"about":[{"href":"https:\/\/antcube.shop\/cs\/wp-json\/wp\/v2\/types\/product"}],"replies":[{"embeddable":true,"href":"https:\/\/antcube.shop\/cs\/wp-json\/wp\/v2\/comments?post=4718"}],"wp:featuredmedia":[{"embeddable":true,"href":"https:\/\/antcube.shop\/cs\/wp-json\/wp\/v2\/media\/4937"}],"wp:attachment":[{"href":"https:\/\/antcube.shop\/cs\/wp-json\/wp\/v2\/media?parent=4718"}],"wp:term":[{"taxonomy":"product_brand","embeddable":true,"href":"https:\/\/antcube.shop\/cs\/wp-json\/wp\/v2\/product_brand?post=4718"},{"taxonomy":"product_cat","embeddable":true,"href":"https:\/\/antcube.shop\/cs\/wp-json\/wp\/v2\/product_cat?post=4718"},{"taxonomy":"product_tag","embeddable":true,"href":"https:\/\/antcube.shop\/cs\/wp-json\/wp\/v2\/product_tag?post=4718"}],"curies":[{"name":"wp","href":"https:\/\/api.w.org\/{rel}","templated":true}]}}