{"id":4716,"date":"2022-11-14T14:59:57","date_gmt":"2022-11-14T13:59:57","guid":{"rendered":"https:\/\/antcube.shop\/produkt\/gittereinsatz-acryl-50-mm-klar-fein\/"},"modified":"2026-04-05T19:45:28","modified_gmt":"2026-04-05T17:45:28","slug":"mrizka-insert-akryl-50-mm-cira-jemna","status":"publish","type":"product","link":"https:\/\/antcube.shop\/cs\/produkt\/mrizka-insert-akryl-50-mm-cira-jemna\/","title":{"rendered":"Akryl\u00e1tov\u00e1 m\u0159\u00ed\u017eka 50 mm - \u010dir\u00e1 - jemn\u00e1"},"content":{"rendered":"<p><strong>Mno\u017estv\u00ed:<\/strong> 1 kus<\/p>\n<p><strong>Rozm\u011bry:<\/strong> 60x10 mm<\/p>\n<p><strong>Barva:<\/strong> p\u0159ehledn\u011b<\/p>\n<p><strong>Materi\u00e1l:<\/strong> plast, nerezov\u00e1 ocel<\/p>\n<p><strong>Popis:<\/strong> v\u011btrac\u00ed m\u0159\u00ed\u017eka se z\u00e1suvn\u00fdm pr\u016fm\u011brem 50 mm k uzav\u0159en\u00ed otvor\u016f o pr\u016fm\u011bru 50 mm. Obsahuje \u010dl\u00e1nek: \"M\u0159\u00ed\u017ekov\u00e1 vlo\u017eka akryl\u00e1tov\u00e1 50 mm - \u010dir\u00e1\" v kombinaci s velmi jemnou, velmi robustn\u00ed nerezovou m\u0159\u00ed\u017ekou (0,2-0,3 mm), kter\u00e1 zabra\u0148uje pronik\u00e1n\u00ed i mal\u00fdch mravenc\u016f \u0161irok\u00fdmi v\u011btrac\u00edmi otvory m\u0159\u00ed\u017ekov\u00e9 vlo\u017eky. Vhodn\u00e9 i pro velmi siln\u00e9 kousav\u00e9 druhy, jako jsou mravenci listono\u0161i!<\/p>","protected":false},"excerpt":{"rendered":"<p>Pro otvory o pr\u016fm\u011bru 50 mm.<\/p>","protected":false},"featured_media":4809,"comment_status":"open","ping_status":"closed","template":"","meta":{"_acf_changed":false,"content-type":"","_monsterinsights_skip_tracking":false,"_monsterinsights_sitenote_active":false,"_monsterinsights_sitenote_note":"","_monsterinsights_sitenote_category":0},"product_brand":[],"product_cat":[238],"product_tag":[],"class_list":{"0":"post-4716","1":"product","2":"type-product","3":"status-publish","4":"has-post-thumbnail","6":"product_cat-grid-caps-plugs-and-inserts","8":"first","9":"instock","10":"taxable","11":"shipping-taxable","12":"purchasable","13":"product-type-simple"},"acf":[],"aioseo_notices":[],"jetpack_sharing_enabled":true,"_links":{"self":[{"href":"https:\/\/antcube.shop\/cs\/wp-json\/wp\/v2\/product\/4716","targetHints":{"allow":["GET"]}}],"collection":[{"href":"https:\/\/antcube.shop\/cs\/wp-json\/wp\/v2\/product"}],"about":[{"href":"https:\/\/antcube.shop\/cs\/wp-json\/wp\/v2\/types\/product"}],"replies":[{"embeddable":true,"href":"https:\/\/antcube.shop\/cs\/wp-json\/wp\/v2\/comments?post=4716"}],"wp:featuredmedia":[{"embeddable":true,"href":"https:\/\/antcube.shop\/cs\/wp-json\/wp\/v2\/media\/4809"}],"wp:attachment":[{"href":"https:\/\/antcube.shop\/cs\/wp-json\/wp\/v2\/media?parent=4716"}],"wp:term":[{"taxonomy":"product_brand","embeddable":true,"href":"https:\/\/antcube.shop\/cs\/wp-json\/wp\/v2\/product_brand?post=4716"},{"taxonomy":"product_cat","embeddable":true,"href":"https:\/\/antcube.shop\/cs\/wp-json\/wp\/v2\/product_cat?post=4716"},{"taxonomy":"product_tag","embeddable":true,"href":"https:\/\/antcube.shop\/cs\/wp-json\/wp\/v2\/product_tag?post=4716"}],"curies":[{"name":"wp","href":"https:\/\/api.w.org\/{rel}","templated":true}]}}