{"id":4715,"date":"2022-11-14T14:59:42","date_gmt":"2022-11-14T13:59:42","guid":{"rendered":"https:\/\/antcube.shop\/produkt\/nadelstreu-klein-20g\/"},"modified":"2026-03-30T23:13:16","modified_gmt":"2026-03-30T21:13:16","slug":"jehlickova-podestylka-small-20g","status":"publish","type":"product","link":"https:\/\/antcube.shop\/cs\/produkt\/jehlickova-podestylka-small-20g\/","title":{"rendered":"Jehli\u010dkov\u00e9 stelivo - mal\u00e9 - 20g"},"content":{"rendered":"<p><strong>Rozm\u011bry (d\u00e9lka):<\/strong> 7-12 mm<\/p>\n<p><strong>Materi\u00e1l:<\/strong> mod\u0159\u00ednov\u00e9 jehli\u010d\u00ed. P\u0159\u00edrodn\u00ed produkt<\/p>\n<p><strong>Barva:<\/strong> B\u00e9\u017eov\u00e1, tmav\u011b hn\u011bd\u00e1, zelen\u00e1<\/p>\n<p><strong>Popis:<\/strong> Su\u0161en\u00e9 jehli\u010d\u00ed k dekora\u010dn\u00edm \u00fa\u010del\u016fm.<\/p>\n<p><strong>Pozn\u00e1mka:<\/strong> v z\u00e1vislosti na stupni vyschnut\u00ed jehlic mohou m\u00edt zbarven\u00ed zelen\u00e9, b\u00e9\u017eov\u00e9 nebo hn\u011bd\u00e9 a\u017e tmav\u011b hn\u011bd\u00e9. Jehlice budou v pr\u016fb\u011bhu \u010dasu d\u00e1le vysychat a ztr\u00e1cet barvu, nejpozd\u011bji dos\u00e1hnou hn\u011bd\u00e9ho odst\u00ednu.<\/p>","protected":false},"excerpt":{"rendered":"<p><strong>L\u00e4nge: <\/strong>7-12 mm<\/p>","protected":false},"featured_media":4942,"comment_status":"open","ping_status":"closed","template":"","meta":{"_acf_changed":false,"content-type":"","_monsterinsights_skip_tracking":false,"_monsterinsights_sitenote_active":false,"_monsterinsights_sitenote_note":"","_monsterinsights_sitenote_category":0},"product_brand":[],"product_cat":[95,98,101],"product_tag":[],"class_list":{"0":"post-4715","1":"product","2":"type-product","3":"status-publish","4":"has-post-thumbnail","6":"product_cat-accessories-for-ants","7":"product_cat-decoration","8":"product_cat-forest","10":"first","11":"instock","12":"taxable","13":"shipping-taxable","14":"purchasable","15":"product-type-simple"},"acf":[],"aioseo_notices":[],"jetpack_sharing_enabled":true,"_links":{"self":[{"href":"https:\/\/antcube.shop\/cs\/wp-json\/wp\/v2\/product\/4715","targetHints":{"allow":["GET"]}}],"collection":[{"href":"https:\/\/antcube.shop\/cs\/wp-json\/wp\/v2\/product"}],"about":[{"href":"https:\/\/antcube.shop\/cs\/wp-json\/wp\/v2\/types\/product"}],"replies":[{"embeddable":true,"href":"https:\/\/antcube.shop\/cs\/wp-json\/wp\/v2\/comments?post=4715"}],"wp:featuredmedia":[{"embeddable":true,"href":"https:\/\/antcube.shop\/cs\/wp-json\/wp\/v2\/media\/4942"}],"wp:attachment":[{"href":"https:\/\/antcube.shop\/cs\/wp-json\/wp\/v2\/media?parent=4715"}],"wp:term":[{"taxonomy":"product_brand","embeddable":true,"href":"https:\/\/antcube.shop\/cs\/wp-json\/wp\/v2\/product_brand?post=4715"},{"taxonomy":"product_cat","embeddable":true,"href":"https:\/\/antcube.shop\/cs\/wp-json\/wp\/v2\/product_cat?post=4715"},{"taxonomy":"product_tag","embeddable":true,"href":"https:\/\/antcube.shop\/cs\/wp-json\/wp\/v2\/product_tag?post=4715"}],"curies":[{"name":"wp","href":"https:\/\/api.w.org\/{rel}","templated":true}]}}