{"id":4714,"date":"2022-11-14T14:59:26","date_gmt":"2022-11-14T13:59:26","guid":{"rendered":"https:\/\/antcube.shop\/produkt\/fichtennadeln-100g\/"},"modified":"2026-04-13T09:32:39","modified_gmt":"2026-04-13T07:32:39","slug":"smrkove-jehly-100g","status":"publish","type":"product","link":"https:\/\/antcube.shop\/cs\/produkt\/smrkove-jehly-100g\/","title":{"rendered":"Smrkov\u00e9 jehli\u010d\u00ed 100g"},"content":{"rendered":"<p><strong>D\u00e9lka:<\/strong> 2 cm<\/p>\n<p><strong>Popis:<\/strong> jehly byly vy\u010di\u0161t\u011bny a neobsahuj\u00ed \u0161kodliv\u00e9 l\u00e1tky, tak\u017ee je lze ihned pou\u017e\u00edt k dekoraci.<\/p>\n<p><strong>Pozn\u00e1mka:<\/strong> v z\u00e1vislosti na stupni vyschnut\u00ed jehlic m\u016f\u017ee m\u00edt zbarven\u00ed zelen\u00e9, b\u00e9\u017eov\u00e9 nebo hn\u011bd\u00e9 a\u017e tmav\u011b hn\u011bd\u00e9. Jehlice budou v pr\u016fb\u011bhu \u010dasu d\u00e1le vysychat a ztr\u00e1cet barvu a nejpozd\u011bji dos\u00e1hnou hn\u011bd\u00e9ho odst\u00ednu.<\/p>","protected":false},"excerpt":{"rendered":"<p>d\u00e9lka: 2 cm<\/p>","protected":false},"featured_media":4947,"comment_status":"open","ping_status":"closed","template":"","meta":{"_acf_changed":false,"content-type":"","_monsterinsights_skip_tracking":false,"_monsterinsights_sitenote_active":false,"_monsterinsights_sitenote_note":"","_monsterinsights_sitenote_category":0},"product_brand":[],"product_cat":[95,98,101],"product_tag":[],"class_list":{"0":"post-4714","1":"product","2":"type-product","3":"status-publish","4":"has-post-thumbnail","6":"product_cat-accessories-for-ants","7":"product_cat-decoration","8":"product_cat-forest","10":"first","11":"instock","12":"taxable","13":"shipping-taxable","14":"purchasable","15":"product-type-simple"},"acf":[],"aioseo_notices":[],"jetpack_sharing_enabled":true,"_links":{"self":[{"href":"https:\/\/antcube.shop\/cs\/wp-json\/wp\/v2\/product\/4714","targetHints":{"allow":["GET"]}}],"collection":[{"href":"https:\/\/antcube.shop\/cs\/wp-json\/wp\/v2\/product"}],"about":[{"href":"https:\/\/antcube.shop\/cs\/wp-json\/wp\/v2\/types\/product"}],"replies":[{"embeddable":true,"href":"https:\/\/antcube.shop\/cs\/wp-json\/wp\/v2\/comments?post=4714"}],"wp:featuredmedia":[{"embeddable":true,"href":"https:\/\/antcube.shop\/cs\/wp-json\/wp\/v2\/media\/4947"}],"wp:attachment":[{"href":"https:\/\/antcube.shop\/cs\/wp-json\/wp\/v2\/media?parent=4714"}],"wp:term":[{"taxonomy":"product_brand","embeddable":true,"href":"https:\/\/antcube.shop\/cs\/wp-json\/wp\/v2\/product_brand?post=4714"},{"taxonomy":"product_cat","embeddable":true,"href":"https:\/\/antcube.shop\/cs\/wp-json\/wp\/v2\/product_cat?post=4714"},{"taxonomy":"product_tag","embeddable":true,"href":"https:\/\/antcube.shop\/cs\/wp-json\/wp\/v2\/product_tag?post=4714"}],"curies":[{"name":"wp","href":"https:\/\/api.w.org\/{rel}","templated":true}]}}