{"id":4713,"date":"2022-11-14T14:59:11","date_gmt":"2022-11-14T13:59:11","guid":{"rendered":"https:\/\/antcube.shop\/produkt\/nestkugel-natur-10-cm-grob\/"},"modified":"2026-03-12T09:34:17","modified_gmt":"2026-03-12T08:34:17","slug":"nestkugel-natur-10-cm-grob","status":"publish","type":"product","link":"https:\/\/antcube.shop\/cs\/produkt\/nestkugel-natur-10-cm-grob\/","title":{"rendered":"Kuli\u010dka do hn\u00edzda p\u0159\u00edrodn\u00ed 10 cm - hrub\u00e1"},"content":{"rendered":"<p><strong>Rozm\u011bry:<\/strong> Pr\u016fm\u011br 10 cm<\/p>\n<p><strong>Barva:<\/strong> hn\u011bd\u00e1 \/ b\u00e9\u017eov\u00e1<\/p>\n<p><strong>Materi\u00e1l:<\/strong> vinn\u00e1 r\u00e9va<\/p>\n<p><strong>Popis:<\/strong> Dutina nab\u00edz\u00ed tkalc\u016fm ide\u00e1ln\u00ed \u00fakryt a hn\u00edzdn\u00ed mo\u017enosti.<\/p>\n<p><strong>Pozn\u00e1mka:<\/strong> Vzhledem k tomu, \u017ee se jedn\u00e1 o p\u0159\u00edrodn\u00ed produkt, m\u016f\u017ee se obr\u00e1zek li\u0161it od dodan\u00e9ho zbo\u017e\u00ed.<\/p>\n<p>&nbsp;<\/p>\n<p>&nbsp;<\/p>","protected":false},"excerpt":{"rendered":"<p>Velikost: 10 x 10 x 10 cm<\/p>","protected":false},"featured_media":4952,"comment_status":"open","ping_status":"closed","template":"","meta":{"_acf_changed":false,"content-type":"","_monsterinsights_skip_tracking":false,"_monsterinsights_sitenote_active":false,"_monsterinsights_sitenote_note":"","_monsterinsights_sitenote_category":0},"product_brand":[],"product_cat":[95,98,99],"product_tag":[],"class_list":{"0":"post-4713","1":"product","2":"type-product","3":"status-publish","4":"has-post-thumbnail","6":"product_cat-accessories-for-ants","7":"product_cat-decoration","8":"product_cat-desert","10":"first","11":"instock","12":"taxable","13":"shipping-taxable","14":"purchasable","15":"product-type-simple"},"acf":[],"aioseo_notices":[],"jetpack_sharing_enabled":true,"_links":{"self":[{"href":"https:\/\/antcube.shop\/cs\/wp-json\/wp\/v2\/product\/4713","targetHints":{"allow":["GET"]}}],"collection":[{"href":"https:\/\/antcube.shop\/cs\/wp-json\/wp\/v2\/product"}],"about":[{"href":"https:\/\/antcube.shop\/cs\/wp-json\/wp\/v2\/types\/product"}],"replies":[{"embeddable":true,"href":"https:\/\/antcube.shop\/cs\/wp-json\/wp\/v2\/comments?post=4713"}],"wp:featuredmedia":[{"embeddable":true,"href":"https:\/\/antcube.shop\/cs\/wp-json\/wp\/v2\/media\/4952"}],"wp:attachment":[{"href":"https:\/\/antcube.shop\/cs\/wp-json\/wp\/v2\/media?parent=4713"}],"wp:term":[{"taxonomy":"product_brand","embeddable":true,"href":"https:\/\/antcube.shop\/cs\/wp-json\/wp\/v2\/product_brand?post=4713"},{"taxonomy":"product_cat","embeddable":true,"href":"https:\/\/antcube.shop\/cs\/wp-json\/wp\/v2\/product_cat?post=4713"},{"taxonomy":"product_tag","embeddable":true,"href":"https:\/\/antcube.shop\/cs\/wp-json\/wp\/v2\/product_tag?post=4713"}],"curies":[{"name":"wp","href":"https:\/\/api.w.org\/{rel}","templated":true}]}}