{"id":4712,"date":"2022-11-14T14:58:33","date_gmt":"2022-11-14T13:58:33","guid":{"rendered":"https:\/\/antcube.shop\/produkt\/humus-ziegel-brick-650g-ergibt-8-9l\/"},"modified":"2026-04-07T02:16:16","modified_gmt":"2026-04-07T00:16:16","slug":"humus-ziegel-brick-650g-ergibt-8-9l","status":"publish","type":"product","link":"https:\/\/antcube.shop\/cs\/produkt\/humus-ziegel-brick-650g-ergibt-8-9l\/","title":{"rendered":"Humusov\u00e1 cihla 650 g - v\u00fdsledn\u00fd objem 8-9 l"},"content":{"rendered":"<p><strong>Obsah \/ objem:<\/strong> Z 650 g je 8-10 litr\u016f.<\/p>\n<p><strong>Popis:<\/strong> Formicarium Humus se skl\u00e1d\u00e1 z p\u0159\u00edrodn\u00edho humusu z kokosov\u00fdch vl\u00e1ken, kter\u00fd byl slisov\u00e1n do cihly. Po spojen\u00ed s vodou humusov\u00e1 cihla nabobtn\u00e1 p\u0159ibli\u017en\u011b na 8-10n\u00e1sobek sv\u00e9ho objemu. Tento humus z formik\u00e1ria, kter\u00fd lze zahrabat, je vynikaj\u00edc\u00ed pro mravence z tropick\u00fdch oblast\u00ed a lze jej pou\u017e\u00edt jak za sucha, tak za vlhka. Formikariov\u00fd humus je \u010dist\u011b p\u0159\u00edrodn\u00ed produkt, zaru\u010den\u011b neobsahuje \u017e\u00e1dn\u00e9 chemik\u00e1lie, pesticidy a hnojiva a je 100% kompostovateln\u00fd.<\/p>\n<p>- 100% z obnoviteln\u00fdch surovin rostlinn\u00e9ho p\u016fvodu<br \/>\n- vysok\u00e1 absorp\u010dn\u00ed schopnost<br \/>\n- vysok\u00e1 kapacita z\u00e1sobn\u00edku vody<\/p>\n<p><strong>Pokyny:<\/strong> namo\u010dte cihlu do 4-5 litr\u016f tepl\u00e9 vody v n\u00e1dob\u011b na 20-30 minut. Pokud cihla je\u0161t\u011b nen\u00ed zcela rozpu\u0161t\u011bn\u00e1, rozbijte zbytek ru\u010dn\u011b. V p\u0159\u00edpad\u011b pot\u0159eby vyma\u010dkejte z humusu p\u0159ebyte\u010dnou vodu.<\/p>","protected":false},"excerpt":{"rendered":"<p>Obsah\/objem: 650 g tvo\u0159\u00ed 8-10 litr\u016f. Popis: Humus Formicarium se skl\u00e1d\u00e1 z p\u0159\u00edrodn\u00edho humusu z kokosov\u00fdch vl\u00e1ken, kter\u00fd byl slisov\u00e1n do cihly. Po spojen\u00ed s vodou humusov\u00e1 cihla nabobtn\u00e1 na p\u0159ibli\u017en\u011b 8-10n\u00e1sobek sv\u00e9ho objemu. Tento humus z formik\u00e1ria, kter\u00fd se d\u00e1 zahrabat, je vynikaj\u00edc\u00ed pro mravence z tropick\u00fdch oblast\u00ed a lze jej pou\u017e\u00edt jak v such\u00e9m stavu, tak i v zim\u011b.","protected":false},"featured_media":4811,"comment_status":"open","ping_status":"closed","template":"","meta":{"_acf_changed":false,"content-type":"","_monsterinsights_skip_tracking":false,"_monsterinsights_sitenote_active":false,"_monsterinsights_sitenote_note":"","_monsterinsights_sitenote_category":0},"product_brand":[],"product_cat":[96],"product_tag":[],"class_list":{"0":"post-4712","1":"product","2":"type-product","3":"status-publish","4":"has-post-thumbnail","6":"product_cat-soil","8":"first","9":"instock","10":"taxable","11":"shipping-taxable","12":"purchasable","13":"product-type-simple"},"acf":[],"aioseo_notices":[],"jetpack_sharing_enabled":true,"_links":{"self":[{"href":"https:\/\/antcube.shop\/cs\/wp-json\/wp\/v2\/product\/4712","targetHints":{"allow":["GET"]}}],"collection":[{"href":"https:\/\/antcube.shop\/cs\/wp-json\/wp\/v2\/product"}],"about":[{"href":"https:\/\/antcube.shop\/cs\/wp-json\/wp\/v2\/types\/product"}],"replies":[{"embeddable":true,"href":"https:\/\/antcube.shop\/cs\/wp-json\/wp\/v2\/comments?post=4712"}],"wp:featuredmedia":[{"embeddable":true,"href":"https:\/\/antcube.shop\/cs\/wp-json\/wp\/v2\/media\/4811"}],"wp:attachment":[{"href":"https:\/\/antcube.shop\/cs\/wp-json\/wp\/v2\/media?parent=4712"}],"wp:term":[{"taxonomy":"product_brand","embeddable":true,"href":"https:\/\/antcube.shop\/cs\/wp-json\/wp\/v2\/product_brand?post=4712"},{"taxonomy":"product_cat","embeddable":true,"href":"https:\/\/antcube.shop\/cs\/wp-json\/wp\/v2\/product_cat?post=4712"},{"taxonomy":"product_tag","embeddable":true,"href":"https:\/\/antcube.shop\/cs\/wp-json\/wp\/v2\/product_tag?post=4712"}],"curies":[{"name":"wp","href":"https:\/\/api.w.org\/{rel}","templated":true}]}}