{"id":4711,"date":"2022-11-14T14:58:17","date_gmt":"2022-11-14T13:58:17","guid":{"rendered":"https:\/\/antcube.shop\/produkt\/bodengrund-sand-lehm-rot-1000g\/"},"modified":"2026-04-02T14:11:03","modified_gmt":"2026-04-02T12:11:03","slug":"substrat-pisek-sedy-1000g","status":"publish","type":"product","link":"https:\/\/antcube.shop\/cs\/produkt\/substrat-pisek-sedy-1000g\/","title":{"rendered":"Substr\u00e1t - P\u00edskov\u00e1 p\u011bna \u010derven\u00e1 - 1000g"},"content":{"rendered":"<p><strong>Obsah:<\/strong> 1000g<\/p>\n<p><strong>Materi\u00e1l:<\/strong> p\u00edsek, j\u00edl<\/p>\n<p><strong>Barva:<\/strong> \u010derven\u00e1<\/p>\n<p><strong>M\u00edchac\u00ed pom\u011br:<\/strong> diggable<\/p>\n<p><strong>Popis:<\/strong> Tato hotov\u00e1 sm\u011bs p\u00edsku a hl\u00edny je \u010dist\u011b p\u0159\u00edrodn\u00ed produkt. Zbarven\u00ed a pevnost jsou zp\u016fsobeny p\u0159\u00edrodn\u00ed j\u00edlovitou zeminou, kter\u00e1 je pro zv\u00ed\u0159ata ne\u0161kodn\u00e1.<\/p>\n<p><strong>Pou\u017eit\u00ed:<\/strong> kopateln\u00e1 p\u016fda, lze pou\u017e\u00edt pro hn\u00edzda a ar\u00e9ny!<\/p>\n<p><strong>Pozn\u00e1mka:<\/strong> proto\u017ee se jedn\u00e1 o \u010dist\u011b p\u0159\u00edrodn\u00ed produkt, mohou se vyskytnout drobn\u00e9 rozd\u00edly v barv\u011b a struktu\u0159e, kter\u00e9 nem\u016f\u017eeme ovlivnit.<\/p>\n<p><strong>D\u016fle\u017eit\u00e9:<\/strong> P\u0159ed pou\u017eit\u00edm substr\u00e1t navlh\u010dete, aby se sm\u011bs mohla spojit a v mraveni\u0161ti se pevn\u011b uchytila. P\u0159\u00edli\u0161 such\u00fd a pra\u0161n\u00fd substr\u00e1t m\u016f\u017ee nav\u00edc zp\u016fsobit ucp\u00e1n\u00ed d\u00fdchac\u00edch cest mravenc\u016f a v nejhor\u0161\u00edm p\u0159\u00edpad\u011b udu\u0161en\u00ed zv\u00ed\u0159at.<\/p>","protected":false},"excerpt":{"rendered":"<p>P\u0159\u00edrodn\u00ed substr\u00e1t - kopateln\u00fd<\/p>","protected":false},"featured_media":5722,"comment_status":"open","ping_status":"closed","template":"","meta":{"_acf_changed":false,"content-type":"","_monsterinsights_skip_tracking":false,"_monsterinsights_sitenote_active":false,"_monsterinsights_sitenote_note":"","_monsterinsights_sitenote_category":0},"product_brand":[],"product_cat":[95,96],"product_tag":[],"class_list":{"0":"post-4711","1":"product","2":"type-product","3":"status-publish","4":"has-post-thumbnail","6":"product_cat-accessories-for-ants","7":"product_cat-soil","9":"first","10":"instock","11":"taxable","12":"shipping-taxable","13":"purchasable","14":"product-type-simple"},"acf":[],"aioseo_notices":[],"jetpack_sharing_enabled":true,"_links":{"self":[{"href":"https:\/\/antcube.shop\/cs\/wp-json\/wp\/v2\/product\/4711","targetHints":{"allow":["GET"]}}],"collection":[{"href":"https:\/\/antcube.shop\/cs\/wp-json\/wp\/v2\/product"}],"about":[{"href":"https:\/\/antcube.shop\/cs\/wp-json\/wp\/v2\/types\/product"}],"replies":[{"embeddable":true,"href":"https:\/\/antcube.shop\/cs\/wp-json\/wp\/v2\/comments?post=4711"}],"wp:featuredmedia":[{"embeddable":true,"href":"https:\/\/antcube.shop\/cs\/wp-json\/wp\/v2\/media\/5722"}],"wp:attachment":[{"href":"https:\/\/antcube.shop\/cs\/wp-json\/wp\/v2\/media?parent=4711"}],"wp:term":[{"taxonomy":"product_brand","embeddable":true,"href":"https:\/\/antcube.shop\/cs\/wp-json\/wp\/v2\/product_brand?post=4711"},{"taxonomy":"product_cat","embeddable":true,"href":"https:\/\/antcube.shop\/cs\/wp-json\/wp\/v2\/product_cat?post=4711"},{"taxonomy":"product_tag","embeddable":true,"href":"https:\/\/antcube.shop\/cs\/wp-json\/wp\/v2\/product_tag?post=4711"}],"curies":[{"name":"wp","href":"https:\/\/api.w.org\/{rel}","templated":true}]}}