{"id":4706,"date":"2022-11-14T14:56:58","date_gmt":"2022-11-14T13:56:58","guid":{"rendered":"https:\/\/antcube.shop\/produkt\/dekosteine-1000g-weis\/"},"modified":"2026-04-02T12:26:01","modified_gmt":"2026-04-02T10:26:01","slug":"dekorativni-kameny-1000g-bila","status":"publish","type":"product","link":"https:\/\/antcube.shop\/cs\/produkt\/dekorativni-kameny-1000g-bila\/","title":{"rendered":"Dekora\u010dn\u00ed kameny 1000g - b\u00edl\u00e9"},"content":{"rendered":"<p><strong>Obsah\/objem:<\/strong> 1000g<\/p>\n<p><strong>Velikost zrn:<\/strong> 8 - 16 mm<\/p>\n<p><strong>Popis:<\/strong> Tento carrarsk\u00fd mramor je velmi dekorativn\u00ed podklad.<\/p>\n<p><strong>Pozn\u00e1mka:<\/strong> Vzhledem k tomu, \u017ee materi\u00e1l je v d\u016fsledku ot\u011bru p\u0159i p\u0159eprav\u011b pon\u011bkud zapr\u00e1\u0161en\u00fd, m\u011bl by se p\u0159ed pou\u017eit\u00edm ve formik\u00e1riu znovu om\u00fdt vodou.<\/p>","protected":false},"excerpt":{"rendered":"<p>Granulace: 8 - 16 mm<\/p>","protected":false},"featured_media":5522,"comment_status":"open","ping_status":"closed","template":"","meta":{"_acf_changed":false,"content-type":"","_monsterinsights_skip_tracking":false,"_monsterinsights_sitenote_active":false,"_monsterinsights_sitenote_note":"","_monsterinsights_sitenote_category":0},"product_brand":[],"product_cat":[98],"product_tag":[],"class_list":{"0":"post-4706","1":"product","2":"type-product","3":"status-publish","4":"has-post-thumbnail","6":"product_cat-decoration","8":"first","9":"instock","10":"taxable","11":"shipping-taxable","12":"purchasable","13":"product-type-simple"},"acf":[],"aioseo_notices":[],"jetpack_sharing_enabled":true,"_links":{"self":[{"href":"https:\/\/antcube.shop\/cs\/wp-json\/wp\/v2\/product\/4706","targetHints":{"allow":["GET"]}}],"collection":[{"href":"https:\/\/antcube.shop\/cs\/wp-json\/wp\/v2\/product"}],"about":[{"href":"https:\/\/antcube.shop\/cs\/wp-json\/wp\/v2\/types\/product"}],"replies":[{"embeddable":true,"href":"https:\/\/antcube.shop\/cs\/wp-json\/wp\/v2\/comments?post=4706"}],"wp:featuredmedia":[{"embeddable":true,"href":"https:\/\/antcube.shop\/cs\/wp-json\/wp\/v2\/media\/5522"}],"wp:attachment":[{"href":"https:\/\/antcube.shop\/cs\/wp-json\/wp\/v2\/media?parent=4706"}],"wp:term":[{"taxonomy":"product_brand","embeddable":true,"href":"https:\/\/antcube.shop\/cs\/wp-json\/wp\/v2\/product_brand?post=4706"},{"taxonomy":"product_cat","embeddable":true,"href":"https:\/\/antcube.shop\/cs\/wp-json\/wp\/v2\/product_cat?post=4706"},{"taxonomy":"product_tag","embeddable":true,"href":"https:\/\/antcube.shop\/cs\/wp-json\/wp\/v2\/product_tag?post=4706"}],"curies":[{"name":"wp","href":"https:\/\/api.w.org\/{rel}","templated":true}]}}