{"id":4703,"date":"2022-11-14T14:55:51","date_gmt":"2022-11-14T13:55:51","guid":{"rendered":"https:\/\/antcube.shop\/produkt\/antcube-ameisenarenaeinsatz-m-20x20\/"},"modified":"2026-04-06T14:53:09","modified_gmt":"2026-04-06T12:53:09","slug":"antcube-ant-arena-insert-m-20x20","status":"publish","type":"product","link":"https:\/\/antcube.shop\/cs\/produkt\/antcube-ant-arena-insert-m-20x20\/","title":{"rendered":"Vlo\u017eka do mraveni\u0161t\u011b ANTCUBE - M - 20\u00d720"},"content":{"rendered":"<p><strong>Rozm\u011bry:<\/strong><br \/>\nvn\u011bj\u0161\u00ed rozm\u011bry: 190 x 18 x 176 mm<br \/>\nvnit\u0159n\u00ed rozm\u011br: 184 x 10 x 169 mm<\/p>\n<p><strong>Materi\u00e1l:<\/strong> floatov\u00e9 sklo<\/p>\n<p><strong>Barva:<\/strong> transparentn\u00ed<\/p>\n<p><strong>Obsah:<\/strong><br \/>\n1x vlo\u017eka do mraveni\u0161t\u011b<br \/>\n1x kryt<br \/>\n1x fixa\u010dn\u00ed body 2 ks<\/p>\n<p><strong>Popis:<\/strong><br \/>\nTuto hn\u00edzdn\u00ed vlo\u017eku lze um\u00edstit do mraveni\u0161t\u011b ANTCUBE a naplnit ji materi\u00e1lem vhodn\u00fdm k hrab\u00e1n\u00ed (nap\u0159. sm\u011bs\u00ed p\u00edsku a hl\u00edny nebo Digfixem). Zvl\u00e1\u0161tnost\u00ed je, \u017ee ji lze z ar\u00e9ny pohodln\u011b vyjmout, nap\u0159. pro p\u0159ezimov\u00e1n\u00ed s mravenci. Jako vchod a v\u00fdchod a pro v\u011btr\u00e1n\u00ed slou\u017e\u00ed dva 10mm otvory ve spodn\u00ed \u010d\u00e1sti. Pro p\u0159ezimov\u00e1n\u00ed je lze uzav\u0159\u00edt 10mm z\u00e1tkami. <strong>(nejsou sou\u010d\u00e1st\u00ed dod\u00e1vky)<\/strong>.<\/p>\n<p><strong>Pozn\u00e1mka:<\/strong> Sklo je brou\u0161eno podle normy DIN 1249 s toleranc\u00ed +\/- 1 mm. U extr\u00e9mn\u011b mal\u00fdch druh\u016f mravenc\u016f je nezbytn\u00e1 dodate\u010dn\u00e1 ochrana proti vylomen\u00ed.<\/p>\n<p>&nbsp;<\/p>","protected":false},"excerpt":{"rendered":"<p>Velikost: <span style=\"color: #008000;\"><strong>M<\/strong><\/span><\/p>","protected":false},"featured_media":4996,"comment_status":"open","ping_status":"closed","template":"","meta":{"_acf_changed":false,"content-type":"","_monsterinsights_skip_tracking":false,"_monsterinsights_sitenote_active":false,"_monsterinsights_sitenote_note":"","_monsterinsights_sitenote_category":0},"product_brand":[],"product_cat":[91,94],"product_tag":[],"class_list":{"0":"post-4703","1":"product","2":"type-product","3":"status-publish","4":"has-post-thumbnail","6":"product_cat-formicarium-modules","7":"product_cat-arena-inset","9":"first","10":"instock","11":"taxable","12":"shipping-taxable","13":"purchasable","14":"product-type-simple"},"acf":[],"aioseo_notices":[],"jetpack_sharing_enabled":true,"_links":{"self":[{"href":"https:\/\/antcube.shop\/cs\/wp-json\/wp\/v2\/product\/4703","targetHints":{"allow":["GET"]}}],"collection":[{"href":"https:\/\/antcube.shop\/cs\/wp-json\/wp\/v2\/product"}],"about":[{"href":"https:\/\/antcube.shop\/cs\/wp-json\/wp\/v2\/types\/product"}],"replies":[{"embeddable":true,"href":"https:\/\/antcube.shop\/cs\/wp-json\/wp\/v2\/comments?post=4703"}],"wp:featuredmedia":[{"embeddable":true,"href":"https:\/\/antcube.shop\/cs\/wp-json\/wp\/v2\/media\/4996"}],"wp:attachment":[{"href":"https:\/\/antcube.shop\/cs\/wp-json\/wp\/v2\/media?parent=4703"}],"wp:term":[{"taxonomy":"product_brand","embeddable":true,"href":"https:\/\/antcube.shop\/cs\/wp-json\/wp\/v2\/product_brand?post=4703"},{"taxonomy":"product_cat","embeddable":true,"href":"https:\/\/antcube.shop\/cs\/wp-json\/wp\/v2\/product_cat?post=4703"},{"taxonomy":"product_tag","embeddable":true,"href":"https:\/\/antcube.shop\/cs\/wp-json\/wp\/v2\/product_tag?post=4703"}],"curies":[{"name":"wp","href":"https:\/\/api.w.org\/{rel}","templated":true}]}}