{"id":4694,"date":"2022-11-14T14:53:29","date_gmt":"2022-11-14T13:53:29","guid":{"rendered":"https:\/\/antcube.shop\/produkt\/antcube-einbauarena-30x30x20\/"},"modified":"2026-04-02T09:54:48","modified_gmt":"2026-04-02T07:54:48","slug":"antcube-einbauarena-30x30x20","status":"publish","type":"product","link":"https:\/\/antcube.shop\/cs\/produkt\/antcube-einbauarena-30x30x20\/","title":{"rendered":"Vybaven\u00e1 ar\u00e9na ANTCUBE 30x30x20"},"content":{"rendered":"<p>Vybaven\u00e1 ar\u00e9na ANTCUBE 30x30x20 cm s otvorem 2x 27 mm.<\/p>\n<p><strong>Rozm\u011bry:<\/strong> 300 x 300 x 200 mm; tlou\u0161\u0165ka skla 4 mm.<br \/>\n<strong>Materi\u00e1l:<\/strong> floatov\u00e9 sklo<\/p>\n<p><strong>P\u0159ipojen\u00ed:<\/strong> 2x otvor 27 mm<\/p>\n<p><strong>Popis:<\/strong> ANTCUBE fitted arena, byla vyvinuta tak, aby ji bylo mo\u017en\u00e9 pohodln\u011b um\u00edstit i do men\u0161\u00edch policov\u00fdch prostor. Nap\u0159\u00edklad se perfektn\u011b hod\u00ed do police Kallax. Otvory (st\u0159edov\u00fd bod) jsou um\u00edst\u011bny na p\u0159edn\u00ed stran\u011b (vlevo a vpravo) ve v\u00fd\u0161ce 3 cm a ve vzd\u00e1lenosti 3 cm od vn\u011bj\u0161\u00edho okraje. D\u00edky um\u00edst\u011bn\u00ed 27mm otvor\u016f na p\u0159edn\u00ed stran\u011b (m\u00edsto na bo\u010dn\u00edch oknech, jak je obvykl\u00e9) m\u016f\u017eete snadno p\u0159idat dal\u0161\u00ed ar\u00e9ny a mraveni\u0161t\u011b, ani\u017e byste p\u0159i\u0161li o m\u00edsto po stran\u00e1ch nebo zablokovali p\u0159\u00edstup k port\u016fm. Kryt ar\u00e9ny, ochrann\u00fd r\u00e1m proti vylomen\u00ed, spojovac\u00ed prvky, jako jsou trubky nebo hadicov\u00e9 spojky, jsou k dispozici samostatn\u011b.<\/p>\n<p><strong>Pozn\u00e1mka:<\/strong> Sklo je brou\u0161eno podle normy DIN 1249 s toleranc\u00ed +\/- 1 mm. U extr\u00e9mn\u011b mal\u00fdch druh\u016f mravenc\u016f je nezbytn\u00e1 dodate\u010dn\u00e1 ochrana proti vylomen\u00ed.<\/p>","protected":false},"excerpt":{"rendered":"<p>P\u0159ipojen\u00ed: 2x otvor 27 mm<\/p>","protected":false},"featured_media":5042,"comment_status":"open","ping_status":"closed","template":"","meta":{"_acf_changed":false,"content-type":"","_monsterinsights_skip_tracking":false,"_monsterinsights_sitenote_active":false,"_monsterinsights_sitenote_note":"","_monsterinsights_sitenote_category":0},"product_brand":[],"product_cat":[85,86],"product_tag":[],"class_list":{"0":"post-4694","1":"product","2":"type-product","3":"status-publish","4":"has-post-thumbnail","6":"product_cat-ant-arenas","7":"product_cat-formicariums","9":"first","10":"instock","11":"taxable","12":"shipping-taxable","13":"purchasable","14":"product-type-simple"},"acf":[],"aioseo_notices":[],"jetpack_sharing_enabled":true,"_links":{"self":[{"href":"https:\/\/antcube.shop\/cs\/wp-json\/wp\/v2\/product\/4694","targetHints":{"allow":["GET"]}}],"collection":[{"href":"https:\/\/antcube.shop\/cs\/wp-json\/wp\/v2\/product"}],"about":[{"href":"https:\/\/antcube.shop\/cs\/wp-json\/wp\/v2\/types\/product"}],"replies":[{"embeddable":true,"href":"https:\/\/antcube.shop\/cs\/wp-json\/wp\/v2\/comments?post=4694"}],"wp:featuredmedia":[{"embeddable":true,"href":"https:\/\/antcube.shop\/cs\/wp-json\/wp\/v2\/media\/5042"}],"wp:attachment":[{"href":"https:\/\/antcube.shop\/cs\/wp-json\/wp\/v2\/media?parent=4694"}],"wp:term":[{"taxonomy":"product_brand","embeddable":true,"href":"https:\/\/antcube.shop\/cs\/wp-json\/wp\/v2\/product_brand?post=4694"},{"taxonomy":"product_cat","embeddable":true,"href":"https:\/\/antcube.shop\/cs\/wp-json\/wp\/v2\/product_cat?post=4694"},{"taxonomy":"product_tag","embeddable":true,"href":"https:\/\/antcube.shop\/cs\/wp-json\/wp\/v2\/product_tag?post=4694"}],"curies":[{"name":"wp","href":"https:\/\/api.w.org\/{rel}","templated":true}]}}