{"id":4693,"date":"2022-11-14T14:53:12","date_gmt":"2022-11-14T13:53:12","guid":{"rendered":"https:\/\/antcube.shop\/produkt\/antcube-arena-30x30x10-flach\/"},"modified":"2026-04-09T14:37:47","modified_gmt":"2026-04-09T12:37:47","slug":"antcube-arena-30x30x10-flat","status":"publish","type":"product","link":"https:\/\/antcube.shop\/cs\/produkt\/antcube-arena-30x30x10-flat\/","title":{"rendered":"ANTCUBE - Arena 30x30x10 - ploch\u00e1"},"content":{"rendered":"<p><strong>Rozm\u011bry:<\/strong> 300 x 300 x 100 mm; tlou\u0161\u0165ka skla 4 mm<\/p>\n<p><strong>Materi\u00e1l:<\/strong> floatov\u00e9 sklo<\/p>\n<p><strong>P\u0159ipojen\u00ed:<\/strong> 2x otvor 50 mm<\/p>\n<p><strong>Popis:<\/strong><br \/>\nSklen\u011bn\u00e9 umyvadlo 30x30x10 cm s vrt\u00e1n\u00edm 2x 50 mm.<br \/>\nVrt (st\u0159edov\u00fd bod) je um\u00edst\u011bn ve v\u00fd\u0161ce 3 cm.<\/p>\n<p><strong>Pozn\u00e1mka:<\/strong> Sklo je brou\u0161eno podle normy DIN 1249 s toleranc\u00ed +\/- 1 mm. U extr\u00e9mn\u011b mal\u00fdch druh\u016f mravenc\u016f je nezbytn\u00e1 dodate\u010dn\u00e1 ochrana proti vylomen\u00ed.<\/p>\n<p>&nbsp;<\/p>","protected":false},"excerpt":{"rendered":"<p>P\u0159ipojen\u00ed: 2x otvor 50 mm<br \/>\nVelikost: <strong>S, M, L, XL<\/strong><\/p>","protected":false},"featured_media":5059,"comment_status":"open","ping_status":"closed","template":"","meta":{"_acf_changed":false,"content-type":"","_monsterinsights_skip_tracking":false,"_monsterinsights_sitenote_active":false,"_monsterinsights_sitenote_note":"","_monsterinsights_sitenote_category":0},"product_brand":[],"product_cat":[85,86],"product_tag":[236],"class_list":{"0":"post-4693","1":"product","2":"type-product","3":"status-publish","4":"has-post-thumbnail","6":"product_cat-ant-arenas","7":"product_cat-formicariums","8":"product_tag-formicarium","10":"first","11":"instock","12":"taxable","13":"shipping-taxable","14":"purchasable","15":"product-type-simple"},"acf":[],"aioseo_notices":[],"jetpack_sharing_enabled":true,"_links":{"self":[{"href":"https:\/\/antcube.shop\/cs\/wp-json\/wp\/v2\/product\/4693","targetHints":{"allow":["GET"]}}],"collection":[{"href":"https:\/\/antcube.shop\/cs\/wp-json\/wp\/v2\/product"}],"about":[{"href":"https:\/\/antcube.shop\/cs\/wp-json\/wp\/v2\/types\/product"}],"replies":[{"embeddable":true,"href":"https:\/\/antcube.shop\/cs\/wp-json\/wp\/v2\/comments?post=4693"}],"wp:featuredmedia":[{"embeddable":true,"href":"https:\/\/antcube.shop\/cs\/wp-json\/wp\/v2\/media\/5059"}],"wp:attachment":[{"href":"https:\/\/antcube.shop\/cs\/wp-json\/wp\/v2\/media?parent=4693"}],"wp:term":[{"taxonomy":"product_brand","embeddable":true,"href":"https:\/\/antcube.shop\/cs\/wp-json\/wp\/v2\/product_brand?post=4693"},{"taxonomy":"product_cat","embeddable":true,"href":"https:\/\/antcube.shop\/cs\/wp-json\/wp\/v2\/product_cat?post=4693"},{"taxonomy":"product_tag","embeddable":true,"href":"https:\/\/antcube.shop\/cs\/wp-json\/wp\/v2\/product_tag?post=4693"}],"curies":[{"name":"wp","href":"https:\/\/api.w.org\/{rel}","templated":true}]}}