{"id":4690,"date":"2022-11-14T14:52:26","date_gmt":"2022-11-14T13:52:26","guid":{"rendered":"https:\/\/antcube.shop\/produkt\/antcube-arena-20x20x40-hoch\/"},"modified":"2026-03-19T13:38:55","modified_gmt":"2026-03-19T12:38:55","slug":"antcube-arena-20x20x40-hoch","status":"publish","type":"product","link":"https:\/\/antcube.shop\/cs\/produkt\/antcube-arena-20x20x40-hoch\/","title":{"rendered":"ANTCUBE - Arena 20x20x40 - vysok\u00e1"},"content":{"rendered":"<p><strong>Rozm\u011bry:<\/strong> 200 x 200 x 400 mm; tlou\u0161\u0165ka skla 4 mm<\/p>\n<p><strong>Materi\u00e1l:<\/strong> floatov\u00e9 sklo<\/p>\n<p><strong>P\u0159ipojen\u00ed:<\/strong> 2x otvor 27 mm<\/p>\n<p><strong>Popis:<\/strong><br \/>\nSklen\u011bn\u00e9 vysok\u00e9 umyvadlo 20x20x40 cm + 2x otvor 27 mm.<br \/>\nVrt (st\u0159edov\u00fd bod) je um\u00edst\u011bn ve v\u00fd\u0161ce 3 cm.<\/p>\n<p><strong>Pozn\u00e1mka:<\/strong> Sklo je brou\u0161eno podle normy DIN 1249 s toleranc\u00ed +\/- 1 mm. U extr\u00e9mn\u011b mal\u00fdch druh\u016f mravenc\u016f je nezbytn\u00e1 dodate\u010dn\u00e1 ochrana proti vylomen\u00ed.<\/p>","protected":false},"excerpt":{"rendered":"<p><strong>P\u0159ipojen\u00ed:<\/strong> 2x otvor 27 mm<br \/>\n<strong>Velikost:<\/strong> S, M, L, XL<\/p>","protected":false},"featured_media":4992,"comment_status":"open","ping_status":"closed","template":"","meta":{"_acf_changed":false,"content-type":"","_monsterinsights_skip_tracking":false,"_monsterinsights_sitenote_active":false,"_monsterinsights_sitenote_note":"","_monsterinsights_sitenote_category":0},"product_brand":[],"product_cat":[85,86],"product_tag":[],"class_list":{"0":"post-4690","1":"product","2":"type-product","3":"status-publish","4":"has-post-thumbnail","6":"product_cat-ant-arenas","7":"product_cat-formicariums","9":"first","10":"instock","11":"taxable","12":"shipping-taxable","13":"purchasable","14":"product-type-simple"},"acf":[],"aioseo_notices":[],"jetpack_sharing_enabled":true,"_links":{"self":[{"href":"https:\/\/antcube.shop\/cs\/wp-json\/wp\/v2\/product\/4690","targetHints":{"allow":["GET"]}}],"collection":[{"href":"https:\/\/antcube.shop\/cs\/wp-json\/wp\/v2\/product"}],"about":[{"href":"https:\/\/antcube.shop\/cs\/wp-json\/wp\/v2\/types\/product"}],"replies":[{"embeddable":true,"href":"https:\/\/antcube.shop\/cs\/wp-json\/wp\/v2\/comments?post=4690"}],"wp:featuredmedia":[{"embeddable":true,"href":"https:\/\/antcube.shop\/cs\/wp-json\/wp\/v2\/media\/4992"}],"wp:attachment":[{"href":"https:\/\/antcube.shop\/cs\/wp-json\/wp\/v2\/media?parent=4690"}],"wp:term":[{"taxonomy":"product_brand","embeddable":true,"href":"https:\/\/antcube.shop\/cs\/wp-json\/wp\/v2\/product_brand?post=4690"},{"taxonomy":"product_cat","embeddable":true,"href":"https:\/\/antcube.shop\/cs\/wp-json\/wp\/v2\/product_cat?post=4690"},{"taxonomy":"product_tag","embeddable":true,"href":"https:\/\/antcube.shop\/cs\/wp-json\/wp\/v2\/product_tag?post=4690"}],"curies":[{"name":"wp","href":"https:\/\/api.w.org\/{rel}","templated":true}]}}