{"id":4687,"date":"2022-11-14T14:51:39","date_gmt":"2022-11-14T13:51:39","guid":{"rendered":"https:\/\/antcube.shop\/produkt\/durchgangsregler-50mm\/"},"modified":"2026-01-12T12:36:29","modified_gmt":"2026-01-12T11:36:29","slug":"regulator-pruchodu-50mm","status":"publish","type":"product","link":"https:\/\/antcube.shop\/cs\/produkt\/regulator-pruchodu-50mm\/","title":{"rendered":"Regul\u00e1tor pr\u016fchodu - 50 mm"},"content":{"rendered":"<p><strong>Rozm\u011bry (Dx\u0160xV):<\/strong> 95x 76 x 20 mm<\/p>\n<p><strong>Materi\u00e1l:<\/strong> Akryl<\/p>\n<p><strong>Barva:<\/strong> Bezbarv\u00fd \/ pr\u016fhledn\u00fd \/ \u010dir\u00fd<\/p>\n<p><strong>Obsah:<\/strong> 1 ks (skl\u00e1d\u00e1 se z 10 jednotliv\u00fdch d\u00edl\u016f)<\/p>\n<p><strong>Popis:<\/strong><br \/>\nRegul\u00e1tor pr\u016fchodu je p\u0159ipojen na potrub\u00ed.<br \/>\nPr\u016fchod lze otev\u0159\u00edt nebo zav\u0159\u00edt ru\u010dn\u011b.<\/p>\n<p><strong>Pou\u017eit\u00ed:<\/strong><br \/>\nK p\u0159ipojen\u00ed akrylov\u00fdch trubek o pr\u016fm\u011bru 50 mm<\/p>\n<p><strong>N\u00e1pov\u011bda:<\/strong><br \/>\nRegul\u00e1tor pr\u016fchodu by m\u011bl b\u00fdt pevn\u011b p\u0159ipojen k odpov\u00eddaj\u00edc\u00ed trubce. Pokud je p\u0159\u00edli\u0161 voln\u00fd, lze trubi\u010dku zv\u011bt\u0161it pr\u016fhlednou p\u00e1skou, aby bylo zaji\u0161t\u011bno t\u011bsn\u00e9 uchycen\u00ed.<\/p>","protected":false},"excerpt":{"rendered":"<p>Rozm\u011bry (Dx\u0160xV): 73 x 58 x 19 mm Materi\u00e1l: Barva: bezbarv\u00e1 \/ pr\u016fhledn\u00e1 \/ \u010dir\u00e1 Obsah: Obsah: 1 ks (skl\u00e1d\u00e1 se z 10 jednotliv\u00fdch d\u00edl\u016f) Popis: 1 ks (skl\u00e1d\u00e1 se z 10 jednotliv\u00fdch d\u00edl\u016f): Regul\u00e1tor pr\u016fchodu se p\u0159ipojuje na trubku. Pr\u016fchod lze otev\u0159\u00edt nebo uzav\u0159\u00edt ru\u010dn\u011b. Pou\u017eit\u00ed: Pom\u016fcka: Regul\u00e1tor pr\u016fchodu by m\u011bl b\u00fdt um\u00edst\u011bn v akrylov\u00e9 trubce o pr\u016fm\u011bru 32 mm.","protected":false},"featured_media":5074,"comment_status":"open","ping_status":"closed","template":"","meta":{"_acf_changed":false,"content-type":"","_monsterinsights_skip_tracking":false,"_monsterinsights_sitenote_active":false,"_monsterinsights_sitenote_note":"","_monsterinsights_sitenote_category":0},"product_brand":[],"product_cat":[345],"product_tag":[],"class_list":{"0":"post-4687","1":"product","2":"type-product","3":"status-publish","4":"has-post-thumbnail","6":"product_cat-pipe-connectors","8":"first","9":"instock","10":"taxable","11":"shipping-taxable","12":"purchasable","13":"product-type-simple"},"acf":[],"aioseo_notices":[],"jetpack_sharing_enabled":true,"_links":{"self":[{"href":"https:\/\/antcube.shop\/cs\/wp-json\/wp\/v2\/product\/4687","targetHints":{"allow":["GET"]}}],"collection":[{"href":"https:\/\/antcube.shop\/cs\/wp-json\/wp\/v2\/product"}],"about":[{"href":"https:\/\/antcube.shop\/cs\/wp-json\/wp\/v2\/types\/product"}],"replies":[{"embeddable":true,"href":"https:\/\/antcube.shop\/cs\/wp-json\/wp\/v2\/comments?post=4687"}],"wp:featuredmedia":[{"embeddable":true,"href":"https:\/\/antcube.shop\/cs\/wp-json\/wp\/v2\/media\/5074"}],"wp:attachment":[{"href":"https:\/\/antcube.shop\/cs\/wp-json\/wp\/v2\/media?parent=4687"}],"wp:term":[{"taxonomy":"product_brand","embeddable":true,"href":"https:\/\/antcube.shop\/cs\/wp-json\/wp\/v2\/product_brand?post=4687"},{"taxonomy":"product_cat","embeddable":true,"href":"https:\/\/antcube.shop\/cs\/wp-json\/wp\/v2\/product_cat?post=4687"},{"taxonomy":"product_tag","embeddable":true,"href":"https:\/\/antcube.shop\/cs\/wp-json\/wp\/v2\/product_tag?post=4687"}],"curies":[{"name":"wp","href":"https:\/\/api.w.org\/{rel}","templated":true}]}}